{"id":9912,"date":"2024-02-14T07:32:26","date_gmt":"2024-02-14T06:32:26","guid":{"rendered":"https:\/\/triptahiti.com\/celia-villarino\/"},"modified":"2024-02-14T07:37:08","modified_gmt":"2024-02-14T06:37:08","slug":"celia-villarino","status":"publish","type":"page","link":"https:\/\/triptahiti.com\/fr\/auteurs\/celia-villarino\/","title":{"rendered":"Celia Villarino"},"content":{"rendered":"<p><img loading=\"lazy\" decoding=\"async\" class=\"size-full wp-image-4464 alignleft\" src=\"https:\/\/triptahiti.com\/wp-content\/uploads\/2022\/12\/celia-villarino.png\" alt=\"\" width=\"150\" height=\"150\" srcset=\"https:\/\/triptahiti.com\/wp-content\/uploads\/2022\/12\/celia-villarino.png 150w, https:\/\/triptahiti.com\/wp-content\/uploads\/2022\/12\/celia-villarino-100x100.png 100w\" sizes=\"auto, (max-width: 150px) 100vw, 150px\" \/>Publicitaire et Relations Publiques. Marketing Digital et cr\u00e9ation d&rsquo;entreprises. Experte en communication et en d\u00e9veloppement de nouvelles affaires avec plus de 12 ans d&rsquo;exp\u00e9rience dans l&rsquo;\u00e9laboration de strat\u00e9gies pour des marques et des influenceurs. Passionn\u00e9e par les d\u00e9fis et l&rsquo;atteinte d&rsquo;objectifs.<\/p>\n","protected":false},"excerpt":{"rendered":"<p>Publicitaire et Relations Publiques. Marketing Digital et cr\u00e9ation d&rsquo;entreprises. Experte en communication et en d\u00e9veloppement de nouvelles affaires avec plus de 12 ans d&rsquo;exp\u00e9rience dans [&hellip;]<\/p>\n","protected":false},"author":3,"featured_media":0,"parent":9880,"menu_order":0,"comment_status":"closed","ping_status":"closed","template":"","meta":{"footnotes":""},"class_list":["post-9912","page","type-page","status-publish","hentry"],"yoast_head":"<!-- This site is optimized with the Yoast SEO plugin v23.0 - https:\/\/yoast.com\/wordpress\/plugins\/seo\/ -->\n<title>Celia Villarino - Triptahiti<\/title>\n<meta name=\"robots\" content=\"index, follow, max-snippet:-1, max-image-preview:large, max-video-preview:-1\" \/>\n<link rel=\"canonical\" href=\"https:\/\/triptahiti.com\/fr\/auteurs\/celia-villarino\/\" \/>\n<meta property=\"og:locale\" content=\"fr_FR\" \/>\n<meta property=\"og:type\" content=\"article\" \/>\n<meta property=\"og:title\" content=\"Celia Villarino - Triptahiti\" \/>\n<meta property=\"og:description\" content=\"Publicitaire et Relations Publiques. Marketing Digital et cr\u00e9ation d&rsquo;entreprises. Experte en communication et en d\u00e9veloppement de nouvelles affaires avec plus de 12 ans d&rsquo;exp\u00e9rience dans [&hellip;]\" \/>\n<meta property=\"og:url\" content=\"https:\/\/triptahiti.com\/fr\/auteurs\/celia-villarino\/\" \/>\n<meta property=\"og:site_name\" content=\"Triptahiti\" \/>\n<meta property=\"article:modified_time\" content=\"2024-02-14T06:37:08+00:00\" \/>\n<meta property=\"og:image\" content=\"https:\/\/triptahiti.com\/wp-content\/uploads\/2022\/12\/celia-villarino.png\" \/>\n<meta name=\"twitter:card\" content=\"summary_large_image\" \/>\n<meta name=\"twitter:label1\" content=\"Dur\u00e9e de lecture estim\u00e9e\" \/>\n\t<meta name=\"twitter:data1\" content=\"1 minute\" \/>\n<script type=\"application\/ld+json\" class=\"yoast-schema-graph\">{\"@context\":\"https:\/\/schema.org\",\"@graph\":[{\"@type\":\"WebPage\",\"@id\":\"https:\/\/triptahiti.com\/fr\/auteurs\/celia-villarino\/\",\"url\":\"https:\/\/triptahiti.com\/fr\/auteurs\/celia-villarino\/\",\"name\":\"Celia Villarino - Triptahiti\",\"isPartOf\":{\"@id\":\"https:\/\/triptahiti.com\/fr\/#website\"},\"primaryImageOfPage\":{\"@id\":\"https:\/\/triptahiti.com\/fr\/auteurs\/celia-villarino\/#primaryimage\"},\"image\":{\"@id\":\"https:\/\/triptahiti.com\/fr\/auteurs\/celia-villarino\/#primaryimage\"},\"thumbnailUrl\":\"https:\/\/triptahiti.com\/wp-content\/uploads\/2022\/12\/celia-villarino.png\",\"datePublished\":\"2024-02-14T06:32:26+00:00\",\"dateModified\":\"2024-02-14T06:37:08+00:00\",\"breadcrumb\":{\"@id\":\"https:\/\/triptahiti.com\/fr\/auteurs\/celia-villarino\/#breadcrumb\"},\"inLanguage\":\"fr-FR\",\"potentialAction\":[{\"@type\":\"ReadAction\",\"target\":[\"https:\/\/triptahiti.com\/fr\/auteurs\/celia-villarino\/\"]}]},{\"@type\":\"ImageObject\",\"inLanguage\":\"fr-FR\",\"@id\":\"https:\/\/triptahiti.com\/fr\/auteurs\/celia-villarino\/#primaryimage\",\"url\":\"https:\/\/triptahiti.com\/wp-content\/uploads\/2022\/12\/celia-villarino.png\",\"contentUrl\":\"https:\/\/triptahiti.com\/wp-content\/uploads\/2022\/12\/celia-villarino.png\"},{\"@type\":\"BreadcrumbList\",\"@id\":\"https:\/\/triptahiti.com\/fr\/auteurs\/celia-villarino\/#breadcrumb\",\"itemListElement\":[{\"@type\":\"ListItem\",\"position\":1,\"name\":\"Tahiti\",\"item\":\"https:\/\/triptahiti.com\/fr\/\"},{\"@type\":\"ListItem\",\"position\":2,\"name\":\"Celia Villarino\"}]},{\"@type\":\"WebSite\",\"@id\":\"https:\/\/triptahiti.com\/fr\/#website\",\"url\":\"https:\/\/triptahiti.com\/fr\/\",\"name\":\"Triptahiti\",\"description\":\"\",\"inLanguage\":\"fr-FR\"}]}<\/script>\n<!-- \/ Yoast SEO plugin. -->","yoast_head_json":{"title":"Celia Villarino - Triptahiti","robots":{"index":"index","follow":"follow","max-snippet":"max-snippet:-1","max-image-preview":"max-image-preview:large","max-video-preview":"max-video-preview:-1"},"canonical":"https:\/\/triptahiti.com\/fr\/auteurs\/celia-villarino\/","og_locale":"fr_FR","og_type":"article","og_title":"Celia Villarino - Triptahiti","og_description":"Publicitaire et Relations Publiques. Marketing Digital et cr\u00e9ation d&rsquo;entreprises. Experte en communication et en d\u00e9veloppement de nouvelles affaires avec plus de 12 ans d&rsquo;exp\u00e9rience dans [&hellip;]","og_url":"https:\/\/triptahiti.com\/fr\/auteurs\/celia-villarino\/","og_site_name":"Triptahiti","article_modified_time":"2024-02-14T06:37:08+00:00","og_image":[{"url":"https:\/\/triptahiti.com\/wp-content\/uploads\/2022\/12\/celia-villarino.png"}],"twitter_card":"summary_large_image","twitter_misc":{"Dur\u00e9e de lecture estim\u00e9e":"1 minute"},"schema":{"@context":"https:\/\/schema.org","@graph":[{"@type":"WebPage","@id":"https:\/\/triptahiti.com\/fr\/auteurs\/celia-villarino\/","url":"https:\/\/triptahiti.com\/fr\/auteurs\/celia-villarino\/","name":"Celia Villarino - Triptahiti","isPartOf":{"@id":"https:\/\/triptahiti.com\/fr\/#website"},"primaryImageOfPage":{"@id":"https:\/\/triptahiti.com\/fr\/auteurs\/celia-villarino\/#primaryimage"},"image":{"@id":"https:\/\/triptahiti.com\/fr\/auteurs\/celia-villarino\/#primaryimage"},"thumbnailUrl":"https:\/\/triptahiti.com\/wp-content\/uploads\/2022\/12\/celia-villarino.png","datePublished":"2024-02-14T06:32:26+00:00","dateModified":"2024-02-14T06:37:08+00:00","breadcrumb":{"@id":"https:\/\/triptahiti.com\/fr\/auteurs\/celia-villarino\/#breadcrumb"},"inLanguage":"fr-FR","potentialAction":[{"@type":"ReadAction","target":["https:\/\/triptahiti.com\/fr\/auteurs\/celia-villarino\/"]}]},{"@type":"ImageObject","inLanguage":"fr-FR","@id":"https:\/\/triptahiti.com\/fr\/auteurs\/celia-villarino\/#primaryimage","url":"https:\/\/triptahiti.com\/wp-content\/uploads\/2022\/12\/celia-villarino.png","contentUrl":"https:\/\/triptahiti.com\/wp-content\/uploads\/2022\/12\/celia-villarino.png"},{"@type":"BreadcrumbList","@id":"https:\/\/triptahiti.com\/fr\/auteurs\/celia-villarino\/#breadcrumb","itemListElement":[{"@type":"ListItem","position":1,"name":"Tahiti","item":"https:\/\/triptahiti.com\/fr\/"},{"@type":"ListItem","position":2,"name":"Celia Villarino"}]},{"@type":"WebSite","@id":"https:\/\/triptahiti.com\/fr\/#website","url":"https:\/\/triptahiti.com\/fr\/","name":"Triptahiti","description":"","inLanguage":"fr-FR"}]}},"_links":{"self":[{"href":"https:\/\/triptahiti.com\/fr\/wp-json\/wp\/v2\/pages\/9912","targetHints":{"allow":["GET"]}}],"collection":[{"href":"https:\/\/triptahiti.com\/fr\/wp-json\/wp\/v2\/pages"}],"about":[{"href":"https:\/\/triptahiti.com\/fr\/wp-json\/wp\/v2\/types\/page"}],"author":[{"embeddable":true,"href":"https:\/\/triptahiti.com\/fr\/wp-json\/wp\/v2\/users\/3"}],"replies":[{"embeddable":true,"href":"https:\/\/triptahiti.com\/fr\/wp-json\/wp\/v2\/comments?post=9912"}],"version-history":[{"count":1,"href":"https:\/\/triptahiti.com\/fr\/wp-json\/wp\/v2\/pages\/9912\/revisions"}],"predecessor-version":[{"id":9913,"href":"https:\/\/triptahiti.com\/fr\/wp-json\/wp\/v2\/pages\/9912\/revisions\/9913"}],"up":[{"embeddable":true,"href":"https:\/\/triptahiti.com\/fr\/wp-json\/wp\/v2\/pages\/9880"}],"wp:attachment":[{"href":"https:\/\/triptahiti.com\/fr\/wp-json\/wp\/v2\/media?parent=9912"}],"curies":[{"name":"wp","href":"https:\/\/api.w.org\/{rel}","templated":true}]}}