{"id":9891,"date":"2023-02-03T10:12:24","date_gmt":"2023-02-03T09:12:24","guid":{"rendered":"https:\/\/triptahiti.com\/terminos-de-uso\/"},"modified":"2024-07-05T07:29:29","modified_gmt":"2024-07-05T06:29:29","slug":"conditions-generales","status":"publish","type":"page","link":"https:\/\/triptahiti.com\/fr\/conditions-generales\/","title":{"rendered":"Conditions Generales"},"content":{"rendered":"<p>Donn\u00e9es Identificatives : Le propri\u00e9taire du site Web destinopolinesia.com, et de tous les sous-domaines et r\u00e9pertoires inclus (ci-apr\u00e8s collectivement appel\u00e9s le \u00ab\u00a0Site Web\u00a0\u00bb) est CR\u00c1NEO PRIVILEGIADO S.L., avec son si\u00e8ge social au C\/ Copenhague 15, 28822, Coslada, Madrid, Espagne, d\u00fbment inscrit au Registre du Commerce de Madrid au Tome 31.989, Livre : 0, Folio 14, Section 8, Feuille : M- 575.635 avec C.I.F. : B86930716. Ci-apr\u00e8s TRIPTAHITI.<br \/>\nVous pouvez contacter directement et efficacement TRIPTAHITI \u00e0 l&rsquo;adresse email : <a href=\"mailto:info@triptahiti.com\">info@triptahiti.com<\/a>.<\/p>\n<p>Utilisation du Site Web :<br \/>\n2.1. Acc\u00e8s : En acc\u00e9dant au Site Web, vous d\u00e9clarez \u00eatre majeur et avoir la capacit\u00e9 juridique suffisante pour vous lier aux termes et conditions que nous mettons \u00e0 votre disposition, et que vous le faites sous votre seule et exclusive responsabilit\u00e9. Si vous n&rsquo;\u00eates pas d&rsquo;accord avec le contenu de ces termes d&rsquo;utilisation, vous devez quitter le Site Web.<\/p>\n<p>L&rsquo;acc\u00e8s au Site Web est totalement libre et gratuit et \u00e0 travers ses diff\u00e9rentes sections, nous vous fournissons une multitude de contenus sur les voyages, l&rsquo;h\u00e9bergement, les services de restauration, les services, etc.<\/p>\n<p>Le Site Web affichera de la publicit\u00e9 en vertu des contrats que nous avons sign\u00e9s avec les annonceurs ou avec des plateformes d&rsquo;affiliation.<\/p>\n<p>2.2. Formulaire de contact : Si vous le souhaitez, vous pouvez nous contacter via le formulaire de contact pr\u00e9vu \u00e0 cet effet, en fournissant votre nom, email, un num\u00e9ro de t\u00e9l\u00e9phone et en indiquant le motif de votre demande, apr\u00e8s avoir lu et, le cas \u00e9ch\u00e9ant, accept\u00e9 notre Politique de Confidentialit\u00e9.<\/p>\n<p>2.3. Commentaires sur les articles : Si vous le souhaitez, vous pouvez laisser un commentaire sur l&rsquo;un des articles publi\u00e9s sur le Site Web. \u00c0 cette fin, vous devrez remplir le formulaire pr\u00e9vu \u00e0 cet effet en fournissant votre nom et votre email, apr\u00e8s avoir lu et, le cas \u00e9ch\u00e9ant, accept\u00e9 notre Politique de Confidentialit\u00e9.<\/p>\n<p>2.4. Marketing d&rsquo;affiliation : TRIPTAHITI effectue \u00e9galement du marketing d&rsquo;affiliation, mettant \u00e0 disposition des entreprises annonceuses ou des plateformes d&rsquo;affiliation, qui contractent les services de TRIPTAHITI, des espaces commerciaux sur le Site Web pour la g\u00e9n\u00e9ration de revenus, en fonction des r\u00e9sultats obtenus en g\u00e9n\u00e9rant du trafic vers les pages de produit (g\u00e9n\u00e9ralement des pages sp\u00e9cifiques de promotions ou d&rsquo;offres appel\u00e9es pages de destination ou \u00ab\u00a0landing pages\u00a0\u00bb) con\u00e7ues par les annonceurs et appartenant \u00e0 ces derniers et sur lesquelles TRIPTAHITI n&rsquo;a aucun contr\u00f4le.<\/p>\n<p>En particulier, TRIPTAHITI participe au programme d&rsquo;associ\u00e9s d&rsquo;Amazon Services, LLC, un programme de publicit\u00e9 d&rsquo;affiliation con\u00e7u pour fournir un moyen pour les sites Web de gagner des commissions en publicisant et en liant \u00e0 amazon.com, amazon.co.uk, amazon.ca, amazon.es, amazon.fr, amazon.de, amazon.it, etc.<\/p>\n<p>Il est \u00e0 noter que sur le Web, des liens redirigeant vers ces entreprises annonceuses (comme Amazon) sont mis en place et que, en cliquant sur ces liens, le site Web de l&rsquo;annonceur installe sur le dispositif de l&rsquo;utilisateur un cookie ou fichier qui stocke et\/ou r\u00e9cup\u00e8re des informations, dans le but de se souvenir que l&rsquo;utilisateur a acc\u00e9d\u00e9 au site Web de l&rsquo;annonceur via l&rsquo;un des liens qualifi\u00e9s de notre site Web, afin de pouvoir calculer la r\u00e9mun\u00e9ration de l&rsquo;affili\u00e9 en fonction de l&rsquo;action r\u00e9alis\u00e9e par l&rsquo;utilisateur.<\/p>\n<p>2.5. Utilisation appropri\u00e9e du Site Web : En acc\u00e9dant et utilisant le Site Web, vous vous engagez \u00e0 tout moment \u00e0 faire une utilisation appropri\u00e9e des ressources que nous mettons \u00e0 votre disposition, conform\u00e9ment aux pr\u00e9sents termes d&rsquo;utilisation et en respectant \u00e0 tout moment la morale, l&rsquo;ordre public, les bonnes m\u0153urs et la l\u00e9galit\u00e9 en vigueur, sans causer de pr\u00e9judice \u00e0 TRIPTAHITI, ni \u00e0 aucun tiers, vous vous engagez donc \u00e0 :<\/p>\n<p>a) ne pas utiliser ces ressources pour se livrer \u00e0 des activit\u00e9s illicites, contraires \u00e0 la bonne foi ou \u00e0 l&rsquo;ordre publicb) ne pas provoquer de dommages aux syst\u00e8mes physiques et logiques de TRIPTAHITI, de ses fournisseurs ou de tiers<br \/>\nc) ne pas introduire ou diffuser de virus informatiques ou tout autre syst\u00e8me physique ou logique susceptible de causer des dommages \u00e0 TRIPTAHITI ou \u00e0 des tiers.<\/p>\n<p>2.6. Participation de l&rsquo;utilisateur : Dans le cas o\u00f9 n&rsquo;importe laquelle des pages du Site Web permettrait votre participation, par la r\u00e9alisation de commentaires ou la g\u00e9n\u00e9ration de contenus, il est absolument interdit de diffuser des contenus ou de la propagande de caract\u00e8re illicite, raciste, x\u00e9nophobe, faisant l&rsquo;apologie du terrorisme, attentatoire aux droits de l&rsquo;homme, ou incitant \u00e0 la haine, violant la dignit\u00e9 de la personne, ou \u00e9tant de nature injurieuse, diffamatoire ou contre l&rsquo;ordre ou la s\u00e9curit\u00e9 publique.<\/p>\n<p>TRIPTAHITI se r\u00e9serve le droit de retirer tous les commentaires et\/ou contenus qui enfreignent ce qui pr\u00e9c\u00e8de ou qui ne seraient pas appropri\u00e9s pour leur publication sur le Site Web.<\/p>\n","protected":false},"excerpt":{"rendered":"<p>Donn\u00e9es Identificatives : Le propri\u00e9taire du site Web destinopolinesia.com, et de tous les sous-domaines et r\u00e9pertoires inclus (ci-apr\u00e8s collectivement appel\u00e9s le \u00ab\u00a0Site Web\u00a0\u00bb) est CR\u00c1NEO [&hellip;]<\/p>\n","protected":false},"author":5,"featured_media":0,"parent":0,"menu_order":0,"comment_status":"closed","ping_status":"closed","template":"","meta":{"footnotes":""},"class_list":["post-9891","page","type-page","status-publish","hentry"],"yoast_head":"<!-- This site is optimized with the Yoast SEO plugin v23.0 - https:\/\/yoast.com\/wordpress\/plugins\/seo\/ -->\n<title>Conditions Generales - Triptahiti<\/title>\n<meta name=\"robots\" content=\"index, follow, max-snippet:-1, max-image-preview:large, max-video-preview:-1\" \/>\n<link rel=\"canonical\" href=\"https:\/\/triptahiti.com\/fr\/conditions-generales\/\" \/>\n<meta property=\"og:locale\" content=\"fr_FR\" \/>\n<meta property=\"og:type\" content=\"article\" \/>\n<meta property=\"og:title\" content=\"Conditions Generales - Triptahiti\" \/>\n<meta property=\"og:description\" content=\"Donn\u00e9es Identificatives : Le propri\u00e9taire du site Web destinopolinesia.com, et de tous les sous-domaines et r\u00e9pertoires inclus (ci-apr\u00e8s collectivement appel\u00e9s le \u00ab\u00a0Site Web\u00a0\u00bb) est CR\u00c1NEO [&hellip;]\" \/>\n<meta property=\"og:url\" content=\"https:\/\/triptahiti.com\/fr\/conditions-generales\/\" \/>\n<meta property=\"og:site_name\" content=\"Triptahiti\" \/>\n<meta property=\"article:modified_time\" content=\"2024-07-05T06:29:29+00:00\" \/>\n<meta name=\"twitter:card\" content=\"summary_large_image\" \/>\n<meta name=\"twitter:label1\" content=\"Dur\u00e9e de lecture estim\u00e9e\" \/>\n\t<meta name=\"twitter:data1\" content=\"4 minutes\" \/>\n<script type=\"application\/ld+json\" class=\"yoast-schema-graph\">{\"@context\":\"https:\/\/schema.org\",\"@graph\":[{\"@type\":\"WebPage\",\"@id\":\"https:\/\/triptahiti.com\/fr\/conditions-generales\/\",\"url\":\"https:\/\/triptahiti.com\/fr\/conditions-generales\/\",\"name\":\"Conditions Generales - Triptahiti\",\"isPartOf\":{\"@id\":\"https:\/\/triptahiti.com\/fr\/#website\"},\"datePublished\":\"2023-02-03T09:12:24+00:00\",\"dateModified\":\"2024-07-05T06:29:29+00:00\",\"breadcrumb\":{\"@id\":\"https:\/\/triptahiti.com\/fr\/conditions-generales\/#breadcrumb\"},\"inLanguage\":\"fr-FR\",\"potentialAction\":[{\"@type\":\"ReadAction\",\"target\":[\"https:\/\/triptahiti.com\/fr\/conditions-generales\/\"]}]},{\"@type\":\"BreadcrumbList\",\"@id\":\"https:\/\/triptahiti.com\/fr\/conditions-generales\/#breadcrumb\",\"itemListElement\":[{\"@type\":\"ListItem\",\"position\":1,\"name\":\"Tahiti\",\"item\":\"https:\/\/triptahiti.com\/fr\/\"},{\"@type\":\"ListItem\",\"position\":2,\"name\":\"Conditions Generales\"}]},{\"@type\":\"WebSite\",\"@id\":\"https:\/\/triptahiti.com\/fr\/#website\",\"url\":\"https:\/\/triptahiti.com\/fr\/\",\"name\":\"Triptahiti\",\"description\":\"\",\"inLanguage\":\"fr-FR\"}]}<\/script>\n<!-- \/ Yoast SEO plugin. -->","yoast_head_json":{"title":"Conditions Generales - Triptahiti","robots":{"index":"index","follow":"follow","max-snippet":"max-snippet:-1","max-image-preview":"max-image-preview:large","max-video-preview":"max-video-preview:-1"},"canonical":"https:\/\/triptahiti.com\/fr\/conditions-generales\/","og_locale":"fr_FR","og_type":"article","og_title":"Conditions Generales - Triptahiti","og_description":"Donn\u00e9es Identificatives : Le propri\u00e9taire du site Web destinopolinesia.com, et de tous les sous-domaines et r\u00e9pertoires inclus (ci-apr\u00e8s collectivement appel\u00e9s le \u00ab\u00a0Site Web\u00a0\u00bb) est CR\u00c1NEO [&hellip;]","og_url":"https:\/\/triptahiti.com\/fr\/conditions-generales\/","og_site_name":"Triptahiti","article_modified_time":"2024-07-05T06:29:29+00:00","twitter_card":"summary_large_image","twitter_misc":{"Dur\u00e9e de lecture estim\u00e9e":"4 minutes"},"schema":{"@context":"https:\/\/schema.org","@graph":[{"@type":"WebPage","@id":"https:\/\/triptahiti.com\/fr\/conditions-generales\/","url":"https:\/\/triptahiti.com\/fr\/conditions-generales\/","name":"Conditions Generales - Triptahiti","isPartOf":{"@id":"https:\/\/triptahiti.com\/fr\/#website"},"datePublished":"2023-02-03T09:12:24+00:00","dateModified":"2024-07-05T06:29:29+00:00","breadcrumb":{"@id":"https:\/\/triptahiti.com\/fr\/conditions-generales\/#breadcrumb"},"inLanguage":"fr-FR","potentialAction":[{"@type":"ReadAction","target":["https:\/\/triptahiti.com\/fr\/conditions-generales\/"]}]},{"@type":"BreadcrumbList","@id":"https:\/\/triptahiti.com\/fr\/conditions-generales\/#breadcrumb","itemListElement":[{"@type":"ListItem","position":1,"name":"Tahiti","item":"https:\/\/triptahiti.com\/fr\/"},{"@type":"ListItem","position":2,"name":"Conditions Generales"}]},{"@type":"WebSite","@id":"https:\/\/triptahiti.com\/fr\/#website","url":"https:\/\/triptahiti.com\/fr\/","name":"Triptahiti","description":"","inLanguage":"fr-FR"}]}},"_links":{"self":[{"href":"https:\/\/triptahiti.com\/fr\/wp-json\/wp\/v2\/pages\/9891","targetHints":{"allow":["GET"]}}],"collection":[{"href":"https:\/\/triptahiti.com\/fr\/wp-json\/wp\/v2\/pages"}],"about":[{"href":"https:\/\/triptahiti.com\/fr\/wp-json\/wp\/v2\/types\/page"}],"author":[{"embeddable":true,"href":"https:\/\/triptahiti.com\/fr\/wp-json\/wp\/v2\/users\/5"}],"replies":[{"embeddable":true,"href":"https:\/\/triptahiti.com\/fr\/wp-json\/wp\/v2\/comments?post=9891"}],"version-history":[{"count":4,"href":"https:\/\/triptahiti.com\/fr\/wp-json\/wp\/v2\/pages\/9891\/revisions"}],"predecessor-version":[{"id":9970,"href":"https:\/\/triptahiti.com\/fr\/wp-json\/wp\/v2\/pages\/9891\/revisions\/9970"}],"wp:attachment":[{"href":"https:\/\/triptahiti.com\/fr\/wp-json\/wp\/v2\/media?parent=9891"}],"curies":[{"name":"wp","href":"https:\/\/api.w.org\/{rel}","templated":true}]}}