{"id":9883,"date":"2018-11-05T15:10:28","date_gmt":"2018-11-05T14:10:28","guid":{"rendered":"https:\/\/triptahiti.com\/contacto-quienes-somos\/"},"modified":"2024-02-14T09:38:30","modified_gmt":"2024-02-14T08:38:30","slug":"contact-et-qui-nous-sommes","status":"publish","type":"page","link":"https:\/\/triptahiti.com\/fr\/contact-et-qui-nous-sommes\/","title":{"rendered":"Contact et qui nous sommes"},"content":{"rendered":"<p>Nous sommes Celia et C\u00e9sar, deux esprits inquiets, avec un d\u00e9sir de cr\u00e9ation et amateurs de la vie. Pr\u00e9curseurs du \u00ab\u00a0fais-le\u00a0\u00bb, car il y a toujours du temps pour apprendre et le regret de ne pas l&rsquo;avoir fait te l&rsquo;enl\u00e8ve. Passionn\u00e9s par le spectacle de la vie o\u00f9 la r\u00e9p\u00e9tition n&rsquo;a pas sa place et il faut improviser. Et bien s\u00fbr, grands amants de notre travail, parce que tout dans la vie n&rsquo;est pas frivole.<\/p>\n<h3>Notre travail ? Voici un petit extrait :<\/h3>\n<div><section class=\"ecode_sc_about_us\"><article><figure><img decoding=\"async\" src=\"https:\/\/triptahiti.com\/wp-content\/uploads\/2022\/12\/celia-villarino.png\" alt=\"Celia Villarino\"><\/figure><h3><a href=\"https:\/\/triptahiti.com\/fr\/auteurs\/celia-villarino\/\">Celia Villarino<\/a><\/h3><p>Publicitaire et Relations Publiques. Marketing Digital et cr\u00e9ation d'entreprises. Experte en communication et new business avec plus de 12 ans d'exp\u00e9rience d\u00e9veloppant des strat\u00e9gies pour des marques et des influenceurs. Passionn\u00e9e par les d\u00e9fis et la r\u00e9alisation d'objectifs.<\/p><\/article><article><figure><img decoding=\"async\" src=\"https:\/\/triptahiti.com\/wp-content\/uploads\/2022\/12\/cesar-aparicio.png\" alt=\"C\u00e9sar Aparicio\"><\/figure><h3><a href=\"https:\/\/triptahiti.com\/fr\/auteurs\/cesar-aparicio\/\">C\u00e9sar Aparicio<\/a><\/h3><p>\u00c9conomiste, D\u00e9veloppeur FullStack et MBA (Master of Business Administration). Expert en r\u00e9f\u00e9rencement avec plus de 10 ans d'exp\u00e9rience sur les march\u00e9s nationaux et internationaux. Entrepreneur n\u00e9 et fondateur de compagnies de marketing digital, ecommerce et intelligence artificielle.<\/p><\/article><\/section><\/div>\n<h2>Le projet : Triptahit\u00ed<\/h2>\n<p>Nous voulions cr\u00e9er un projet dans lequel nous pourrions partager tout le processus, depuis l&rsquo;id\u00e9e initiale, la collecte d&rsquo;informations, le d\u00e9veloppement, l&rsquo;enrichissement et l&rsquo;obtention de r\u00e9sultats. Apr\u00e8s r\u00e9flexion, nous avons conclu que la meilleure formule possible \u00e9tait de combiner nos deux passions (communes et compl\u00e9mentaires) : notre travail et voyager.<\/p>\n<p>Nous savons tous qu&rsquo;un voyage se vit trois fois : quand on le r\u00eave, quand on est sur place et quand on s&rsquo;en souvient. Ainsi, nous avons d\u00e9cid\u00e9 de connecter la raison et le c\u0153ur pour nous embarquer dans cette merveilleuse aventure.<\/p>\n<p>Triptahit\u00ed est le seul site web en espagnol exclusivement d\u00e9di\u00e9 \u00e0 la Polyn\u00e9sie Fran\u00e7aise, dont les objectifs sont :<\/p>\n<ul>\n<li>Faire conna\u00eetre un grand paradis, inconnu de beaucoup.<\/li>\n<li>Mettre l&rsquo;accent sur le march\u00e9 espagnol (envisageant tout le public hispanophone d&rsquo;Am\u00e9rique Latine, d&rsquo;Espagne et des \u00c9tats-Unis) puisque l&rsquo;espagnol est la deuxi\u00e8me langue la plus parl\u00e9e au monde.<\/li>\n<li>Contribuer au d\u00e9veloppement des communaut\u00e9s locales de Polyn\u00e9sie Fran\u00e7aise et diffuser les politiques \u00e9tablies dans le Livre Bleu pour favoriser l&rsquo;augmentation du tourisme de qualit\u00e9.<\/li>\n<li>D\u00e9saisonnaliser la destination en promouvant la culture des \u00ab\u00a0nomades num\u00e9riques\u00a0\u00bb pour valoriser la connectivit\u00e9 de la destination.<\/li>\n<\/ul>\n<h2>Contactez-nous<\/h2>\n<p>Si vous avez une suggestion ou souhaitez collaborer avec Triptahit\u00ed, contactez-nous.<\/p>\n","protected":false},"excerpt":{"rendered":"<p>Nous sommes Celia et C\u00e9sar, deux esprits inquiets, avec un d\u00e9sir de cr\u00e9ation et amateurs de la vie. Pr\u00e9curseurs du \u00ab\u00a0fais-le\u00a0\u00bb, car il y a [&hellip;]<\/p>\n","protected":false},"author":5,"featured_media":0,"parent":0,"menu_order":0,"comment_status":"closed","ping_status":"closed","template":"page-templates\/contact.php","meta":{"footnotes":""},"class_list":["post-9883","page","type-page","status-publish","hentry"],"yoast_head":"<!-- This site is optimized with the Yoast SEO plugin v23.0 - https:\/\/yoast.com\/wordpress\/plugins\/seo\/ -->\n<title>Contact et qui nous sommes - Triptahiti<\/title>\n<meta name=\"robots\" content=\"index, follow, max-snippet:-1, max-image-preview:large, max-video-preview:-1\" \/>\n<link rel=\"canonical\" href=\"https:\/\/triptahiti.com\/fr\/contact-et-qui-nous-sommes\/\" \/>\n<meta property=\"og:locale\" content=\"fr_FR\" \/>\n<meta property=\"og:type\" content=\"article\" \/>\n<meta property=\"og:title\" content=\"Contact et qui nous sommes - Triptahiti\" \/>\n<meta property=\"og:description\" content=\"Nous sommes Celia et C\u00e9sar, deux esprits inquiets, avec un d\u00e9sir de cr\u00e9ation et amateurs de la vie. Pr\u00e9curseurs du \u00ab\u00a0fais-le\u00a0\u00bb, car il y a [&hellip;]\" \/>\n<meta property=\"og:url\" content=\"https:\/\/triptahiti.com\/fr\/contact-et-qui-nous-sommes\/\" \/>\n<meta property=\"og:site_name\" content=\"Triptahiti\" \/>\n<meta property=\"article:modified_time\" content=\"2024-02-14T08:38:30+00:00\" \/>\n<meta name=\"twitter:card\" content=\"summary_large_image\" \/>\n<meta name=\"twitter:label1\" content=\"Dur\u00e9e de lecture estim\u00e9e\" \/>\n\t<meta name=\"twitter:data1\" content=\"2 minutes\" \/>\n<script type=\"application\/ld+json\" class=\"yoast-schema-graph\">{\"@context\":\"https:\/\/schema.org\",\"@graph\":[{\"@type\":\"WebPage\",\"@id\":\"https:\/\/triptahiti.com\/fr\/contact-et-qui-nous-sommes\/\",\"url\":\"https:\/\/triptahiti.com\/fr\/contact-et-qui-nous-sommes\/\",\"name\":\"Contact et qui nous sommes - Triptahiti\",\"isPartOf\":{\"@id\":\"https:\/\/triptahiti.com\/fr\/#website\"},\"datePublished\":\"2018-11-05T14:10:28+00:00\",\"dateModified\":\"2024-02-14T08:38:30+00:00\",\"breadcrumb\":{\"@id\":\"https:\/\/triptahiti.com\/fr\/contact-et-qui-nous-sommes\/#breadcrumb\"},\"inLanguage\":\"fr-FR\",\"potentialAction\":[{\"@type\":\"ReadAction\",\"target\":[\"https:\/\/triptahiti.com\/fr\/contact-et-qui-nous-sommes\/\"]}]},{\"@type\":\"BreadcrumbList\",\"@id\":\"https:\/\/triptahiti.com\/fr\/contact-et-qui-nous-sommes\/#breadcrumb\",\"itemListElement\":[{\"@type\":\"ListItem\",\"position\":1,\"name\":\"Tahiti\",\"item\":\"https:\/\/triptahiti.com\/fr\/\"},{\"@type\":\"ListItem\",\"position\":2,\"name\":\"Contact et qui nous sommes\"}]},{\"@type\":\"WebSite\",\"@id\":\"https:\/\/triptahiti.com\/fr\/#website\",\"url\":\"https:\/\/triptahiti.com\/fr\/\",\"name\":\"Triptahiti\",\"description\":\"\",\"inLanguage\":\"fr-FR\"}]}<\/script>\n<!-- \/ Yoast SEO plugin. -->","yoast_head_json":{"title":"Contact et qui nous sommes - Triptahiti","robots":{"index":"index","follow":"follow","max-snippet":"max-snippet:-1","max-image-preview":"max-image-preview:large","max-video-preview":"max-video-preview:-1"},"canonical":"https:\/\/triptahiti.com\/fr\/contact-et-qui-nous-sommes\/","og_locale":"fr_FR","og_type":"article","og_title":"Contact et qui nous sommes - Triptahiti","og_description":"Nous sommes Celia et C\u00e9sar, deux esprits inquiets, avec un d\u00e9sir de cr\u00e9ation et amateurs de la vie. Pr\u00e9curseurs du \u00ab\u00a0fais-le\u00a0\u00bb, car il y a [&hellip;]","og_url":"https:\/\/triptahiti.com\/fr\/contact-et-qui-nous-sommes\/","og_site_name":"Triptahiti","article_modified_time":"2024-02-14T08:38:30+00:00","twitter_card":"summary_large_image","twitter_misc":{"Dur\u00e9e de lecture estim\u00e9e":"2 minutes"},"schema":{"@context":"https:\/\/schema.org","@graph":[{"@type":"WebPage","@id":"https:\/\/triptahiti.com\/fr\/contact-et-qui-nous-sommes\/","url":"https:\/\/triptahiti.com\/fr\/contact-et-qui-nous-sommes\/","name":"Contact et qui nous sommes - Triptahiti","isPartOf":{"@id":"https:\/\/triptahiti.com\/fr\/#website"},"datePublished":"2018-11-05T14:10:28+00:00","dateModified":"2024-02-14T08:38:30+00:00","breadcrumb":{"@id":"https:\/\/triptahiti.com\/fr\/contact-et-qui-nous-sommes\/#breadcrumb"},"inLanguage":"fr-FR","potentialAction":[{"@type":"ReadAction","target":["https:\/\/triptahiti.com\/fr\/contact-et-qui-nous-sommes\/"]}]},{"@type":"BreadcrumbList","@id":"https:\/\/triptahiti.com\/fr\/contact-et-qui-nous-sommes\/#breadcrumb","itemListElement":[{"@type":"ListItem","position":1,"name":"Tahiti","item":"https:\/\/triptahiti.com\/fr\/"},{"@type":"ListItem","position":2,"name":"Contact et qui nous sommes"}]},{"@type":"WebSite","@id":"https:\/\/triptahiti.com\/fr\/#website","url":"https:\/\/triptahiti.com\/fr\/","name":"Triptahiti","description":"","inLanguage":"fr-FR"}]}},"_links":{"self":[{"href":"https:\/\/triptahiti.com\/fr\/wp-json\/wp\/v2\/pages\/9883","targetHints":{"allow":["GET"]}}],"collection":[{"href":"https:\/\/triptahiti.com\/fr\/wp-json\/wp\/v2\/pages"}],"about":[{"href":"https:\/\/triptahiti.com\/fr\/wp-json\/wp\/v2\/types\/page"}],"author":[{"embeddable":true,"href":"https:\/\/triptahiti.com\/fr\/wp-json\/wp\/v2\/users\/5"}],"replies":[{"embeddable":true,"href":"https:\/\/triptahiti.com\/fr\/wp-json\/wp\/v2\/comments?post=9883"}],"version-history":[{"count":6,"href":"https:\/\/triptahiti.com\/fr\/wp-json\/wp\/v2\/pages\/9883\/revisions"}],"predecessor-version":[{"id":9935,"href":"https:\/\/triptahiti.com\/fr\/wp-json\/wp\/v2\/pages\/9883\/revisions\/9935"}],"wp:attachment":[{"href":"https:\/\/triptahiti.com\/fr\/wp-json\/wp\/v2\/media?parent=9883"}],"curies":[{"name":"wp","href":"https:\/\/api.w.org\/{rel}","templated":true}]}}