{"id":9868,"date":"2022-06-08T06:18:01","date_gmt":"2022-06-08T05:18:01","guid":{"rendered":"https:\/\/triptahiti.com\/politica-de-privacidad\/"},"modified":"2024-02-27T11:51:41","modified_gmt":"2024-02-27T10:51:41","slug":"politique-de-confidentialite","status":"publish","type":"page","link":"https:\/\/triptahiti.com\/fr\/politique-de-confidentialite\/","title":{"rendered":"Politique de Confidentialite"},"content":{"rendered":"<p><strong>1.- Informations sur le responsable du traitement des donn\u00e9es personnelles :<\/strong><\/p>\n<p>Le responsable du traitement des donn\u00e9es recueillies est la soci\u00e9t\u00e9 CR\u00c1NEO PRIVILEGIADO S.L., domicili\u00e9e au C\/ Copenhague 15, 28822, Coslada, Madrid, Espagne, d\u00fbment inscrite au Registre du Commerce de Madrid, tome 31.989, livre : 0, feuillet 14, section 8, feuille : M- 575.635 avec le C.I.F. : B86930716. Ci-apr\u00e8s TRIPTAHITI.<\/p>\n<p>Vous pouvez contacter directement et efficacement TRIPTAHITI \u00e0 l&rsquo;adresse email : <a href=\"mailto:info@triptahiti.com\">info@triptahiti.com<\/a>.<\/p>\n<p><strong>2.- Finalit\u00e9 du traitement des donn\u00e9es personnelles :<\/strong><\/p>\n<p><strong>2.1. Cat\u00e9gorie des donn\u00e9es recueillies :<\/strong> Les donn\u00e9es personnelles recueillies sont des donn\u00e9es d&rsquo;identification qui en aucun cas sont consid\u00e9r\u00e9es comme des cat\u00e9gories sp\u00e9ciales de donn\u00e9es ou des donn\u00e9es relatives \u00e0 des condamnations et infractions p\u00e9nales.<\/p>\n<p><strong>2.2. Dans quel but traiterons-nous vos donn\u00e9es personnelles ?<\/strong> Chez TRIPTAHITI, nous traiterons les donn\u00e9es personnelles recueillies aux fins suivantes :<\/p>\n<ul>\n<li>a) Envoi d&rsquo;informations demand\u00e9es par l&rsquo;int\u00e9ress\u00e9.<\/li>\n<li>b) Publication des commentaires que vous faites sur les blogs de TRIPTAHITI et sur les r\u00e9seaux sociaux et interaction avec les fonctionnalit\u00e9s du Site Web.<\/li>\n<li>c) Envoi de bulletins (newsletters), ainsi que de communications commerciales de promotions et\/ou publicit\u00e9 des services et \u00e9v\u00e9nements de TRIPTAHITI par diff\u00e9rents moyens. Nous vous rappelons que vous avez le plein droit de vous opposer \u00e0 l&rsquo;envoi de communications commerciales \u00e0 tout moment, en envoyant un email \u00e0 l&rsquo;adresse <a href=\"mailto:info@triptahiti.com\">info@triptahiti.com<\/a><\/li>\n<\/ul>\n<p><strong>2.3. Pendant combien de temps conservons-nous les donn\u00e9es personnelles recueillies ?<\/strong> : Les donn\u00e9es personnelles fournies seront conserv\u00e9es tant qu&rsquo;il existe un int\u00e9r\u00eat mutuel \u00e0 maintenir la fin du traitement et pendant la dur\u00e9e pendant laquelle des responsabilit\u00e9s peuvent d\u00e9couler des services fournis \u00e0 l&rsquo;int\u00e9ress\u00e9, par exemple : 6 ans en ce qui concerne les livres de comptabilit\u00e9, factures, etc., selon l&rsquo;Art. 30 du Code de Commerce, 5 ans pour exercer des actions personnelles sans d\u00e9lai sp\u00e9cial (art. 1.964 Code Civil) ; 4 ans : Art. 66 et suivants de la Loi G\u00e9n\u00e9rale Tributaire (imp\u00f4ts, etc.).<\/p>\n<p>Lorsqu&rsquo;elles ne seront plus n\u00e9cessaires \u00e0 ces fins, elles seront supprim\u00e9es avec des mesures de s\u00e9curit\u00e9 ad\u00e9quates pour garantir la pseudonymisation des donn\u00e9es ou la destruction totale de celles-ci.<\/p>\n<p><strong>3.- L\u00e9gitimation :<\/strong> Le traitement de vos donn\u00e9es est r\u00e9alis\u00e9 sur la base juridique de la l\u00e9gitimation accord\u00e9e par votre demande d&rsquo;informations.<\/p>\n<p>Si vous ne nous fournissez pas vos donn\u00e9es ou le faites de mani\u00e8re erron\u00e9e ou incompl\u00e8te, nous ne pourrons pas r\u00e9pondre \u00e0 votre demande, rendant totalement impossible de vous fournir les informations demand\u00e9es ou de r\u00e9aliser la contractualisation des services.<\/p>\n<p>Le traitement de vos donn\u00e9es est \u00e9galement l\u00e9gitim\u00e9 par la base juridique du consentement libre, sp\u00e9cifique, sans \u00e9quivoque et inform\u00e9, en mettant \u00e0 votre disposition les informations sur le traitement conform\u00e9ment aux dispositions de la r\u00e9glementation applicable en mati\u00e8re de protection des donn\u00e9es et en articulant des m\u00e9canismes pour que, avant l&rsquo;acc\u00e8s \u00e0 vos donn\u00e9es, vous puissiez acc\u00e9der \u00e0 cette information et, en cas d&rsquo;accord, proc\u00e9der \u00e0 son acceptation par une action affirmative claire, comme par exemple le marquage d&rsquo;une case ou d&rsquo;une checkbox.<\/p>\n<p>Nous insistons sur le fait que vous pouvez retirer, \u00e0 tout moment, le consentement que vous avez accord\u00e9 initialement pour toute finalit\u00e9 sp\u00e9cifique, sans que cela affecte la lic\u00e9it\u00e9 du traitement bas\u00e9 sur le consentement pr\u00e9alable \u00e0 son retrait.<\/p>\n<p><strong>4.- Destinataires :<\/strong> Les donn\u00e9es ne seront communiqu\u00e9es \u00e0 aucun tiers ext\u00e9rieur \u00e0 TRIPTAHITI, sauf obligation l\u00e9gale ou si vous<\/p>\n<p>en \u00eates express\u00e9ment inform\u00e9.<\/p>\n<p>TRIPTAHITI a contract\u00e9 certains services avec des entreprises avec lesquelles elle a sign\u00e9 un contrat de Responsable de Traitement, conform\u00e9ment \u00e0 ce qui est \u00e9tabli dans la r\u00e9glementation applicable en mati\u00e8re de protection des donn\u00e9es, tous \u00e9tablis dans l&rsquo;Union Europ\u00e9enne.<\/p>\n<p><strong>5.- Droits :<\/strong> En tant que personne nous ayant fourni vos donn\u00e9es personnelles, vous avez pleinement le droit d&rsquo;obtenir confirmation que chez TRIPTAHITI nous traitons vos donn\u00e9es personnelles, et vous \u00eates sp\u00e9cifiquement habilit\u00e9 \u00e0 exercer les droits suivants que la r\u00e9glementation en mati\u00e8re de protection des donn\u00e9es vous reconna\u00eet, conform\u00e9ment aux dispositions de celle-ci :<\/p>\n<p>\u2013 Droit de r\u00e9voquer \u00e0 tout moment le consentement accord\u00e9.<\/p>\n<p>\u2013 Droit d&rsquo;ACC\u00c8S \u00e0 vos donn\u00e9es personnelles<\/p>\n<ul>\n<li>Droit de demander la RECTIFICATION des donn\u00e9es inexactes<\/li>\n<li>Droit de demander la SUPPRESSION de vos donn\u00e9es, lorsque, entre autres raisons, les donn\u00e9es ne sont plus n\u00e9cessaires aux fins pour lesquelles elles ont \u00e9t\u00e9 collect\u00e9es.<\/li>\n<li>Dans certaines circonstances, vous pourrez demander la LIMITATION DU TRAITEMENT de vos donn\u00e9es, dans ce cas, nous ne les conserverons que pour l&rsquo;exercice ou la d\u00e9fense de r\u00e9clamations.<\/li>\n<li>Dans certaines circonstances et pour des raisons li\u00e9es \u00e0 votre situation particuli\u00e8re, vous pourrez exercer votre droit d&rsquo;OPPOSITION au traitement de vos donn\u00e9es. Nous cesserons de traiter les donn\u00e9es, sauf pour des motifs l\u00e9gitimes imp\u00e9rieux, ou l&rsquo;exercice ou la d\u00e9fense de possibles r\u00e9clamations.<\/li>\n<li>Dans certaines circonstances et pour des raisons li\u00e9es \u00e0 votre situation particuli\u00e8re, vous pourrez demander votre droit \u00e0 la PORTABILIT\u00c9 des donn\u00e9es. Il s&rsquo;agit d&rsquo;un droit compl\u00e9mentaire au droit d&rsquo;acc\u00e8s, car il permet d&rsquo;obtenir les donn\u00e9es que vous avez fournies \u00e0 TRIPTAHITI dans un format structur\u00e9, d&rsquo;usage courant et de lecture m\u00e9canique, et de les transmettre directement \u00e0 une autre entit\u00e9 \u00e0 votre demande.<\/li>\n<\/ul>\n<p>Vous pourrez exercer ces droits en demandant par tout moyen laissant trace de son envoi et de sa r\u00e9ception, exprimant clairement votre volont\u00e9 en ce sens et accompagnant une copie de votre carte d&rsquo;identit\u00e9 et\/ou tout autre document prouvant votre identit\u00e9, en vous adressant \u00e0 l&rsquo;adresse email : <a href=\"mailto:info@triptahiti.com\">info@triptahiti.com<\/a> ou \u00e0 l&rsquo;adresse postale suivante :<\/p>\n<p>CR\u00c1NEO PRIVILEGIADO S.L.<\/p>\n<p>C\/ Copenhague 15<\/p>\n<p>28.822 \u2013 Coslada \u2013 Madrid- Espagne<\/p>\n<p>De plus, dans le cas o\u00f9 vous consid\u00e9rez qu&rsquo;un de vos droits a \u00e9t\u00e9 viol\u00e9, en tant que personne concern\u00e9e, vous \u00eates habilit\u00e9 \u00e0 pr\u00e9senter une r\u00e9clamation devant l&rsquo;Agence Espagnole de Protection des Donn\u00e9es (AEPD), situ\u00e9e C\/ Jorge Juan, 6, 28001-Madrid <a href=\"https:\/\/www.aepd.es\/es\">https:\/\/www.agpd.es\/<\/a> ou \u00e0 travers le si\u00e8ge \u00e9lectronique de l&rsquo;AEPD : <a href=\"https:\/\/sedeagpd.gob.es\/sede-electronica-web\/\">https:\/\/sedeagpd.gob.es\/sede-electronica-web\/<\/a>.<\/p>\n<ul>\n<li><strong>S\u00e9curit\u00e9 et mise \u00e0 jour de vos donn\u00e9es personnelles :<\/strong> Afin de sauvegarder la s\u00e9curit\u00e9 de vos donn\u00e9es personnelles, nous vous informons que toutes les mesures techniques et organisationnelles n\u00e9cessaires ont \u00e9t\u00e9 adopt\u00e9es pour garantir la s\u00e9curit\u00e9 des donn\u00e9es personnelles fournies. Tout cela pour \u00e9viter leur alt\u00e9ration, perte, et\/ou traitements ou acc\u00e8s non autoris\u00e9s, comme l&rsquo;exige la r\u00e9glementation, bien que la s\u00e9curit\u00e9 absolue n&rsquo;existe pas.<\/li>\n<\/ul>\n<p>Il est important que, afin que nous puissions maintenir vos donn\u00e9es personnelles \u00e0 jour, vous nous informiez toujours lorsqu&rsquo;il y a une modification de celles-ci.<\/p>\n<ul>\n<li><strong>Confidentialit\u00e9 :<\/strong> Nous vous informons \u00e9galement que vos donn\u00e9es seront trait\u00e9es avec le maximum de diligence et de confidentialit\u00e9 par tout le personnel intervenant \u00e0 n&rsquo;importe quelle phase du traitement. Nous ne c\u00e9derons ni communiquerons \u00e0 aucun tiersvos donn\u00e9es, sauf dans les cas l\u00e9galement pr\u00e9vus, ou \u00e0 moins que vous nous ayez express\u00e9ment autoris\u00e9 \u00e0 le faire.<\/li>\n<\/ul>\n","protected":false},"excerpt":{"rendered":"<p>1.- Informations sur le responsable du traitement des donn\u00e9es personnelles : Le responsable du traitement des donn\u00e9es recueillies est la soci\u00e9t\u00e9 CR\u00c1NEO PRIVILEGIADO S.L., domicili\u00e9e [&hellip;]<\/p>\n","protected":false},"author":5,"featured_media":0,"parent":0,"menu_order":0,"comment_status":"closed","ping_status":"open","template":"","meta":{"footnotes":""},"class_list":["post-9868","page","type-page","status-publish","hentry"],"yoast_head":"<!-- This site is optimized with the Yoast SEO plugin v23.0 - https:\/\/yoast.com\/wordpress\/plugins\/seo\/ -->\n<title>Politique de Confidentialite - Triptahiti<\/title>\n<meta name=\"robots\" content=\"index, follow, max-snippet:-1, max-image-preview:large, max-video-preview:-1\" \/>\n<link rel=\"canonical\" href=\"https:\/\/triptahiti.com\/fr\/politique-de-confidentialite\/\" \/>\n<meta property=\"og:locale\" content=\"fr_FR\" \/>\n<meta property=\"og:type\" content=\"article\" \/>\n<meta property=\"og:title\" content=\"Politique de Confidentialite - Triptahiti\" \/>\n<meta property=\"og:description\" content=\"1.- Informations sur le responsable du traitement des donn\u00e9es personnelles : Le responsable du traitement des donn\u00e9es recueillies est la soci\u00e9t\u00e9 CR\u00c1NEO PRIVILEGIADO S.L., domicili\u00e9e [&hellip;]\" \/>\n<meta property=\"og:url\" content=\"https:\/\/triptahiti.com\/fr\/politique-de-confidentialite\/\" \/>\n<meta property=\"og:site_name\" content=\"Triptahiti\" \/>\n<meta property=\"article:modified_time\" content=\"2024-02-27T10:51:41+00:00\" \/>\n<meta name=\"twitter:card\" content=\"summary_large_image\" \/>\n<meta name=\"twitter:label1\" content=\"Dur\u00e9e de lecture estim\u00e9e\" \/>\n\t<meta name=\"twitter:data1\" content=\"5 minutes\" \/>\n<script type=\"application\/ld+json\" class=\"yoast-schema-graph\">{\"@context\":\"https:\/\/schema.org\",\"@graph\":[{\"@type\":\"WebPage\",\"@id\":\"https:\/\/triptahiti.com\/fr\/politique-de-confidentialite\/\",\"url\":\"https:\/\/triptahiti.com\/fr\/politique-de-confidentialite\/\",\"name\":\"Politique de Confidentialite - Triptahiti\",\"isPartOf\":{\"@id\":\"https:\/\/triptahiti.com\/fr\/#website\"},\"datePublished\":\"2022-06-08T05:18:01+00:00\",\"dateModified\":\"2024-02-27T10:51:41+00:00\",\"breadcrumb\":{\"@id\":\"https:\/\/triptahiti.com\/fr\/politique-de-confidentialite\/#breadcrumb\"},\"inLanguage\":\"fr-FR\",\"potentialAction\":[{\"@type\":\"ReadAction\",\"target\":[\"https:\/\/triptahiti.com\/fr\/politique-de-confidentialite\/\"]}]},{\"@type\":\"BreadcrumbList\",\"@id\":\"https:\/\/triptahiti.com\/fr\/politique-de-confidentialite\/#breadcrumb\",\"itemListElement\":[{\"@type\":\"ListItem\",\"position\":1,\"name\":\"Tahiti\",\"item\":\"https:\/\/triptahiti.com\/fr\/\"},{\"@type\":\"ListItem\",\"position\":2,\"name\":\"Politique de Confidentialite\"}]},{\"@type\":\"WebSite\",\"@id\":\"https:\/\/triptahiti.com\/fr\/#website\",\"url\":\"https:\/\/triptahiti.com\/fr\/\",\"name\":\"Triptahiti\",\"description\":\"\",\"inLanguage\":\"fr-FR\"}]}<\/script>\n<!-- \/ Yoast SEO plugin. -->","yoast_head_json":{"title":"Politique de Confidentialite - Triptahiti","robots":{"index":"index","follow":"follow","max-snippet":"max-snippet:-1","max-image-preview":"max-image-preview:large","max-video-preview":"max-video-preview:-1"},"canonical":"https:\/\/triptahiti.com\/fr\/politique-de-confidentialite\/","og_locale":"fr_FR","og_type":"article","og_title":"Politique de Confidentialite - Triptahiti","og_description":"1.- Informations sur le responsable du traitement des donn\u00e9es personnelles : Le responsable du traitement des donn\u00e9es recueillies est la soci\u00e9t\u00e9 CR\u00c1NEO PRIVILEGIADO S.L., domicili\u00e9e [&hellip;]","og_url":"https:\/\/triptahiti.com\/fr\/politique-de-confidentialite\/","og_site_name":"Triptahiti","article_modified_time":"2024-02-27T10:51:41+00:00","twitter_card":"summary_large_image","twitter_misc":{"Dur\u00e9e de lecture estim\u00e9e":"5 minutes"},"schema":{"@context":"https:\/\/schema.org","@graph":[{"@type":"WebPage","@id":"https:\/\/triptahiti.com\/fr\/politique-de-confidentialite\/","url":"https:\/\/triptahiti.com\/fr\/politique-de-confidentialite\/","name":"Politique de Confidentialite - Triptahiti","isPartOf":{"@id":"https:\/\/triptahiti.com\/fr\/#website"},"datePublished":"2022-06-08T05:18:01+00:00","dateModified":"2024-02-27T10:51:41+00:00","breadcrumb":{"@id":"https:\/\/triptahiti.com\/fr\/politique-de-confidentialite\/#breadcrumb"},"inLanguage":"fr-FR","potentialAction":[{"@type":"ReadAction","target":["https:\/\/triptahiti.com\/fr\/politique-de-confidentialite\/"]}]},{"@type":"BreadcrumbList","@id":"https:\/\/triptahiti.com\/fr\/politique-de-confidentialite\/#breadcrumb","itemListElement":[{"@type":"ListItem","position":1,"name":"Tahiti","item":"https:\/\/triptahiti.com\/fr\/"},{"@type":"ListItem","position":2,"name":"Politique de Confidentialite"}]},{"@type":"WebSite","@id":"https:\/\/triptahiti.com\/fr\/#website","url":"https:\/\/triptahiti.com\/fr\/","name":"Triptahiti","description":"","inLanguage":"fr-FR"}]}},"_links":{"self":[{"href":"https:\/\/triptahiti.com\/fr\/wp-json\/wp\/v2\/pages\/9868","targetHints":{"allow":["GET"]}}],"collection":[{"href":"https:\/\/triptahiti.com\/fr\/wp-json\/wp\/v2\/pages"}],"about":[{"href":"https:\/\/triptahiti.com\/fr\/wp-json\/wp\/v2\/types\/page"}],"author":[{"embeddable":true,"href":"https:\/\/triptahiti.com\/fr\/wp-json\/wp\/v2\/users\/5"}],"replies":[{"embeddable":true,"href":"https:\/\/triptahiti.com\/fr\/wp-json\/wp\/v2\/comments?post=9868"}],"version-history":[{"count":7,"href":"https:\/\/triptahiti.com\/fr\/wp-json\/wp\/v2\/pages\/9868\/revisions"}],"predecessor-version":[{"id":9945,"href":"https:\/\/triptahiti.com\/fr\/wp-json\/wp\/v2\/pages\/9868\/revisions\/9945"}],"wp:attachment":[{"href":"https:\/\/triptahiti.com\/fr\/wp-json\/wp\/v2\/media?parent=9868"}],"curies":[{"name":"wp","href":"https:\/\/api.w.org\/{rel}","templated":true}]}}