{"id":9864,"date":"2023-02-03T09:55:24","date_gmt":"2023-02-03T08:55:24","guid":{"rendered":"https:\/\/triptahiti.com\/politica-de-cookies\/"},"modified":"2024-02-27T11:47:01","modified_gmt":"2024-02-27T10:47:01","slug":"gestion-des-cookies","status":"publish","type":"page","link":"https:\/\/triptahiti.com\/fr\/gestion-des-cookies\/","title":{"rendered":"Gestion des Cookies"},"content":{"rendered":"<p><strong>Identification du Responsable du Traitement<\/strong> : Le responsable du traitement des donn\u00e9es collect\u00e9es est la soci\u00e9t\u00e9 CR\u00c1NEO PRIVILEGIADO, S.L., domicili\u00e9e C\/ Copenhague 15, 28822, Coslada, Madrid, Espagne, d\u00fbment inscrite au Registre du Commerce de Madrid, Tome 31.989, Livre : 0, Feuille 14, Section 8, Feuille : M- 575.635, avec C.I.F. : B86930716. Ci-apr\u00e8s TRIPTAHITI.<\/p>\n<p>TRIPTAHITI est le titulaire du site Web destinopolinesia.com et de tous les sous-domaines et r\u00e9pertoires inclus dans celui-ci (ci-apr\u00e8s, conjointement d\u00e9nomm\u00e9s le Site Web).<\/p>\n<p>Vous pouvez contacter TRIPTAHITI, pour tout aspect li\u00e9 \u00e0 cette politique de cookies, \u00e0 l&rsquo;adresse email : <a href=\"mailto:info@triptahiti.com\">info@triptahiti.com<\/a><\/p>\n<p>&#8211; <strong>Qu&rsquo;est-ce que les cookies ?<\/strong> : Un cookie est un dispositif ou petit fichier que le serveur de ce site Web envoie au navigateur du terminal (ordinateur, smartphone, tablette, etc.) \u00e0 partir duquel vous vous connectez, dans le but de stocker des informations sur la navigation que vous effectuez depuis ce terminal, qui pourront, le cas \u00e9ch\u00e9ant, \u00eatre r\u00e9cup\u00e9r\u00e9es ult\u00e9rieurement.<\/p>\n<p><strong>2.1. Quels types de cookies existent ?<\/strong> : Il existe diff\u00e9rentes cat\u00e9gories de cookies, mais un m\u00eame cookie peut \u00eatre inclus dans plus d&rsquo;une cat\u00e9gorie :<\/p>\n<p><strong>2.1.1. Types de cookies selon l&rsquo;entit\u00e9 qui les g\u00e8re<\/strong> : Selon que l&rsquo;entit\u00e9 qui g\u00e8re l&rsquo;\u00e9quipement ou le domaine d&rsquo;o\u00f9 sont envoy\u00e9s les cookies et traite les donn\u00e9es obtenues, nous pouvons distinguer :<\/p>\n<p>\u2013 <strong>Cookies propres<\/strong> : Ce sont ceux qui sont envoy\u00e9s au terminal de l&rsquo;utilisateur depuis un \u00e9quipement ou un domaine g\u00e9r\u00e9 par le propri\u00e9taire\/\u00e9diteur du site Web et \u00e0 partir duquel le service demand\u00e9 par l&rsquo;utilisateur est fourni.<\/p>\n<p>\u2013 <strong>Cookies tiers<\/strong> : Ce sont ceux qui sont envoy\u00e9s au terminal de l&rsquo;utilisateur depuis un \u00e9quipement ou un domaine qui n&rsquo;est pas g\u00e9r\u00e9 par le propri\u00e9taire\/\u00e9diteur du site Web, mais par une autre entit\u00e9 qui traite les donn\u00e9es obtenues \u00e0 travers les cookies.<\/p>\n<p>Dans le cas o\u00f9 les cookies sont install\u00e9s depuis un \u00e9quipement ou un domaine g\u00e9r\u00e9 par le propre propri\u00e9taire\/\u00e9diteur du site Web mais que l&rsquo;information collect\u00e9e par ces cookies est g\u00e9r\u00e9e par un tiers, ils ne peuvent pas \u00eatre consid\u00e9r\u00e9s comme des cookies propres.<\/p>\n<p><strong>2.1.2. Types de cookies selon la dur\u00e9e pendant laquelle ils restent activ\u00e9s<\/strong> :<\/p>\n<p>\u2013 <strong>Cookies de session<\/strong> : Il s&rsquo;agit d&rsquo;un type de cookies con\u00e7us pour recueillir et stocker des donn\u00e9es tandis que l&rsquo;utilisateur acc\u00e8de \u00e0 une page web. Ils sont habituellement utilis\u00e9s pour stocker des informations qui n&rsquo;int\u00e9ressent que pour la prestation du service demand\u00e9 par l&rsquo;utilisateur lors d&rsquo;une seule occasion.<\/p>\n<p>\u2013 <strong>Cookies persistants<\/strong> : Il s&rsquo;agit d&rsquo;un type de cookies dans lesquels les donn\u00e9es restent stock\u00e9es dans le terminal et peuvent \u00eatre acc\u00e9d\u00e9es et trait\u00e9es pendant une p\u00e9riode d\u00e9finie par le responsable du cookie, et qui peut aller de quelques minutes \u00e0 plusieurs ann\u00e9es.<\/p>\n<p><strong>2.1.3. Type de cookies selon leur finalit\u00e9<\/strong> : Selon la finalit\u00e9 pour laquelle les donn\u00e9es obtenues \u00e0 travers les cookies sont trait\u00e9es, nous pouvons distinguer entre :<\/p>\n<p>\u2013 <strong>Cookies techniques<\/strong> : Ce sont ceux qui permettent \u00e0 l&rsquo;utilisateur la navigation \u00e0 travers une page web, plate-forme ou application et l&rsquo;utilisation des diff\u00e9rentes options ou services qui y existent comme, par exemple, contr\u00f4ler le trafic et la communication de donn\u00e9es, identifier la session, acc\u00e9der \u00e0 des parties d&rsquo;acc\u00e8s restreint, se souvenir des \u00e9l\u00e9ments qui composent une commande, r\u00e9aliser le processus d&rsquo;achat d&rsquo;une commande, r\u00e9aliser la demande d&rsquo;inscription ou de participation \u00e0 un \u00e9v\u00e9nement, utiliser des \u00e9l\u00e9ments de s\u00e9curit\u00e9 pendant la navigation, stocker des contenus pour la diffusion de vid\u00e9os ou de son ou partager des contenus \u00e0 travers des r\u00e9seaux sociaux.<\/p>\n<p>\u2013 <strong>Cookies de personnalisation<\/strong> : Ce sont ceux qui permettent \u00e0 l&rsquo;utilisateur d&rsquo;acc\u00e9der au service avec<\/p>\n<p>certaines caract\u00e9ristiques de caract\u00e8re g\u00e9n\u00e9ral pr\u00e9d\u00e9finies en fonction d&rsquo;une s\u00e9rie de crit\u00e8res dans le terminal de l&rsquo;utilisateur comme par exemple seraient la langue, le type de navigateur \u00e0 travers lequel l&rsquo;utilisateur acc\u00e8de au service, la configuration r\u00e9gionale d&rsquo;o\u00f9 l&rsquo;utilisateur acc\u00e8de au service, etc.<\/p>\n<p>\u2013 <strong>Cookies d&rsquo;analyse<\/strong> : Ce sont ceux qui permettent au responsable de ceux-ci, le suivi et l&rsquo;analyse du comportement des utilisateurs des sites web auxquels ils sont li\u00e9s. L&rsquo;information recueillie par ce type de cookies est utilis\u00e9e dans la mesure de l&rsquo;activit\u00e9 des sites web, application ou plate-forme et pour l&rsquo;\u00e9laboration de profils de navigation des utilisateurs de ces sites, applications et plateformes, afin d&rsquo;introduire des am\u00e9liorations en fonction de l&rsquo;analyse des donn\u00e9es d&rsquo;usage faites par les utilisateurs du service.<\/p>\n<p>\u2013 <strong>Cookies publicitaires<\/strong> : Ce sont ceux qui permettent la gestion, de la fa\u00e7on la plus efficace possible, des espaces publicitaires que, le cas \u00e9ch\u00e9ant, l&rsquo;\u00e9diteur a inclus dans une page web, application ou plate-forme \u00e0 partir de laquelle il fournit le service demand\u00e9 bas\u00e9 sur des crit\u00e8res comme le contenu \u00e9dit\u00e9 ou la fr\u00e9quence \u00e0 laquelle les annonces sont affich\u00e9es.<\/p>\n<p>\u2013 <strong>Cookies de publicit\u00e9 comportementale<\/strong> : Ce sont ceux qui permettent la gestion, de la fa\u00e7on la plus efficace possible, des espaces publicitaires que, le cas \u00e9ch\u00e9ant, l&rsquo;\u00e9diteur a inclus dans une page web, application ou plate-forme \u00e0 partir de laquelle il fournit le service demand\u00e9. Ces cookies stockent des informations sur le comportement des utilisateurs obtenues \u00e0 travers l&rsquo;observation continue de leurs habitudes de navigation, ce qui permet de d\u00e9velopper un profil sp\u00e9cifique pour afficher de la publicit\u00e9 en fonction de celui-ci.<\/p>\n<p><strong>Cookies d&rsquo;affiliation<\/strong> : Dont la finalit\u00e9 est de d\u00e9tecter qu&rsquo;une visite sur un site web provient d&rsquo;un lien situ\u00e9 sur un autre site web, recevant le titulaire de ce dernier une compensation pour la redirection de l&rsquo;utilisateur.<\/p>\n<p>&nbsp;<\/p>\n<p><strong>Quels cookies utilisons-nous chez TRIPTAHITI ?<\/strong><br \/>\n<strong>3.1. Cookies propres :<\/strong><\/p>\n<p>\u2013 De session : N\u00e9cessaires pour le bon usage du site web, la navigation de mani\u00e8re ininterrompue en se rappelant des options de langue ou de pays. Ils sont utilis\u00e9s pour identifier la m\u00eame session temporaire d&rsquo;un utilisateur ou session de navigation, mesurant ainsi, par exemple, la fr\u00e9quence.<\/p>\n<p>\u2013 Techniques : Ils stockent des informations g\u00e9n\u00e9riques et anonymes qui n&rsquo;incluent pas de donn\u00e9es personnelles dont l&rsquo;objectif est de garantir le fonctionnement du web.<\/p>\n<p>\u2013 De registre : Ils sont cr\u00e9\u00e9s avec l&rsquo;enregistrement d&rsquo;un utilisateur (log-in). Ils sont utilis\u00e9s pour identifier l&rsquo;utilisateur une fois qu&rsquo;il s&rsquo;est authentifi\u00e9 dans le Site Web.<\/p>\n<p><strong>3.2. Cookies tiers :<\/strong><\/p>\n<p><strong>3.2.1. Cookies analytiques :<\/strong><\/p>\n<p>\u2013 De <strong>Google Analytics<\/strong> : Plus d&rsquo;informations :<\/p>\n<p><a href=\"https:\/\/policies.google.com\/privacy?hl=fr\">http:\/\/www.google.com\/intl\/fr\/policies\/privacy\/<\/a><\/p>\n<p>\u2013 De <strong>Google Tag Manager<\/strong> : Google Tag Manager est un syst\u00e8me de gestion de balises qui permet de mettre \u00e0 jour facilement et rapidement les balises et les morceaux de code d&rsquo;un site web ou de ses applications mobiles, comme ceux destin\u00e9s \u00e0 l&rsquo;analyse du trafic et \u00e0 l&rsquo;optimisation des campagnes marketing. Vous pouvez ajouter et mettre \u00e0 jour des balises personnalis\u00e9es, tierces ou d&rsquo;AdWords, Google Analytics, Firebase Analytics et Floodlight depuis l&rsquo;interface utilisateur de Tag Manager au lieu de modifier le code des sites web.<\/p>\n<p>Plus d&rsquo;informations :<\/p>\n<p><a href=\"https:\/\/support.google.com\/tagmanager\/answer\/6102821?hl=fr\">https:\/\/support.google.com\/tagmanager\/answer\/6102821?hl=fr<\/a><\/p>\n<p><a href=\"https:\/\/policies.google.com\/privacy\">https:\/\/www.google.com\/policies\/privacy\/<\/a><\/p>\n<p>De <strong>WordPress Stats<\/strong> : Plus d&rsquo;Informations :<br \/>\n<a href=\"https:\/\/wordpress.com\/support\/stats\/\">https:\/\/en.support.wordpress.com\/stats\/<\/a><br \/>\n<a href=\"https:\/\/automattic.com\/privacy\/\">https:\/\/automattic.com\/privacy\/<\/a><\/p>\n<p>L&rsquo;analyse web ne permet pas d&rsquo;obten<\/p>\n<p>ir des informations sur le nom, les pr\u00e9noms ou l&rsquo;adresse de courriel ou postale de l&rsquo;utilisateur. L&rsquo;information obtenue est relative au nombre d&rsquo;utilisateurs qui acc\u00e8dent au web, le nombre de pages vues, la fr\u00e9quence et r\u00e9p\u00e9tition des visites, leur dur\u00e9e, le navigateur utilis\u00e9, l&rsquo;op\u00e9rateur qui fournit le service, la langue, le terminal utilis\u00e9 ou la ville \u00e0 laquelle est assign\u00e9e l&rsquo;adresse IP.<\/p>\n<p><strong>3.2.2. Cookies publicitaires et de publicit\u00e9 comportementale :<\/strong><\/p>\n<p>\u2013 De <strong>DoubleClick Digital Marketing by Google<\/strong> : Cookies du serveur de publicit\u00e9s (Adserver) de DoubleClick qui sont utilis\u00e9s pour le suivi des conversions et l&rsquo;optimisation du trafic.<\/p>\n<p>Plus d&rsquo;informations : <a href=\"https:\/\/support.google.com\/faqs\/answer\/2727482?hl=fr\">https:\/\/support.google.com\/faqs\/answer\/2727482?hl=fr<\/a><\/p>\n<p>\u2013 De <strong>Google Dynamic Remarketing<\/strong>, Cookies de publicit\u00e9 comportementale (remarketing), par l&rsquo;outil offert par Google. \u00c0 travers le remarketing dynamique et l&rsquo;insertion des cookies correspondants dans le navigateur de l&rsquo;utilisateur, celui-ci pourra visualiser de la publicit\u00e9 li\u00e9e aux contenus visit\u00e9s sur le Web, m\u00eame lorsqu&rsquo;il ne navigue plus sur celui-ci.<\/p>\n<p>Plus d&rsquo;informations :<\/p>\n<p><a href=\"https:\/\/support.google.com\/google-ads\/topic\/3122874?hl=fr&amp;ref_topic=3121935\">https:\/\/support.google.com\/adwords\/topic\/3122874?hl=fr&amp;ref_topic=3121935<\/a><\/p>\n<p>\u2013 De <strong>Google AdWords Users Lists<\/strong>, Cookies analytiques et de publicit\u00e9 comportementale : Ils collectent des donn\u00e9es de navigation de mani\u00e8re anonyme pour conna\u00eetre les r\u00e9sultats des campagnes r\u00e9alis\u00e9es. Plus d&rsquo;informations ici :<\/p>\n<p><a href=\"https:\/\/policies.google.com\/technologies\/cookies\">https:\/\/www.google.com\/policies\/technologies\/cookies\/<\/a><\/p>\n<p>\u2013 De <strong>Twitter Advertising et Twitter Conversion Tracking<\/strong> : Plus d&rsquo;informations :<\/p>\n<p><a href=\"https:\/\/twitter.com\/privacy?lang=fr\">https:\/\/twitter.com\/privacy?lang=fr<\/a><\/p>\n<p>\u2013 De <strong>Facebook Custom Audience, Facebook Impressions et Pixel de Facebook<\/strong> : Ils servent \u00e0 diriger des annonces \u00e0 l&rsquo;utilisateur sur les produits ou services que l&rsquo;utilisateur a visit\u00e9s, achet\u00e9s et\/ou utilis\u00e9s sur une page sp\u00e9cifique du Web. De m\u00eame, ils permettent de limiter le nombre de fois qu&rsquo;une annonce est montr\u00e9e, de telle mani\u00e8re que l&rsquo;utilisateur ne voit pas la m\u00eame annonce encore et encore. Ces cookies sont \u00e9galement utilis\u00e9s pour mesurer la performance des campagnes publicitaires des entreprises qui utilisent les services de Facebook.<\/p>\n<p>Plus d&rsquo;informations : <a href=\"https:\/\/www.facebook.com\/privacy\/explanation\">https:\/\/www.facebook.com\/privacy\/explanation<\/a><\/p>\n<p><strong>3.2.3. Cookies de r\u00e9seaux sociaux externes<\/strong> : qui sont utilis\u00e9s pour que les visiteurs puissent interagir avec le contenu de diff\u00e9rentes plateformes sociales (Facebook, YouTube, Twitter, LinkedIn, Instagram, etc.) et qui sont g\u00e9n\u00e9r\u00e9s uniquement pour les utilisateurs de ces r\u00e9seaux sociaux. Les conditions d&rsquo;utilisation de ces cookies et les informations recueillies sont r\u00e9gul\u00e9es par la politique de confidentialit\u00e9 de la plateforme sociale correspondante.<\/p>\n<p>Plus d&rsquo;informations :<\/p>\n<p><a href=\"https:\/\/www.facebook.com\/help\/cookies\/\">https:\/\/www.facebook.com\/help\/cookies\/<\/a><\/p>\n<p><a href=\"https:\/\/www.google.com\/intl\/fr\/policies\/technologies\/types\/\">https:\/\/www.google.com\/intl\/fr\/policies\/technologies\/types\/<\/a><\/p>\n<p><a href=\"https:\/\/help.twitter.com\/fr\/rules-and-policies\/twitter-cookies\">https:\/\/help.twitter.com\/fr\/rules-and-policies\/twitter-cookies<\/a><\/p>\n<p><a href=\"https:\/\/www.instagram.com\/legal\/cookies\/\">https:\/\/www.instagram.com\/legal\/cookies\/<\/a><\/p>\n<p>&nbsp;<\/p>\n<p>Information sur comment bloquer les cookies, comment les d\u00e9sactiver et\/ou les bloquer : L&rsquo;utilisateur pourra &#8211; \u00e0 tout moment &#8211; g\u00e9rer l&rsquo;utilisation des cookies \u00e0 travers le navigateur install\u00e9 sur son terminal. Dans les liens suivants, vous pouvez trouver des informations sur quels cookies l&rsquo;utilisateur a install\u00e9s dans son navigateur, permettre leur installation, les bloquer ou les \u00e9liminer de son \u00e9quipement :<br \/>\nChrome, depuis :<\/p>\n<p><a href=\"https:\/\/support.google.com\/chrome\/answer\/95647?hl=fr\">https:\/\/support.google.com\/chrome\/<\/a><\/p>\n<p>answer\/95647?hl=fr<\/p>\n<p>Explorer, depuis :<\/p>\n<p><a href=\"https:\/\/support.microsoft.com\/fr-fr\/windows\/supprimer-et-g\u00e9rer-les-cookies-168dab11-0753-043d-7c16-ede5947fc64d\">https:\/\/support.microsoft.com\/fr-fr\/windows\/supprimer-et-g\u00e9rer-les-cookies-168dab11-0753-043d-7c16-ede5947fc64d<\/a><\/p>\n<p>Firefox, depuis :<\/p>\n<p><a href=\"https:\/\/support.mozilla.org\/fr\/kb\/activer-desactiver-cookies-preferences\">https:\/\/support.mozilla.org\/fr\/kb\/activer-desactiver-cookies-preferences<\/a><\/p>\n<p>Safari, depuis :<\/p>\n<p><a href=\"https:\/\/support.apple.com\/fr-fr\/guide\/safari\/sfri11471\/mac\">https:\/\/support.apple.com\/fr-fr\/guide\/safari\/sfri11471\/mac<\/a><\/p>\n<p>Opera, depuis : <a href=\"https:\/\/help.opera.com\/en\/latest\/web-preferences\/\">https:\/\/help.opera.com\/en\/latest\/web-preferences\/<\/a><\/p>\n<p>Il existe des outils tiers, disponibles en ligne, qui permettent aux utilisateurs de d\u00e9tecter les cookies sur chaque site web qu&rsquo;ils visitent et de g\u00e9rer leur d\u00e9sactivation, comme par exemple Ghostery (<a href=\"https:\/\/www.ghostery.com\/\">https:\/\/www.ghostery.com\/<\/a>).<\/p>\n<p>Les navigateurs web sont les outils charg\u00e9s de stocker les cookies et depuis cet endroit l&rsquo;utilisateur peut exercer son droit \u00e0 l&rsquo;\u00e9limination ou d\u00e9sactivation de ces derniers. Ni ce site web ni ses repr\u00e9sentants l\u00e9gaux ne peuvent garantir la manipulation correcte ou incorrecte des cookies par les navigateurs mentionn\u00e9s.<\/p>\n<p>Dans certains cas, il est n\u00e9cessaire d&rsquo;installer des cookies pour que le navigateur n&rsquo;oublie pas la d\u00e9cision de l&rsquo;utilisateur de ne pas accepter ces derniers.<\/p>\n","protected":false},"excerpt":{"rendered":"<p>Identification du Responsable du Traitement : Le responsable du traitement des donn\u00e9es collect\u00e9es est la soci\u00e9t\u00e9 CR\u00c1NEO PRIVILEGIADO, S.L., domicili\u00e9e C\/ Copenhague 15, 28822, Coslada, [&hellip;]<\/p>\n","protected":false},"author":3,"featured_media":0,"parent":0,"menu_order":0,"comment_status":"closed","ping_status":"closed","template":"","meta":{"footnotes":""},"class_list":["post-9864","page","type-page","status-publish","hentry"],"yoast_head":"<!-- This site is optimized with the Yoast SEO plugin v23.0 - https:\/\/yoast.com\/wordpress\/plugins\/seo\/ -->\n<title>Gestion des Cookies - Triptahiti<\/title>\n<meta name=\"robots\" content=\"index, follow, max-snippet:-1, max-image-preview:large, max-video-preview:-1\" \/>\n<link rel=\"canonical\" href=\"https:\/\/triptahiti.com\/fr\/gestion-des-cookies\/\" \/>\n<meta property=\"og:locale\" content=\"fr_FR\" \/>\n<meta property=\"og:type\" content=\"article\" \/>\n<meta property=\"og:title\" content=\"Gestion des Cookies - Triptahiti\" \/>\n<meta property=\"og:description\" content=\"Identification du Responsable du Traitement : Le responsable du traitement des donn\u00e9es collect\u00e9es est la soci\u00e9t\u00e9 CR\u00c1NEO PRIVILEGIADO, S.L., domicili\u00e9e C\/ Copenhague 15, 28822, Coslada, [&hellip;]\" \/>\n<meta property=\"og:url\" content=\"https:\/\/triptahiti.com\/fr\/gestion-des-cookies\/\" \/>\n<meta property=\"og:site_name\" content=\"Triptahiti\" \/>\n<meta property=\"article:modified_time\" content=\"2024-02-27T10:47:01+00:00\" \/>\n<meta name=\"twitter:card\" content=\"summary_large_image\" \/>\n<meta name=\"twitter:label1\" content=\"Dur\u00e9e de lecture estim\u00e9e\" \/>\n\t<meta name=\"twitter:data1\" content=\"8 minutes\" \/>\n<script type=\"application\/ld+json\" class=\"yoast-schema-graph\">{\"@context\":\"https:\/\/schema.org\",\"@graph\":[{\"@type\":\"WebPage\",\"@id\":\"https:\/\/triptahiti.com\/fr\/gestion-des-cookies\/\",\"url\":\"https:\/\/triptahiti.com\/fr\/gestion-des-cookies\/\",\"name\":\"Gestion des Cookies - Triptahiti\",\"isPartOf\":{\"@id\":\"https:\/\/triptahiti.com\/fr\/#website\"},\"datePublished\":\"2023-02-03T08:55:24+00:00\",\"dateModified\":\"2024-02-27T10:47:01+00:00\",\"breadcrumb\":{\"@id\":\"https:\/\/triptahiti.com\/fr\/gestion-des-cookies\/#breadcrumb\"},\"inLanguage\":\"fr-FR\",\"potentialAction\":[{\"@type\":\"ReadAction\",\"target\":[\"https:\/\/triptahiti.com\/fr\/gestion-des-cookies\/\"]}]},{\"@type\":\"BreadcrumbList\",\"@id\":\"https:\/\/triptahiti.com\/fr\/gestion-des-cookies\/#breadcrumb\",\"itemListElement\":[{\"@type\":\"ListItem\",\"position\":1,\"name\":\"Tahiti\",\"item\":\"https:\/\/triptahiti.com\/fr\/\"},{\"@type\":\"ListItem\",\"position\":2,\"name\":\"Gestion des Cookies\"}]},{\"@type\":\"WebSite\",\"@id\":\"https:\/\/triptahiti.com\/fr\/#website\",\"url\":\"https:\/\/triptahiti.com\/fr\/\",\"name\":\"Triptahiti\",\"description\":\"\",\"inLanguage\":\"fr-FR\"}]}<\/script>\n<!-- \/ Yoast SEO plugin. -->","yoast_head_json":{"title":"Gestion des Cookies - Triptahiti","robots":{"index":"index","follow":"follow","max-snippet":"max-snippet:-1","max-image-preview":"max-image-preview:large","max-video-preview":"max-video-preview:-1"},"canonical":"https:\/\/triptahiti.com\/fr\/gestion-des-cookies\/","og_locale":"fr_FR","og_type":"article","og_title":"Gestion des Cookies - Triptahiti","og_description":"Identification du Responsable du Traitement : Le responsable du traitement des donn\u00e9es collect\u00e9es est la soci\u00e9t\u00e9 CR\u00c1NEO PRIVILEGIADO, S.L., domicili\u00e9e C\/ Copenhague 15, 28822, Coslada, [&hellip;]","og_url":"https:\/\/triptahiti.com\/fr\/gestion-des-cookies\/","og_site_name":"Triptahiti","article_modified_time":"2024-02-27T10:47:01+00:00","twitter_card":"summary_large_image","twitter_misc":{"Dur\u00e9e de lecture estim\u00e9e":"8 minutes"},"schema":{"@context":"https:\/\/schema.org","@graph":[{"@type":"WebPage","@id":"https:\/\/triptahiti.com\/fr\/gestion-des-cookies\/","url":"https:\/\/triptahiti.com\/fr\/gestion-des-cookies\/","name":"Gestion des Cookies - Triptahiti","isPartOf":{"@id":"https:\/\/triptahiti.com\/fr\/#website"},"datePublished":"2023-02-03T08:55:24+00:00","dateModified":"2024-02-27T10:47:01+00:00","breadcrumb":{"@id":"https:\/\/triptahiti.com\/fr\/gestion-des-cookies\/#breadcrumb"},"inLanguage":"fr-FR","potentialAction":[{"@type":"ReadAction","target":["https:\/\/triptahiti.com\/fr\/gestion-des-cookies\/"]}]},{"@type":"BreadcrumbList","@id":"https:\/\/triptahiti.com\/fr\/gestion-des-cookies\/#breadcrumb","itemListElement":[{"@type":"ListItem","position":1,"name":"Tahiti","item":"https:\/\/triptahiti.com\/fr\/"},{"@type":"ListItem","position":2,"name":"Gestion des Cookies"}]},{"@type":"WebSite","@id":"https:\/\/triptahiti.com\/fr\/#website","url":"https:\/\/triptahiti.com\/fr\/","name":"Triptahiti","description":"","inLanguage":"fr-FR"}]}},"_links":{"self":[{"href":"https:\/\/triptahiti.com\/fr\/wp-json\/wp\/v2\/pages\/9864","targetHints":{"allow":["GET"]}}],"collection":[{"href":"https:\/\/triptahiti.com\/fr\/wp-json\/wp\/v2\/pages"}],"about":[{"href":"https:\/\/triptahiti.com\/fr\/wp-json\/wp\/v2\/types\/page"}],"author":[{"embeddable":true,"href":"https:\/\/triptahiti.com\/fr\/wp-json\/wp\/v2\/users\/3"}],"replies":[{"embeddable":true,"href":"https:\/\/triptahiti.com\/fr\/wp-json\/wp\/v2\/comments?post=9864"}],"version-history":[{"count":4,"href":"https:\/\/triptahiti.com\/fr\/wp-json\/wp\/v2\/pages\/9864\/revisions"}],"predecessor-version":[{"id":9940,"href":"https:\/\/triptahiti.com\/fr\/wp-json\/wp\/v2\/pages\/9864\/revisions\/9940"}],"wp:attachment":[{"href":"https:\/\/triptahiti.com\/fr\/wp-json\/wp\/v2\/media?parent=9864"}],"curies":[{"name":"wp","href":"https:\/\/api.w.org\/{rel}","templated":true}]}}