{"id":9404,"date":"2022-12-19T11:57:43","date_gmt":"2022-12-19T10:57:43","guid":{"rendered":"https:\/\/triptahiti.com\/?page_id=9404"},"modified":"2024-10-21T16:45:59","modified_gmt":"2024-10-21T15:45:59","slug":"raiatea","status":"publish","type":"page","link":"https:\/\/triptahiti.com\/fr\/raiatea\/","title":{"rendered":"Raiatea"},"content":{"rendered":"","protected":false},"excerpt":{"rendered":"","protected":false},"author":5,"featured_media":8947,"parent":0,"menu_order":0,"comment_status":"open","ping_status":"closed","template":"page-templates\/island.php","meta":{"footnotes":""},"class_list":["post-9404","page","type-page","status-publish","has-post-thumbnail","hentry"],"yoast_head":"<!-- This site is optimized with the Yoast SEO plugin v23.0 - https:\/\/yoast.com\/wordpress\/plugins\/seo\/ -->\n<title>Voyage \u00e0 Raiatea en Polyn\u00e9sie Fran\u00e7aise - Triptahiti<\/title>\n<meta name=\"description\" content=\"Tout sur Raiatea, de ses merveilles naturelles aux conseils pratiques de voyage. Trouvez des recommandations d&#039;activit\u00e9s et d&#039;h\u00f4tels.\" \/>\n<meta name=\"robots\" content=\"index, follow, max-snippet:-1, max-image-preview:large, max-video-preview:-1\" \/>\n<link rel=\"canonical\" href=\"https:\/\/triptahiti.com\/fr\/raiatea\/\" \/>\n<meta property=\"og:locale\" content=\"fr_FR\" \/>\n<meta property=\"og:type\" content=\"article\" \/>\n<meta property=\"og:title\" content=\"Voyage \u00e0 Raiatea en Polyn\u00e9sie Fran\u00e7aise - Triptahiti\" \/>\n<meta property=\"og:description\" content=\"Tout sur Raiatea, de ses merveilles naturelles aux conseils pratiques de voyage. Trouvez des recommandations d&#039;activit\u00e9s et d&#039;h\u00f4tels.\" \/>\n<meta property=\"og:url\" content=\"https:\/\/triptahiti.com\/fr\/raiatea\/\" \/>\n<meta property=\"og:site_name\" content=\"Triptahiti\" \/>\n<meta property=\"article:modified_time\" content=\"2024-10-21T15:45:59+00:00\" \/>\n<meta property=\"og:image\" content=\"https:\/\/triptahiti.com\/wp-content\/uploads\/2023\/02\/raiatea-polinesia-francesa.webp\" \/>\n\t<meta property=\"og:image:width\" content=\"1440\" \/>\n\t<meta property=\"og:image:height\" content=\"800\" \/>\n\t<meta property=\"og:image:type\" content=\"image\/webp\" \/>\n<meta name=\"twitter:card\" content=\"summary_large_image\" \/>\n<script type=\"application\/ld+json\" class=\"yoast-schema-graph\">{\"@context\":\"https:\/\/schema.org\",\"@graph\":[{\"@type\":\"WebPage\",\"@id\":\"https:\/\/triptahiti.com\/fr\/raiatea\/\",\"url\":\"https:\/\/triptahiti.com\/fr\/raiatea\/\",\"name\":\"Voyage \u00e0 Raiatea en Polyn\u00e9sie Fran\u00e7aise - Triptahiti\",\"isPartOf\":{\"@id\":\"https:\/\/triptahiti.com\/fr\/#website\"},\"primaryImageOfPage\":{\"@id\":\"https:\/\/triptahiti.com\/fr\/raiatea\/#primaryimage\"},\"image\":{\"@id\":\"https:\/\/triptahiti.com\/fr\/raiatea\/#primaryimage\"},\"thumbnailUrl\":\"https:\/\/triptahiti.com\/wp-content\/uploads\/2023\/02\/raiatea-polinesia-francesa.webp\",\"datePublished\":\"2022-12-19T10:57:43+00:00\",\"dateModified\":\"2024-10-21T15:45:59+00:00\",\"description\":\"Tout sur Raiatea, de ses merveilles naturelles aux conseils pratiques de voyage. Trouvez des recommandations d'activit\u00e9s et d'h\u00f4tels.\",\"breadcrumb\":{\"@id\":\"https:\/\/triptahiti.com\/fr\/raiatea\/#breadcrumb\"},\"inLanguage\":\"fr-FR\",\"potentialAction\":[{\"@type\":\"ReadAction\",\"target\":[\"https:\/\/triptahiti.com\/fr\/raiatea\/\"]}]},{\"@type\":\"ImageObject\",\"inLanguage\":\"fr-FR\",\"@id\":\"https:\/\/triptahiti.com\/fr\/raiatea\/#primaryimage\",\"url\":\"https:\/\/triptahiti.com\/wp-content\/uploads\/2023\/02\/raiatea-polinesia-francesa.webp\",\"contentUrl\":\"https:\/\/triptahiti.com\/wp-content\/uploads\/2023\/02\/raiatea-polinesia-francesa.webp\",\"width\":1440,\"height\":800,\"caption\":\"\u00cele priv\u00e9e \u00e0 Raiatea\"},{\"@type\":\"BreadcrumbList\",\"@id\":\"https:\/\/triptahiti.com\/fr\/raiatea\/#breadcrumb\",\"itemListElement\":[{\"@type\":\"ListItem\",\"position\":1,\"name\":\"Tahiti\",\"item\":\"https:\/\/triptahiti.com\/fr\/\"},{\"@type\":\"ListItem\",\"position\":2,\"name\":\"Raiatea\"}]},{\"@type\":\"WebSite\",\"@id\":\"https:\/\/triptahiti.com\/fr\/#website\",\"url\":\"https:\/\/triptahiti.com\/fr\/\",\"name\":\"Triptahiti\",\"description\":\"\",\"inLanguage\":\"fr-FR\"}]}<\/script>\n<!-- \/ Yoast SEO plugin. -->","yoast_head_json":{"title":"Voyage \u00e0 Raiatea en Polyn\u00e9sie Fran\u00e7aise - Triptahiti","description":"Tout sur Raiatea, de ses merveilles naturelles aux conseils pratiques de voyage. Trouvez des recommandations d'activit\u00e9s et d'h\u00f4tels.","robots":{"index":"index","follow":"follow","max-snippet":"max-snippet:-1","max-image-preview":"max-image-preview:large","max-video-preview":"max-video-preview:-1"},"canonical":"https:\/\/triptahiti.com\/fr\/raiatea\/","og_locale":"fr_FR","og_type":"article","og_title":"Voyage \u00e0 Raiatea en Polyn\u00e9sie Fran\u00e7aise - Triptahiti","og_description":"Tout sur Raiatea, de ses merveilles naturelles aux conseils pratiques de voyage. Trouvez des recommandations d'activit\u00e9s et d'h\u00f4tels.","og_url":"https:\/\/triptahiti.com\/fr\/raiatea\/","og_site_name":"Triptahiti","article_modified_time":"2024-10-21T15:45:59+00:00","og_image":[{"width":1440,"height":800,"url":"https:\/\/triptahiti.com\/wp-content\/uploads\/2023\/02\/raiatea-polinesia-francesa.webp","type":"image\/webp"}],"twitter_card":"summary_large_image","schema":{"@context":"https:\/\/schema.org","@graph":[{"@type":"WebPage","@id":"https:\/\/triptahiti.com\/fr\/raiatea\/","url":"https:\/\/triptahiti.com\/fr\/raiatea\/","name":"Voyage \u00e0 Raiatea en Polyn\u00e9sie Fran\u00e7aise - Triptahiti","isPartOf":{"@id":"https:\/\/triptahiti.com\/fr\/#website"},"primaryImageOfPage":{"@id":"https:\/\/triptahiti.com\/fr\/raiatea\/#primaryimage"},"image":{"@id":"https:\/\/triptahiti.com\/fr\/raiatea\/#primaryimage"},"thumbnailUrl":"https:\/\/triptahiti.com\/wp-content\/uploads\/2023\/02\/raiatea-polinesia-francesa.webp","datePublished":"2022-12-19T10:57:43+00:00","dateModified":"2024-10-21T15:45:59+00:00","description":"Tout sur Raiatea, de ses merveilles naturelles aux conseils pratiques de voyage. Trouvez des recommandations d'activit\u00e9s et d'h\u00f4tels.","breadcrumb":{"@id":"https:\/\/triptahiti.com\/fr\/raiatea\/#breadcrumb"},"inLanguage":"fr-FR","potentialAction":[{"@type":"ReadAction","target":["https:\/\/triptahiti.com\/fr\/raiatea\/"]}]},{"@type":"ImageObject","inLanguage":"fr-FR","@id":"https:\/\/triptahiti.com\/fr\/raiatea\/#primaryimage","url":"https:\/\/triptahiti.com\/wp-content\/uploads\/2023\/02\/raiatea-polinesia-francesa.webp","contentUrl":"https:\/\/triptahiti.com\/wp-content\/uploads\/2023\/02\/raiatea-polinesia-francesa.webp","width":1440,"height":800,"caption":"\u00cele priv\u00e9e \u00e0 Raiatea"},{"@type":"BreadcrumbList","@id":"https:\/\/triptahiti.com\/fr\/raiatea\/#breadcrumb","itemListElement":[{"@type":"ListItem","position":1,"name":"Tahiti","item":"https:\/\/triptahiti.com\/fr\/"},{"@type":"ListItem","position":2,"name":"Raiatea"}]},{"@type":"WebSite","@id":"https:\/\/triptahiti.com\/fr\/#website","url":"https:\/\/triptahiti.com\/fr\/","name":"Triptahiti","description":"","inLanguage":"fr-FR"}]}},"_links":{"self":[{"href":"https:\/\/triptahiti.com\/fr\/wp-json\/wp\/v2\/pages\/9404","targetHints":{"allow":["GET"]}}],"collection":[{"href":"https:\/\/triptahiti.com\/fr\/wp-json\/wp\/v2\/pages"}],"about":[{"href":"https:\/\/triptahiti.com\/fr\/wp-json\/wp\/v2\/types\/page"}],"author":[{"embeddable":true,"href":"https:\/\/triptahiti.com\/fr\/wp-json\/wp\/v2\/users\/5"}],"replies":[{"embeddable":true,"href":"https:\/\/triptahiti.com\/fr\/wp-json\/wp\/v2\/comments?post=9404"}],"version-history":[{"count":1,"href":"https:\/\/triptahiti.com\/fr\/wp-json\/wp\/v2\/pages\/9404\/revisions"}],"predecessor-version":[{"id":9405,"href":"https:\/\/triptahiti.com\/fr\/wp-json\/wp\/v2\/pages\/9404\/revisions\/9405"}],"wp:featuredmedia":[{"embeddable":true,"href":"https:\/\/triptahiti.com\/fr\/wp-json\/wp\/v2\/media\/8947"}],"wp:attachment":[{"href":"https:\/\/triptahiti.com\/fr\/wp-json\/wp\/v2\/media?parent=9404"}],"curies":[{"name":"wp","href":"https:\/\/api.w.org\/{rel}","templated":true}]}}