{"id":9359,"date":"2023-01-24T11:09:38","date_gmt":"2023-01-24T10:09:38","guid":{"rendered":"https:\/\/triptahiti.com\/hiva-oa\/"},"modified":"2024-10-21T16:46:07","modified_gmt":"2024-10-21T15:46:07","slug":"hiva-oa","status":"publish","type":"page","link":"https:\/\/triptahiti.com\/fr\/hiva-oa\/","title":{"rendered":"Hiva Oa"},"content":{"rendered":"","protected":false},"excerpt":{"rendered":"","protected":false},"author":5,"featured_media":8973,"parent":0,"menu_order":0,"comment_status":"open","ping_status":"closed","template":"page-templates\/island.php","meta":{"footnotes":""},"class_list":["post-9359","page","type-page","status-publish","has-post-thumbnail","hentry"],"yoast_head":"<!-- This site is optimized with the Yoast SEO plugin v23.0 - https:\/\/yoast.com\/wordpress\/plugins\/seo\/ -->\n<title>Voyage \u00e0 Hiva Oa en Polyn\u00e9sie Fran\u00e7aise - Triptahiti<\/title>\n<meta name=\"description\" content=\"Planifiez votre voyage \u00e0 Hiva Oa avec nos recommandations. D\u00e9couvrez quoi voir, o\u00f9 se loger et profitez de photos spectaculaires.\" \/>\n<meta name=\"robots\" content=\"index, follow, max-snippet:-1, max-image-preview:large, max-video-preview:-1\" \/>\n<link rel=\"canonical\" href=\"https:\/\/triptahiti.com\/fr\/hiva-oa\/\" \/>\n<meta property=\"og:locale\" content=\"fr_FR\" \/>\n<meta property=\"og:type\" content=\"article\" \/>\n<meta property=\"og:title\" content=\"Voyage \u00e0 Hiva Oa en Polyn\u00e9sie Fran\u00e7aise - Triptahiti\" \/>\n<meta property=\"og:description\" content=\"Planifiez votre voyage \u00e0 Hiva Oa avec nos recommandations. D\u00e9couvrez quoi voir, o\u00f9 se loger et profitez de photos spectaculaires.\" \/>\n<meta property=\"og:url\" content=\"https:\/\/triptahiti.com\/fr\/hiva-oa\/\" \/>\n<meta property=\"og:site_name\" content=\"Triptahiti\" \/>\n<meta property=\"article:modified_time\" content=\"2024-10-21T15:46:07+00:00\" \/>\n<meta property=\"og:image\" content=\"https:\/\/triptahiti.com\/wp-content\/uploads\/2023\/02\/hiva-oa-polinesia.webp\" \/>\n\t<meta property=\"og:image:width\" content=\"1440\" \/>\n\t<meta property=\"og:image:height\" content=\"800\" \/>\n\t<meta property=\"og:image:type\" content=\"image\/webp\" \/>\n<meta name=\"twitter:card\" content=\"summary_large_image\" \/>\n<script type=\"application\/ld+json\" class=\"yoast-schema-graph\">{\"@context\":\"https:\/\/schema.org\",\"@graph\":[{\"@type\":\"WebPage\",\"@id\":\"https:\/\/triptahiti.com\/fr\/hiva-oa\/\",\"url\":\"https:\/\/triptahiti.com\/fr\/hiva-oa\/\",\"name\":\"Voyage \u00e0 Hiva Oa en Polyn\u00e9sie Fran\u00e7aise - Triptahiti\",\"isPartOf\":{\"@id\":\"https:\/\/triptahiti.com\/fr\/#website\"},\"primaryImageOfPage\":{\"@id\":\"https:\/\/triptahiti.com\/fr\/hiva-oa\/#primaryimage\"},\"image\":{\"@id\":\"https:\/\/triptahiti.com\/fr\/hiva-oa\/#primaryimage\"},\"thumbnailUrl\":\"https:\/\/triptahiti.com\/wp-content\/uploads\/2023\/02\/hiva-oa-polinesia.webp\",\"datePublished\":\"2023-01-24T10:09:38+00:00\",\"dateModified\":\"2024-10-21T15:46:07+00:00\",\"description\":\"Planifiez votre voyage \u00e0 Hiva Oa avec nos recommandations. D\u00e9couvrez quoi voir, o\u00f9 se loger et profitez de photos spectaculaires.\",\"breadcrumb\":{\"@id\":\"https:\/\/triptahiti.com\/fr\/hiva-oa\/#breadcrumb\"},\"inLanguage\":\"fr-FR\",\"potentialAction\":[{\"@type\":\"ReadAction\",\"target\":[\"https:\/\/triptahiti.com\/fr\/hiva-oa\/\"]}]},{\"@type\":\"ImageObject\",\"inLanguage\":\"fr-FR\",\"@id\":\"https:\/\/triptahiti.com\/fr\/hiva-oa\/#primaryimage\",\"url\":\"https:\/\/triptahiti.com\/wp-content\/uploads\/2023\/02\/hiva-oa-polinesia.webp\",\"contentUrl\":\"https:\/\/triptahiti.com\/wp-content\/uploads\/2023\/02\/hiva-oa-polinesia.webp\",\"width\":1440,\"height\":800,\"caption\":\"Site arch\u00e9ologique de Hiva Oa\"},{\"@type\":\"BreadcrumbList\",\"@id\":\"https:\/\/triptahiti.com\/fr\/hiva-oa\/#breadcrumb\",\"itemListElement\":[{\"@type\":\"ListItem\",\"position\":1,\"name\":\"Tahiti\",\"item\":\"https:\/\/triptahiti.com\/fr\/\"},{\"@type\":\"ListItem\",\"position\":2,\"name\":\"Hiva Oa\"}]},{\"@type\":\"WebSite\",\"@id\":\"https:\/\/triptahiti.com\/fr\/#website\",\"url\":\"https:\/\/triptahiti.com\/fr\/\",\"name\":\"Triptahiti\",\"description\":\"\",\"inLanguage\":\"fr-FR\"}]}<\/script>\n<!-- \/ Yoast SEO plugin. -->","yoast_head_json":{"title":"Voyage \u00e0 Hiva Oa en Polyn\u00e9sie Fran\u00e7aise - Triptahiti","description":"Planifiez votre voyage \u00e0 Hiva Oa avec nos recommandations. D\u00e9couvrez quoi voir, o\u00f9 se loger et profitez de photos spectaculaires.","robots":{"index":"index","follow":"follow","max-snippet":"max-snippet:-1","max-image-preview":"max-image-preview:large","max-video-preview":"max-video-preview:-1"},"canonical":"https:\/\/triptahiti.com\/fr\/hiva-oa\/","og_locale":"fr_FR","og_type":"article","og_title":"Voyage \u00e0 Hiva Oa en Polyn\u00e9sie Fran\u00e7aise - Triptahiti","og_description":"Planifiez votre voyage \u00e0 Hiva Oa avec nos recommandations. D\u00e9couvrez quoi voir, o\u00f9 se loger et profitez de photos spectaculaires.","og_url":"https:\/\/triptahiti.com\/fr\/hiva-oa\/","og_site_name":"Triptahiti","article_modified_time":"2024-10-21T15:46:07+00:00","og_image":[{"width":1440,"height":800,"url":"https:\/\/triptahiti.com\/wp-content\/uploads\/2023\/02\/hiva-oa-polinesia.webp","type":"image\/webp"}],"twitter_card":"summary_large_image","schema":{"@context":"https:\/\/schema.org","@graph":[{"@type":"WebPage","@id":"https:\/\/triptahiti.com\/fr\/hiva-oa\/","url":"https:\/\/triptahiti.com\/fr\/hiva-oa\/","name":"Voyage \u00e0 Hiva Oa en Polyn\u00e9sie Fran\u00e7aise - Triptahiti","isPartOf":{"@id":"https:\/\/triptahiti.com\/fr\/#website"},"primaryImageOfPage":{"@id":"https:\/\/triptahiti.com\/fr\/hiva-oa\/#primaryimage"},"image":{"@id":"https:\/\/triptahiti.com\/fr\/hiva-oa\/#primaryimage"},"thumbnailUrl":"https:\/\/triptahiti.com\/wp-content\/uploads\/2023\/02\/hiva-oa-polinesia.webp","datePublished":"2023-01-24T10:09:38+00:00","dateModified":"2024-10-21T15:46:07+00:00","description":"Planifiez votre voyage \u00e0 Hiva Oa avec nos recommandations. D\u00e9couvrez quoi voir, o\u00f9 se loger et profitez de photos spectaculaires.","breadcrumb":{"@id":"https:\/\/triptahiti.com\/fr\/hiva-oa\/#breadcrumb"},"inLanguage":"fr-FR","potentialAction":[{"@type":"ReadAction","target":["https:\/\/triptahiti.com\/fr\/hiva-oa\/"]}]},{"@type":"ImageObject","inLanguage":"fr-FR","@id":"https:\/\/triptahiti.com\/fr\/hiva-oa\/#primaryimage","url":"https:\/\/triptahiti.com\/wp-content\/uploads\/2023\/02\/hiva-oa-polinesia.webp","contentUrl":"https:\/\/triptahiti.com\/wp-content\/uploads\/2023\/02\/hiva-oa-polinesia.webp","width":1440,"height":800,"caption":"Site arch\u00e9ologique de Hiva Oa"},{"@type":"BreadcrumbList","@id":"https:\/\/triptahiti.com\/fr\/hiva-oa\/#breadcrumb","itemListElement":[{"@type":"ListItem","position":1,"name":"Tahiti","item":"https:\/\/triptahiti.com\/fr\/"},{"@type":"ListItem","position":2,"name":"Hiva Oa"}]},{"@type":"WebSite","@id":"https:\/\/triptahiti.com\/fr\/#website","url":"https:\/\/triptahiti.com\/fr\/","name":"Triptahiti","description":"","inLanguage":"fr-FR"}]}},"_links":{"self":[{"href":"https:\/\/triptahiti.com\/fr\/wp-json\/wp\/v2\/pages\/9359","targetHints":{"allow":["GET"]}}],"collection":[{"href":"https:\/\/triptahiti.com\/fr\/wp-json\/wp\/v2\/pages"}],"about":[{"href":"https:\/\/triptahiti.com\/fr\/wp-json\/wp\/v2\/types\/page"}],"author":[{"embeddable":true,"href":"https:\/\/triptahiti.com\/fr\/wp-json\/wp\/v2\/users\/5"}],"replies":[{"embeddable":true,"href":"https:\/\/triptahiti.com\/fr\/wp-json\/wp\/v2\/comments?post=9359"}],"version-history":[{"count":2,"href":"https:\/\/triptahiti.com\/fr\/wp-json\/wp\/v2\/pages\/9359\/revisions"}],"predecessor-version":[{"id":9362,"href":"https:\/\/triptahiti.com\/fr\/wp-json\/wp\/v2\/pages\/9359\/revisions\/9362"}],"wp:featuredmedia":[{"embeddable":true,"href":"https:\/\/triptahiti.com\/fr\/wp-json\/wp\/v2\/media\/8973"}],"wp:attachment":[{"href":"https:\/\/triptahiti.com\/fr\/wp-json\/wp\/v2\/media?parent=9359"}],"curies":[{"name":"wp","href":"https:\/\/api.w.org\/{rel}","templated":true}]}}