{"id":9346,"date":"2022-12-19T11:56:44","date_gmt":"2022-12-19T10:56:44","guid":{"rendered":"https:\/\/triptahiti.com\/nuku-hiva\/"},"modified":"2024-10-21T16:45:56","modified_gmt":"2024-10-21T15:45:56","slug":"nuku-hiva","status":"publish","type":"page","link":"https:\/\/triptahiti.com\/fr\/nuku-hiva\/","title":{"rendered":"Nuku Hiva"},"content":{"rendered":"","protected":false},"excerpt":{"rendered":"","protected":false},"author":5,"featured_media":8940,"parent":0,"menu_order":0,"comment_status":"open","ping_status":"closed","template":"page-templates\/island.php","meta":{"footnotes":""},"class_list":["post-9346","page","type-page","status-publish","has-post-thumbnail","hentry"],"yoast_head":"<!-- This site is optimized with the Yoast SEO plugin v23.0 - https:\/\/yoast.com\/wordpress\/plugins\/seo\/ -->\n<title>Voyage \u00e0 Nuku Hiva en Polyn\u00e9sie Fran\u00e7aise - Triptahiti<\/title>\n<meta name=\"description\" content=\"Explorez Nuku Hiva avec notre guide complet. Conseils locaux, que faire, o\u00f9 se loger et des photos impressionnantes.\" \/>\n<meta name=\"robots\" content=\"index, follow, max-snippet:-1, max-image-preview:large, max-video-preview:-1\" \/>\n<link rel=\"canonical\" href=\"https:\/\/triptahiti.com\/fr\/nuku-hiva\/\" \/>\n<meta property=\"og:locale\" content=\"fr_FR\" \/>\n<meta property=\"og:type\" content=\"article\" \/>\n<meta property=\"og:title\" content=\"Voyage \u00e0 Nuku Hiva en Polyn\u00e9sie Fran\u00e7aise - Triptahiti\" \/>\n<meta property=\"og:description\" content=\"Explorez Nuku Hiva avec notre guide complet. Conseils locaux, que faire, o\u00f9 se loger et des photos impressionnantes.\" \/>\n<meta property=\"og:url\" content=\"https:\/\/triptahiti.com\/fr\/nuku-hiva\/\" \/>\n<meta property=\"og:site_name\" content=\"Triptahiti\" \/>\n<meta property=\"article:modified_time\" content=\"2024-10-21T15:45:56+00:00\" \/>\n<meta property=\"og:image\" content=\"https:\/\/triptahiti.com\/wp-content\/uploads\/2023\/02\/nuku-hiva-polinesia-francesa.webp\" \/>\n\t<meta property=\"og:image:width\" content=\"1440\" \/>\n\t<meta property=\"og:image:height\" content=\"800\" \/>\n\t<meta property=\"og:image:type\" content=\"image\/webp\" \/>\n<meta name=\"twitter:card\" content=\"summary_large_image\" \/>\n<script type=\"application\/ld+json\" class=\"yoast-schema-graph\">{\"@context\":\"https:\/\/schema.org\",\"@graph\":[{\"@type\":\"WebPage\",\"@id\":\"https:\/\/triptahiti.com\/fr\/nuku-hiva\/\",\"url\":\"https:\/\/triptahiti.com\/fr\/nuku-hiva\/\",\"name\":\"Voyage \u00e0 Nuku Hiva en Polyn\u00e9sie Fran\u00e7aise - Triptahiti\",\"isPartOf\":{\"@id\":\"https:\/\/triptahiti.com\/fr\/#website\"},\"primaryImageOfPage\":{\"@id\":\"https:\/\/triptahiti.com\/fr\/nuku-hiva\/#primaryimage\"},\"image\":{\"@id\":\"https:\/\/triptahiti.com\/fr\/nuku-hiva\/#primaryimage\"},\"thumbnailUrl\":\"https:\/\/triptahiti.com\/wp-content\/uploads\/2023\/02\/nuku-hiva-polinesia-francesa.webp\",\"datePublished\":\"2022-12-19T10:56:44+00:00\",\"dateModified\":\"2024-10-21T15:45:56+00:00\",\"description\":\"Explorez Nuku Hiva avec notre guide complet. Conseils locaux, que faire, o\u00f9 se loger et des photos impressionnantes.\",\"breadcrumb\":{\"@id\":\"https:\/\/triptahiti.com\/fr\/nuku-hiva\/#breadcrumb\"},\"inLanguage\":\"fr-FR\",\"potentialAction\":[{\"@type\":\"ReadAction\",\"target\":[\"https:\/\/triptahiti.com\/fr\/nuku-hiva\/\"]}]},{\"@type\":\"ImageObject\",\"inLanguage\":\"fr-FR\",\"@id\":\"https:\/\/triptahiti.com\/fr\/nuku-hiva\/#primaryimage\",\"url\":\"https:\/\/triptahiti.com\/wp-content\/uploads\/2023\/02\/nuku-hiva-polinesia-francesa.webp\",\"contentUrl\":\"https:\/\/triptahiti.com\/wp-content\/uploads\/2023\/02\/nuku-hiva-polinesia-francesa.webp\",\"width\":1440,\"height\":800,\"caption\":\"Vue de Nuku Hiva\"},{\"@type\":\"BreadcrumbList\",\"@id\":\"https:\/\/triptahiti.com\/fr\/nuku-hiva\/#breadcrumb\",\"itemListElement\":[{\"@type\":\"ListItem\",\"position\":1,\"name\":\"Tahiti\",\"item\":\"https:\/\/triptahiti.com\/fr\/\"},{\"@type\":\"ListItem\",\"position\":2,\"name\":\"Nuku Hiva\"}]},{\"@type\":\"WebSite\",\"@id\":\"https:\/\/triptahiti.com\/fr\/#website\",\"url\":\"https:\/\/triptahiti.com\/fr\/\",\"name\":\"Triptahiti\",\"description\":\"\",\"inLanguage\":\"fr-FR\"}]}<\/script>\n<!-- \/ Yoast SEO plugin. -->","yoast_head_json":{"title":"Voyage \u00e0 Nuku Hiva en Polyn\u00e9sie Fran\u00e7aise - Triptahiti","description":"Explorez Nuku Hiva avec notre guide complet. Conseils locaux, que faire, o\u00f9 se loger et des photos impressionnantes.","robots":{"index":"index","follow":"follow","max-snippet":"max-snippet:-1","max-image-preview":"max-image-preview:large","max-video-preview":"max-video-preview:-1"},"canonical":"https:\/\/triptahiti.com\/fr\/nuku-hiva\/","og_locale":"fr_FR","og_type":"article","og_title":"Voyage \u00e0 Nuku Hiva en Polyn\u00e9sie Fran\u00e7aise - Triptahiti","og_description":"Explorez Nuku Hiva avec notre guide complet. Conseils locaux, que faire, o\u00f9 se loger et des photos impressionnantes.","og_url":"https:\/\/triptahiti.com\/fr\/nuku-hiva\/","og_site_name":"Triptahiti","article_modified_time":"2024-10-21T15:45:56+00:00","og_image":[{"width":1440,"height":800,"url":"https:\/\/triptahiti.com\/wp-content\/uploads\/2023\/02\/nuku-hiva-polinesia-francesa.webp","type":"image\/webp"}],"twitter_card":"summary_large_image","schema":{"@context":"https:\/\/schema.org","@graph":[{"@type":"WebPage","@id":"https:\/\/triptahiti.com\/fr\/nuku-hiva\/","url":"https:\/\/triptahiti.com\/fr\/nuku-hiva\/","name":"Voyage \u00e0 Nuku Hiva en Polyn\u00e9sie Fran\u00e7aise - Triptahiti","isPartOf":{"@id":"https:\/\/triptahiti.com\/fr\/#website"},"primaryImageOfPage":{"@id":"https:\/\/triptahiti.com\/fr\/nuku-hiva\/#primaryimage"},"image":{"@id":"https:\/\/triptahiti.com\/fr\/nuku-hiva\/#primaryimage"},"thumbnailUrl":"https:\/\/triptahiti.com\/wp-content\/uploads\/2023\/02\/nuku-hiva-polinesia-francesa.webp","datePublished":"2022-12-19T10:56:44+00:00","dateModified":"2024-10-21T15:45:56+00:00","description":"Explorez Nuku Hiva avec notre guide complet. Conseils locaux, que faire, o\u00f9 se loger et des photos impressionnantes.","breadcrumb":{"@id":"https:\/\/triptahiti.com\/fr\/nuku-hiva\/#breadcrumb"},"inLanguage":"fr-FR","potentialAction":[{"@type":"ReadAction","target":["https:\/\/triptahiti.com\/fr\/nuku-hiva\/"]}]},{"@type":"ImageObject","inLanguage":"fr-FR","@id":"https:\/\/triptahiti.com\/fr\/nuku-hiva\/#primaryimage","url":"https:\/\/triptahiti.com\/wp-content\/uploads\/2023\/02\/nuku-hiva-polinesia-francesa.webp","contentUrl":"https:\/\/triptahiti.com\/wp-content\/uploads\/2023\/02\/nuku-hiva-polinesia-francesa.webp","width":1440,"height":800,"caption":"Vue de Nuku Hiva"},{"@type":"BreadcrumbList","@id":"https:\/\/triptahiti.com\/fr\/nuku-hiva\/#breadcrumb","itemListElement":[{"@type":"ListItem","position":1,"name":"Tahiti","item":"https:\/\/triptahiti.com\/fr\/"},{"@type":"ListItem","position":2,"name":"Nuku Hiva"}]},{"@type":"WebSite","@id":"https:\/\/triptahiti.com\/fr\/#website","url":"https:\/\/triptahiti.com\/fr\/","name":"Triptahiti","description":"","inLanguage":"fr-FR"}]}},"_links":{"self":[{"href":"https:\/\/triptahiti.com\/fr\/wp-json\/wp\/v2\/pages\/9346","targetHints":{"allow":["GET"]}}],"collection":[{"href":"https:\/\/triptahiti.com\/fr\/wp-json\/wp\/v2\/pages"}],"about":[{"href":"https:\/\/triptahiti.com\/fr\/wp-json\/wp\/v2\/types\/page"}],"author":[{"embeddable":true,"href":"https:\/\/triptahiti.com\/fr\/wp-json\/wp\/v2\/users\/5"}],"replies":[{"embeddable":true,"href":"https:\/\/triptahiti.com\/fr\/wp-json\/wp\/v2\/comments?post=9346"}],"version-history":[{"count":1,"href":"https:\/\/triptahiti.com\/fr\/wp-json\/wp\/v2\/pages\/9346\/revisions"}],"predecessor-version":[{"id":9350,"href":"https:\/\/triptahiti.com\/fr\/wp-json\/wp\/v2\/pages\/9346\/revisions\/9350"}],"wp:featuredmedia":[{"embeddable":true,"href":"https:\/\/triptahiti.com\/fr\/wp-json\/wp\/v2\/media\/8940"}],"wp:attachment":[{"href":"https:\/\/triptahiti.com\/fr\/wp-json\/wp\/v2\/media?parent=9346"}],"curies":[{"name":"wp","href":"https:\/\/api.w.org\/{rel}","templated":true}]}}