{"id":9320,"date":"2023-01-25T12:18:10","date_gmt":"2023-01-25T11:18:10","guid":{"rendered":"https:\/\/triptahiti.com\/manihi\/"},"modified":"2024-10-21T16:46:12","modified_gmt":"2024-10-21T15:46:12","slug":"manihi","status":"publish","type":"page","link":"https:\/\/triptahiti.com\/fr\/manihi\/","title":{"rendered":"Manihi"},"content":{"rendered":"","protected":false},"excerpt":{"rendered":"","protected":false},"author":5,"featured_media":8983,"parent":0,"menu_order":0,"comment_status":"open","ping_status":"closed","template":"page-templates\/island.php","meta":{"footnotes":""},"class_list":["post-9320","page","type-page","status-publish","has-post-thumbnail","hentry"],"yoast_head":"<!-- This site is optimized with the Yoast SEO plugin v23.0 - https:\/\/yoast.com\/wordpress\/plugins\/seo\/ -->\n<title>Voyage \u00e0 Manihi en Polyn\u00e9sie Fran\u00e7aise - Triptahiti<\/title>\n<meta name=\"description\" content=\"Tout ce que vous devez savoir pour visiter Manihi. Conseils de voyage, activit\u00e9s recommand\u00e9es, h\u00e9bergement et avis de voyageurs.\" \/>\n<meta name=\"robots\" content=\"index, follow, max-snippet:-1, max-image-preview:large, max-video-preview:-1\" \/>\n<link rel=\"canonical\" href=\"https:\/\/triptahiti.com\/fr\/manihi\/\" \/>\n<meta property=\"og:locale\" content=\"fr_FR\" \/>\n<meta property=\"og:type\" content=\"article\" \/>\n<meta property=\"og:title\" content=\"Voyage \u00e0 Manihi en Polyn\u00e9sie Fran\u00e7aise - Triptahiti\" \/>\n<meta property=\"og:description\" content=\"Tout ce que vous devez savoir pour visiter Manihi. Conseils de voyage, activit\u00e9s recommand\u00e9es, h\u00e9bergement et avis de voyageurs.\" \/>\n<meta property=\"og:url\" content=\"https:\/\/triptahiti.com\/fr\/manihi\/\" \/>\n<meta property=\"og:site_name\" content=\"Triptahiti\" \/>\n<meta property=\"article:modified_time\" content=\"2024-10-21T15:46:12+00:00\" \/>\n<meta property=\"og:image\" content=\"https:\/\/triptahiti.com\/wp-content\/uploads\/2023\/02\/manihi-polinesia-francesa.webp\" \/>\n\t<meta property=\"og:image:width\" content=\"1440\" \/>\n\t<meta property=\"og:image:height\" content=\"800\" \/>\n\t<meta property=\"og:image:type\" content=\"image\/webp\" \/>\n<meta name=\"twitter:card\" content=\"summary_large_image\" \/>\n<script type=\"application\/ld+json\" class=\"yoast-schema-graph\">{\"@context\":\"https:\/\/schema.org\",\"@graph\":[{\"@type\":\"WebPage\",\"@id\":\"https:\/\/triptahiti.com\/fr\/manihi\/\",\"url\":\"https:\/\/triptahiti.com\/fr\/manihi\/\",\"name\":\"Voyage \u00e0 Manihi en Polyn\u00e9sie Fran\u00e7aise - Triptahiti\",\"isPartOf\":{\"@id\":\"https:\/\/triptahiti.com\/fr\/#website\"},\"primaryImageOfPage\":{\"@id\":\"https:\/\/triptahiti.com\/fr\/manihi\/#primaryimage\"},\"image\":{\"@id\":\"https:\/\/triptahiti.com\/fr\/manihi\/#primaryimage\"},\"thumbnailUrl\":\"https:\/\/triptahiti.com\/wp-content\/uploads\/2023\/02\/manihi-polinesia-francesa.webp\",\"datePublished\":\"2023-01-25T11:18:10+00:00\",\"dateModified\":\"2024-10-21T15:46:12+00:00\",\"description\":\"Tout ce que vous devez savoir pour visiter Manihi. Conseils de voyage, activit\u00e9s recommand\u00e9es, h\u00e9bergement et avis de voyageurs.\",\"breadcrumb\":{\"@id\":\"https:\/\/triptahiti.com\/fr\/manihi\/#breadcrumb\"},\"inLanguage\":\"fr-FR\",\"potentialAction\":[{\"@type\":\"ReadAction\",\"target\":[\"https:\/\/triptahiti.com\/fr\/manihi\/\"]}]},{\"@type\":\"ImageObject\",\"inLanguage\":\"fr-FR\",\"@id\":\"https:\/\/triptahiti.com\/fr\/manihi\/#primaryimage\",\"url\":\"https:\/\/triptahiti.com\/wp-content\/uploads\/2023\/02\/manihi-polinesia-francesa.webp\",\"contentUrl\":\"https:\/\/triptahiti.com\/wp-content\/uploads\/2023\/02\/manihi-polinesia-francesa.webp\",\"width\":1440,\"height\":800,\"caption\":\"Les eaux de Manihi depuis un bateau\"},{\"@type\":\"BreadcrumbList\",\"@id\":\"https:\/\/triptahiti.com\/fr\/manihi\/#breadcrumb\",\"itemListElement\":[{\"@type\":\"ListItem\",\"position\":1,\"name\":\"Tahiti\",\"item\":\"https:\/\/triptahiti.com\/fr\/\"},{\"@type\":\"ListItem\",\"position\":2,\"name\":\"Manihi\"}]},{\"@type\":\"WebSite\",\"@id\":\"https:\/\/triptahiti.com\/fr\/#website\",\"url\":\"https:\/\/triptahiti.com\/fr\/\",\"name\":\"Triptahiti\",\"description\":\"\",\"inLanguage\":\"fr-FR\"}]}<\/script>\n<!-- \/ Yoast SEO plugin. -->","yoast_head_json":{"title":"Voyage \u00e0 Manihi en Polyn\u00e9sie Fran\u00e7aise - Triptahiti","description":"Tout ce que vous devez savoir pour visiter Manihi. Conseils de voyage, activit\u00e9s recommand\u00e9es, h\u00e9bergement et avis de voyageurs.","robots":{"index":"index","follow":"follow","max-snippet":"max-snippet:-1","max-image-preview":"max-image-preview:large","max-video-preview":"max-video-preview:-1"},"canonical":"https:\/\/triptahiti.com\/fr\/manihi\/","og_locale":"fr_FR","og_type":"article","og_title":"Voyage \u00e0 Manihi en Polyn\u00e9sie Fran\u00e7aise - Triptahiti","og_description":"Tout ce que vous devez savoir pour visiter Manihi. Conseils de voyage, activit\u00e9s recommand\u00e9es, h\u00e9bergement et avis de voyageurs.","og_url":"https:\/\/triptahiti.com\/fr\/manihi\/","og_site_name":"Triptahiti","article_modified_time":"2024-10-21T15:46:12+00:00","og_image":[{"width":1440,"height":800,"url":"https:\/\/triptahiti.com\/wp-content\/uploads\/2023\/02\/manihi-polinesia-francesa.webp","type":"image\/webp"}],"twitter_card":"summary_large_image","schema":{"@context":"https:\/\/schema.org","@graph":[{"@type":"WebPage","@id":"https:\/\/triptahiti.com\/fr\/manihi\/","url":"https:\/\/triptahiti.com\/fr\/manihi\/","name":"Voyage \u00e0 Manihi en Polyn\u00e9sie Fran\u00e7aise - Triptahiti","isPartOf":{"@id":"https:\/\/triptahiti.com\/fr\/#website"},"primaryImageOfPage":{"@id":"https:\/\/triptahiti.com\/fr\/manihi\/#primaryimage"},"image":{"@id":"https:\/\/triptahiti.com\/fr\/manihi\/#primaryimage"},"thumbnailUrl":"https:\/\/triptahiti.com\/wp-content\/uploads\/2023\/02\/manihi-polinesia-francesa.webp","datePublished":"2023-01-25T11:18:10+00:00","dateModified":"2024-10-21T15:46:12+00:00","description":"Tout ce que vous devez savoir pour visiter Manihi. Conseils de voyage, activit\u00e9s recommand\u00e9es, h\u00e9bergement et avis de voyageurs.","breadcrumb":{"@id":"https:\/\/triptahiti.com\/fr\/manihi\/#breadcrumb"},"inLanguage":"fr-FR","potentialAction":[{"@type":"ReadAction","target":["https:\/\/triptahiti.com\/fr\/manihi\/"]}]},{"@type":"ImageObject","inLanguage":"fr-FR","@id":"https:\/\/triptahiti.com\/fr\/manihi\/#primaryimage","url":"https:\/\/triptahiti.com\/wp-content\/uploads\/2023\/02\/manihi-polinesia-francesa.webp","contentUrl":"https:\/\/triptahiti.com\/wp-content\/uploads\/2023\/02\/manihi-polinesia-francesa.webp","width":1440,"height":800,"caption":"Les eaux de Manihi depuis un bateau"},{"@type":"BreadcrumbList","@id":"https:\/\/triptahiti.com\/fr\/manihi\/#breadcrumb","itemListElement":[{"@type":"ListItem","position":1,"name":"Tahiti","item":"https:\/\/triptahiti.com\/fr\/"},{"@type":"ListItem","position":2,"name":"Manihi"}]},{"@type":"WebSite","@id":"https:\/\/triptahiti.com\/fr\/#website","url":"https:\/\/triptahiti.com\/fr\/","name":"Triptahiti","description":"","inLanguage":"fr-FR"}]}},"_links":{"self":[{"href":"https:\/\/triptahiti.com\/fr\/wp-json\/wp\/v2\/pages\/9320","targetHints":{"allow":["GET"]}}],"collection":[{"href":"https:\/\/triptahiti.com\/fr\/wp-json\/wp\/v2\/pages"}],"about":[{"href":"https:\/\/triptahiti.com\/fr\/wp-json\/wp\/v2\/types\/page"}],"author":[{"embeddable":true,"href":"https:\/\/triptahiti.com\/fr\/wp-json\/wp\/v2\/users\/5"}],"replies":[{"embeddable":true,"href":"https:\/\/triptahiti.com\/fr\/wp-json\/wp\/v2\/comments?post=9320"}],"version-history":[{"count":1,"href":"https:\/\/triptahiti.com\/fr\/wp-json\/wp\/v2\/pages\/9320\/revisions"}],"predecessor-version":[{"id":9321,"href":"https:\/\/triptahiti.com\/fr\/wp-json\/wp\/v2\/pages\/9320\/revisions\/9321"}],"wp:featuredmedia":[{"embeddable":true,"href":"https:\/\/triptahiti.com\/fr\/wp-json\/wp\/v2\/media\/8983"}],"wp:attachment":[{"href":"https:\/\/triptahiti.com\/fr\/wp-json\/wp\/v2\/media?parent=9320"}],"curies":[{"name":"wp","href":"https:\/\/api.w.org\/{rel}","templated":true}]}}