{"id":6567,"date":"2023-02-03T09:55:24","date_gmt":"2023-02-03T08:55:24","guid":{"rendered":"https:\/\/triptahiti.com\/?page_id=6567"},"modified":"2024-02-27T11:47:45","modified_gmt":"2024-02-27T10:47:45","slug":"politica-de-cookies","status":"publish","type":"page","link":"https:\/\/triptahiti.com\/es\/politica-de-cookies\/","title":{"rendered":"Pol\u00edtica de Cookies"},"content":{"rendered":"<p><strong>Identificaci\u00f3n del Responsable de Tratamiento<\/strong>: La responsable del tratamiento de los datos recabados es la mercantil CR\u00c1NEO PRIVILEGIADO, S.L., con domicilio social en C\/ Copenhague 15, 28822, Coslada, Madrid, Espa\u00f1a, debidamente inscrita en el Registro Mercantil de Madrid, al Tomo 31.989, Libro: 0, Folio 14, Secci\u00f3n 8, Hoja: M- 575.635, con C.I.F.: B86930716. En adelante TRIPTAHITI.<\/p>\n<p>TRIPTAHITI es la titular del Sitio Web destinopolinesia.com y de todos los subdominios y directorios incluidos en el mismo (en adelante, conjuntamente denominados como el Sitio Web).<\/p>\n<p>Puedes ponerte en contacto con TRIPTAHITI, para cualquier aspecto relacionado con esta pol\u00edtica de cookies, en la direcci\u00f3n de correo electr\u00f3nico: <a href=\"mailto:info@triptahiti.com\">info@triptahiti.com<\/a><\/p>\n<p>&#8211; <strong>\u00bfQu\u00e9 son las cookies?:<\/strong> Una cookie es un dispositivo o peque\u00f1o archivo que el servidor de este Sitio Web env\u00eda al navegador del terminal (ordenador, smartphone, tablet, etc.) desde el que te conectas, con la finalidad de almacenar informaci\u00f3n sobre la navegaci\u00f3n que efect\u00faas desde dicho terminal, que podr\u00e1, en su caso, ser recuperada con posterioridad.<\/p>\n<p><strong>2.1. \u00bfQu\u00e9 tipos de cookies existen?<\/strong>: Existen diferentes categor\u00edas de cookies, pero una misma cookie puede estar incluida en m\u00e1s de una categor\u00eda:<\/p>\n<p><strong>2.1.1. Tipos de cookies seg\u00fan la entidad que las gestione<\/strong>: Seg\u00fan quien sea la entidad que gestione el equipo o dominio desde donde se env\u00edan las cookies y trate los datos que se obtengan, podemos distinguir:<\/p>\n<p>\u2013 <strong>Cookies propias<\/strong>: Son aqu\u00e9llas que se env\u00edan al equipo terminal del usuario desde un equipo o dominio gestionado por el titular\/editor del Sitio Web y desde el que se presta el servicio solicitado por el usuario.<\/p>\n<p>\u2013 <strong>Cookies de tercero<\/strong>: Son aqu\u00e9llas que se env\u00edan al equipo terminal del usuario desde un equipo o dominio que no es gestionado por el titular\/editor del Sitio Web, sino por otra entidad que trata los datos obtenidos trav\u00e9s de las cookies.<\/p>\n<p>En caso de que las cookies sean instaladas desde un equipo o dominio gestionado por el propio titular\/editor del Sitio Web pero la informaci\u00f3n que se recoja mediante \u00e9stas sea gestionada por un tercero, no pueden ser consideradas como cookies propias.<\/p>\n<p><strong>2.1.2. Tipos de cookie seg\u00fan el plazo de tiempo que permanecen activadas<\/strong>:<\/p>\n<p>\u2013 <strong>Cookies de sesi\u00f3n<\/strong>: Son un tipo de cookies dise\u00f1adas para recabar y almacenar datos mientras el usuario accede a una p\u00e1gina web. Se suelen emplear para almacenar informaci\u00f3n que solo interesa conservar para la prestaci\u00f3n del servicio solicitado por el usuario en una sola ocasi\u00f3n.<\/p>\n<p>\u2013 <strong>Cookies persistentes<\/strong>: Son un tipo de cookies en el que los datos siguen almacenados en el terminal y pueden ser accedidos y tratados durante un periodo definido por el responsable de la cookie, y que puede ir de unos minutos a varios a\u00f1os.<\/p>\n<p><strong>2.1.3. Tipo de cookie seg\u00fan su finalidad<\/strong>: Seg\u00fan la finalidad para la que se traten los datos obtenidos a trav\u00e9s de las cookies, podemos distinguir entre:<\/p>\n<p>\u2013 <strong>Cookies t\u00e9cnicas<\/strong>: Son aqu\u00e9llas que permiten al usuario la navegaci\u00f3n a trav\u00e9s de una p\u00e1gina web, plataforma o aplicaci\u00f3n y la utilizaci\u00f3n de las diferentes opciones o servicios que en ella existan como, por ejemplo, controlar el tr\u00e1fico y la comunicaci\u00f3n de datos, identificar la sesi\u00f3n, acceder a partes de acceso restringido, recordar los elementos que integran un pedido, realizar el proceso de compra de un pedido, realizar la solicitud de inscripci\u00f3n o participaci\u00f3n en un evento, utilizar elementos de seguridad durante la navegaci\u00f3n, almacenar contenidos para la difusi\u00f3n de videos o sonido o compartir contenidos a trav\u00e9s de redes sociales.<\/p>\n<p>\u2013 <strong>Cookies de personalizaci\u00f3n<\/strong>: Son aqu\u00e9llas que permiten al usuario acceder al servicio con algunas caracter\u00edsticas de car\u00e1cter general predefinidas en funci\u00f3n de una serie de criterios en el terminal del usuario como por ejemplo serian el idioma, el tipo de navegador a trav\u00e9s del cual accede al servicio, la configuraci\u00f3n regional desde donde accede al servicio, etc.<\/p>\n<p>\u2013 <strong>Cookies de an\u00e1lisis<\/strong>: Son aqu\u00e9llas que permiten al responsable de estas, el seguimiento y an\u00e1lisis del comportamiento de los usuarios de los sitios web a los que est\u00e1n vinculadas. La informaci\u00f3n recogida mediante este tipo de cookies se utiliza en la medici\u00f3n de la actividad de los sitios web, aplicaci\u00f3n o plataforma y para la elaboraci\u00f3n de perfiles de navegaci\u00f3n de los usuarios de dichos sitios, aplicaciones y plataformas, con el fin de introducir mejoras en funci\u00f3n del an\u00e1lisis de los datos de uso que hacen los usuarios del servicio.<\/p>\n<p>\u2013 <strong>Cookies publicitarias<\/strong>: Son aqu\u00e9llas que permiten la gesti\u00f3n, de la forma m\u00e1s eficaz posible, de los espacios publicitarios que, en su caso, el editor haya incluido en una p\u00e1gina web, aplicaci\u00f3n o plataforma desde la que presta el servicio solicitado en base a criterios como el contenido editado o la frecuencia en la que se muestran los anuncios.<\/p>\n<p>\u2013 <strong>Cookies de publicidad comportamental<\/strong>: Son aqu\u00e9llas que permiten la gesti\u00f3n, de la forma m\u00e1s eficaz posible, de los espacios publicitarios que, en su caso, el editor haya incluido en una p\u00e1gina web, aplicaci\u00f3n o plataforma desde la que presta el servicio solicitado. Estas cookies almacenan informaci\u00f3n del comportamiento de los usuarios obtenida a trav\u00e9s de la observaci\u00f3n continuada de sus h\u00e1bitos de navegaci\u00f3n, lo que permite desarrollar un perfil espec\u00edfico para mostrar publicidad en funci\u00f3n de este.<\/p>\n<p><strong>Cookies de afiliaci\u00f3n<\/strong>: Cuya finalidad es detectar que una visita a un sitio web proviene de un enlace ubicado en otro sitio web, recibiendo el titular de este \u00faltimo una compensaci\u00f3n por la redirecci\u00f3n del usuario.<\/p>\n<p>&nbsp;<\/p>\n<p><strong>\u00bfQu\u00e9 cookies utilizamos en TRIPTAHITI?:<\/strong><br \/>\n<strong>3.1. Cookies propias:<\/strong><\/p>\n<p>\u2013 De sesi\u00f3n: Necesarias para el correcto uso de la p\u00e1gina web, la navegaci\u00f3n de forma ininterrumpida recordando opciones de idioma o pa\u00eds. Se utilizan para identificar la misma sesi\u00f3n temporal de un usuario o sesi\u00f3n de navegaci\u00f3n, midiendo as\u00ed, por ejemplo, la frecuencia.<\/p>\n<p>\u2013 T\u00e9cnicas: Almacenan informaci\u00f3n gen\u00e9rica y an\u00f3nima que no incluye datos de car\u00e1cter personal cuyo objetivo es garantizar el funcionamiento de la web.<\/p>\n<p>\u2013 De registro: Se crean con el registro de un usuario (log-in). Se utilizan para identificar al usuario una vez se ha autenticado dentro del Sitio Web.<\/p>\n<p><strong>3.2. Cookies de terceros:<\/strong><\/p>\n<p><strong>3.2.1. Cookies anal\u00edticas:<\/strong><\/p>\n<p>\u2013 De <strong>Google Analytics<\/strong>: M\u00e1s informaci\u00f3n:<\/p>\n<p><a href=\"https:\/\/policies.google.com\/privacy?hl=en\">http:\/\/www.google.com\/intl\/en\/policies\/privacy\/<\/a><\/p>\n<p>\u2013 De <strong>Google Tag Manager<\/strong>: Google Tag Manager es un sistema de administraci\u00f3n de etiquetas que permite actualizar de forma f\u00e1cil y r\u00e1pida las etiquetas y los fragmentos de c\u00f3digo de un sitio web o de sus aplicaciones m\u00f3viles, como los destinados al an\u00e1lisis del tr\u00e1fico y a optimizar las campa\u00f1as de marketing. Puede a\u00f1adir y actualizar etiquetas personalizadas, de terceros o de AdWords, Google Analytics, Firebase Analytics y Floodlight desde la interfaz de usuario de Tag Manager en lugar de cambiar el c\u00f3digo de los sitios web.<\/p>\n<p>M\u00e1s informaci\u00f3n:<\/p>\n<p><a href=\"https:\/\/support.google.com\/tagmanager\/answer\/6102821?hl=es\">https:\/\/support.google.com\/tagmanager\/answer\/6102821?hl=es<\/a><\/p>\n<p><a href=\"https:\/\/policies.google.com\/privacy\">https:\/\/www.google.com\/policies\/privacy\/<\/a><\/p>\n<p>De <strong>WordPress Stats<\/strong>: M\u00e1s Informaci\u00f3n:<br \/>\n<a href=\"https:\/\/wordpress.com\/support\/stats\/\">https:\/\/en.support.wordpress.com\/stats\/<\/a><br \/>\n<a href=\"https:\/\/automattic.com\/privacy\/\">https:\/\/automattic.com\/privacy\/<\/a><\/p>\n<p>La anal\u00edtica web no permite obtener informaci\u00f3n sobre el nombre, apellidos o direcci\u00f3n de correo electr\u00f3nico o postal del usuario. La informaci\u00f3n obtenida es la relativa al n\u00famero de usuarios que acceden a la web, el n\u00famero de p\u00e1ginas vistas, la frecuencia y repetici\u00f3n de las visitas, su duraci\u00f3n, el navegador utilizado, el operador que presta el servicio, el idioma, el terminal utilizado o la ciudad a la que est\u00e1 asignada la direcci\u00f3n IP.<\/p>\n<p><strong>3.2.2. Cookies publicitarias y de publicidad comportamental:<\/strong><\/p>\n<p>\u2013 De <strong>DoubleClick Digital Marketing by Google<\/strong>: Cookies del servidor de anuncios (Adserver) de DoubleClick que se utilizan para el seguimiento de conversiones y optimizaci\u00f3n del tr\u00e1fico.<\/p>\n<p>M\u00e1s informaci\u00f3n: <a href=\"https:\/\/support.google.com\/faqs\/answer\/2727482?hl=en\">https:\/\/support.google.com\/faqs\/answer\/2727482?hl=en<\/a><\/p>\n<p>\u2013 De <strong>Google Dynamic Remarketing<\/strong>, Cookies de publicidad comportamental (remarketing), mediante la herramienta ofrecida por Google. Mediante el remarketing din\u00e1mico y la inserci\u00f3n de las correspondientes cookies en el navegador del usuario, \u00e9ste podr\u00e1 visualizar publicidad relacionada con los contenidos visitados en la Web, incluso cuando ya no est\u00e1 navegando por la misma.<\/p>\n<p>M\u00e1s informaci\u00f3n:<\/p>\n<p><a href=\"https:\/\/support.google.com\/google-ads\/topic\/3122874?hl=es&amp;ref_topic=3121935\">https:\/\/support.google.com\/adwords\/topic\/3122874?hl=es&amp;ref_topic=3121935<\/a><\/p>\n<p>\u2013 De <strong>Google AdWords Users Lists<\/strong>, Cookies anal\u00edticas y de publicidad comportamental: Recopilan datos de navegaci\u00f3n de manera an\u00f3nima para conocer los resultados de las campa\u00f1as realizadas. M\u00e1s informaci\u00f3n aqu\u00ed:<\/p>\n<p><a href=\"https:\/\/policies.google.com\/technologies\/cookies\">https:\/\/www.google.com\/policies\/technologies\/cookies\/<\/a><\/p>\n<p>\u2013 De <strong>Twitter Advertising y Twitter Conversion Tracking<\/strong>: M\u00e1s informaci\u00f3n:<\/p>\n<p><a href=\"https:\/\/twitter.com\/privacy?lang=en\">https:\/\/twitter.com\/privacy?lang=en<\/a><\/p>\n<p>\u2013 De <strong>Facebook Custom Audience, Facebook Impressions y P\u00edxel de Facebook<\/strong>: Sirven para dirigir anuncios al usuario sobre los productos o servicios que el usuario ha visitado, comprado y\/o utilizado en una p\u00e1gina espec\u00edfica de la Web. Asimismo, permiten limitar el n\u00famero de veces que se muestra un anuncio, de tal modo que el usuario no vea el mismo anuncio una y otra vez. Tambi\u00e9n se utilizan dichas cookies para medir el rendimiento de las campa\u00f1as publicitarias de negocios que utilizan los servicios de Facebook.<\/p>\n<p>M\u00e1s informaci\u00f3n: <a href=\"https:\/\/www.facebook.com\/privacy\/explanation\">https:\/\/www.facebook.com\/privacy\/explanation<\/a><\/p>\n<p><strong>3.2.3. Cookies de redes sociales externas<\/strong>: que se utilizan para que los visitantes puedan interactuar con el contenido de diferentes plataformas sociales (Facebook, YouTube, Twitter, LinkedIn, Instagram, etc.) y que se generan \u00fanicamente para los usuarios de dichas redes sociales. Las condiciones de utilizaci\u00f3n de estas cookies y la informaci\u00f3n recopilada se regulan por la pol\u00edtica de privacidad de la plataforma social correspondiente.<\/p>\n<p>M\u00e1s informaci\u00f3n:<\/p>\n<p><a href=\"https:\/\/www.facebook.com\/help\/cookies\/\">https:\/\/www.facebook.com\/help\/cookies\/<\/a><\/p>\n<p><a href=\"https:\/\/www.google.com\/intl\/es_es\/policies\/technologies\/types\/\">https:\/\/www.google.com\/intl\/es_es\/policies\/technologies\/types\/<\/a><\/p>\n<p><a href=\"https:\/\/help.twitter.com\/es\/rules-and-policies\/twitter-cookies\">https:\/\/help.twitter.com\/es\/rules-and-policies\/twitter-cookies<\/a><\/p>\n<p><a href=\"https:\/\/www.instagram.com\/legal\/cookies\/\">https:\/\/www.instagram.com\/legal\/cookies\/<\/a><\/p>\n<p>&nbsp;<\/p>\n<p>Informaci\u00f3n sobre c\u00f3mo bloquear las cookies, como desactivarlas y\/o bloquearlas: El usuario podr\u00e1 -en cualquier momento- gestionar el uso de cookies a trav\u00e9s del navegador instalado en su terminal. En los enlaces siguientes puede encontrarse informaci\u00f3n sobre qu\u00e9 cookies tiene el usuario instaladas en su navegador, permitir su instalaci\u00f3n, bloquearlas o eliminarlas de su equipo:<br \/>\nChrome, desde:<\/p>\n<p><a href=\"https:\/\/support.google.com\/chrome\/answer\/95647?hl=es\">https:\/\/support.google.com\/chrome\/answer\/95647?hl=es<\/a><\/p>\n<p>Explorer, desde:<\/p>\n<p><a href=\"https:\/\/support.microsoft.com\/es-es\/windows\/eliminar-y-administrar-cookies-168dab11-0753-043d-7c16-ede5947fc64d\">https:\/\/support.microsoft.com\/es-es\/windows\/eliminar-y-administrar-cookies-168dab11-0753-043d-7c16-ede5947fc64d<\/a><\/p>\n<p>Firefox, desde:<\/p>\n<p><a href=\"https:\/\/support.mozilla.org\/es\/kb\/habilitar-y-deshabilitar-cookies-sitios-web-rastrear-preferencias\">https:\/\/support.mozilla.org\/es\/kb\/habilitar-y-deshabilitar-cookies-sitios-web-rastrear-preferencias<\/a><\/p>\n<p>Safari, desde:<\/p>\n<p><a href=\"https:\/\/support.apple.com\/es-es\/guide\/safari\/sfri11471\/mac\">https:\/\/support.apple.com\/es-es\/guide\/safari\/sfri11471\/mac<\/a><\/p>\n<p>Opera, desde: <a href=\"https:\/\/help.opera.com\/en\/latest\/web-preferences\/\">https:\/\/help.opera.com\/en\/latest\/web-preferences\/<\/a><\/p>\n<p>Existen herramientas de terceros, disponibles on line, que permiten a los usuarios detectar las cookies en cada sitio web que visita y gestionar su desactivaci\u00f3n, como por ejemplo Ghostery (<a href=\"https:\/\/www.ghostery.com\/\">https:\/\/www.ghostery.com\/<\/a>).<\/p>\n<p>Los navegadores web son las herramientas encargadas de almacenar las cookies y desde este lugar el usuario puede ejercitar su derecho a eliminaci\u00f3n o desactivaci\u00f3n de estas. Ni esta web ni sus representantes legales pueden garantizar la correcta o incorrecta manipulaci\u00f3n de las cookies por parte de los mencionados navegadores.<\/p>\n<p>En algunos casos es necesario instalar cookies para que el navegador no olvide la decisi\u00f3n del usuario de no aceptaci\u00f3n de estas.<\/p>\n","protected":false},"excerpt":{"rendered":"<p>Identificaci\u00f3n del Responsable de Tratamiento: La responsable del tratamiento de los datos recabados es la mercantil CR\u00c1NEO PRIVILEGIADO, S.L., con domicilio social en C\/ Copenhague [&hellip;]<\/p>\n","protected":false},"author":3,"featured_media":0,"parent":0,"menu_order":0,"comment_status":"closed","ping_status":"closed","template":"","meta":{"footnotes":""},"class_list":["post-6567","page","type-page","status-publish","hentry"],"yoast_head":"<!-- This site is optimized with the Yoast SEO plugin v23.0 - https:\/\/yoast.com\/wordpress\/plugins\/seo\/ -->\n<title>Pol\u00edtica de Cookies - Triptahiti<\/title>\n<meta name=\"robots\" content=\"index, follow, max-snippet:-1, max-image-preview:large, max-video-preview:-1\" \/>\n<link rel=\"canonical\" href=\"https:\/\/triptahiti.com\/es\/politica-de-cookies\/\" \/>\n<meta property=\"og:locale\" content=\"es_ES\" \/>\n<meta property=\"og:type\" content=\"article\" \/>\n<meta property=\"og:title\" content=\"Pol\u00edtica de Cookies - Triptahiti\" \/>\n<meta property=\"og:description\" content=\"Identificaci\u00f3n del Responsable de Tratamiento: La responsable del tratamiento de los datos recabados es la mercantil CR\u00c1NEO PRIVILEGIADO, S.L., con domicilio social en C\/ Copenhague [&hellip;]\" \/>\n<meta property=\"og:url\" content=\"https:\/\/triptahiti.com\/es\/politica-de-cookies\/\" \/>\n<meta property=\"og:site_name\" content=\"Triptahiti\" \/>\n<meta property=\"article:modified_time\" content=\"2024-02-27T10:47:45+00:00\" \/>\n<meta name=\"twitter:card\" content=\"summary_large_image\" \/>\n<meta name=\"twitter:label1\" content=\"Tiempo de lectura\" \/>\n\t<meta name=\"twitter:data1\" content=\"8 minutos\" \/>\n<script type=\"application\/ld+json\" class=\"yoast-schema-graph\">{\"@context\":\"https:\/\/schema.org\",\"@graph\":[{\"@type\":\"WebPage\",\"@id\":\"https:\/\/triptahiti.com\/es\/politica-de-cookies\/\",\"url\":\"https:\/\/triptahiti.com\/es\/politica-de-cookies\/\",\"name\":\"Pol\u00edtica de Cookies - Triptahiti\",\"isPartOf\":{\"@id\":\"https:\/\/triptahiti.com\/es\/#website\"},\"datePublished\":\"2023-02-03T08:55:24+00:00\",\"dateModified\":\"2024-02-27T10:47:45+00:00\",\"breadcrumb\":{\"@id\":\"https:\/\/triptahiti.com\/es\/politica-de-cookies\/#breadcrumb\"},\"inLanguage\":\"es\",\"potentialAction\":[{\"@type\":\"ReadAction\",\"target\":[\"https:\/\/triptahiti.com\/es\/politica-de-cookies\/\"]}]},{\"@type\":\"BreadcrumbList\",\"@id\":\"https:\/\/triptahiti.com\/es\/politica-de-cookies\/#breadcrumb\",\"itemListElement\":[{\"@type\":\"ListItem\",\"position\":1,\"name\":\"Tahiti\",\"item\":\"https:\/\/triptahiti.com\/es\/\"},{\"@type\":\"ListItem\",\"position\":2,\"name\":\"Pol\u00edtica de Cookies\"}]},{\"@type\":\"WebSite\",\"@id\":\"https:\/\/triptahiti.com\/es\/#website\",\"url\":\"https:\/\/triptahiti.com\/es\/\",\"name\":\"Triptahiti\",\"description\":\"\",\"inLanguage\":\"es\"}]}<\/script>\n<!-- \/ Yoast SEO plugin. -->","yoast_head_json":{"title":"Pol\u00edtica de Cookies - Triptahiti","robots":{"index":"index","follow":"follow","max-snippet":"max-snippet:-1","max-image-preview":"max-image-preview:large","max-video-preview":"max-video-preview:-1"},"canonical":"https:\/\/triptahiti.com\/es\/politica-de-cookies\/","og_locale":"es_ES","og_type":"article","og_title":"Pol\u00edtica de Cookies - Triptahiti","og_description":"Identificaci\u00f3n del Responsable de Tratamiento: La responsable del tratamiento de los datos recabados es la mercantil CR\u00c1NEO PRIVILEGIADO, S.L., con domicilio social en C\/ Copenhague [&hellip;]","og_url":"https:\/\/triptahiti.com\/es\/politica-de-cookies\/","og_site_name":"Triptahiti","article_modified_time":"2024-02-27T10:47:45+00:00","twitter_card":"summary_large_image","twitter_misc":{"Tiempo de lectura":"8 minutos"},"schema":{"@context":"https:\/\/schema.org","@graph":[{"@type":"WebPage","@id":"https:\/\/triptahiti.com\/es\/politica-de-cookies\/","url":"https:\/\/triptahiti.com\/es\/politica-de-cookies\/","name":"Pol\u00edtica de Cookies - Triptahiti","isPartOf":{"@id":"https:\/\/triptahiti.com\/es\/#website"},"datePublished":"2023-02-03T08:55:24+00:00","dateModified":"2024-02-27T10:47:45+00:00","breadcrumb":{"@id":"https:\/\/triptahiti.com\/es\/politica-de-cookies\/#breadcrumb"},"inLanguage":"es","potentialAction":[{"@type":"ReadAction","target":["https:\/\/triptahiti.com\/es\/politica-de-cookies\/"]}]},{"@type":"BreadcrumbList","@id":"https:\/\/triptahiti.com\/es\/politica-de-cookies\/#breadcrumb","itemListElement":[{"@type":"ListItem","position":1,"name":"Tahiti","item":"https:\/\/triptahiti.com\/es\/"},{"@type":"ListItem","position":2,"name":"Pol\u00edtica de Cookies"}]},{"@type":"WebSite","@id":"https:\/\/triptahiti.com\/es\/#website","url":"https:\/\/triptahiti.com\/es\/","name":"Triptahiti","description":"","inLanguage":"es"}]}},"_links":{"self":[{"href":"https:\/\/triptahiti.com\/es\/wp-json\/wp\/v2\/pages\/6567","targetHints":{"allow":["GET"]}}],"collection":[{"href":"https:\/\/triptahiti.com\/es\/wp-json\/wp\/v2\/pages"}],"about":[{"href":"https:\/\/triptahiti.com\/es\/wp-json\/wp\/v2\/types\/page"}],"author":[{"embeddable":true,"href":"https:\/\/triptahiti.com\/es\/wp-json\/wp\/v2\/users\/3"}],"replies":[{"embeddable":true,"href":"https:\/\/triptahiti.com\/es\/wp-json\/wp\/v2\/comments?post=6567"}],"version-history":[{"count":2,"href":"https:\/\/triptahiti.com\/es\/wp-json\/wp\/v2\/pages\/6567\/revisions"}],"predecessor-version":[{"id":9941,"href":"https:\/\/triptahiti.com\/es\/wp-json\/wp\/v2\/pages\/6567\/revisions\/9941"}],"wp:attachment":[{"href":"https:\/\/triptahiti.com\/es\/wp-json\/wp\/v2\/media?parent=6567"}],"curies":[{"name":"wp","href":"https:\/\/api.w.org\/{rel}","templated":true}]}}