{"id":5929,"date":"2023-02-03T10:12:24","date_gmt":"2023-02-03T09:12:24","guid":{"rendered":"https:\/\/triptahiti.com\/?page_id=5929"},"modified":"2024-07-02T11:38:21","modified_gmt":"2024-07-02T10:38:21","slug":"terminos-de-uso","status":"publish","type":"page","link":"https:\/\/triptahiti.com\/es\/terminos-de-uso\/","title":{"rendered":"T\u00e9rminos de uso"},"content":{"rendered":"<p><strong>Datos Identificativos<\/strong>: La titular del Sitio Web destinopolinesia.com, y de todos los subdominios y directorios incluidos en el mismo (en adelante conjuntamente denominados como el \u201cSitio Web\u201d) es CR\u00c1NEO PREVILEGIADO S.L., con domicilio social en C\/ Copenhague 15, 28822, Coslada, Madrid, Espa\u00f1a, debidamente inscrita en el Registro Mercantil de Madrid al Tomo 31.989, Libro: 0, Folio 14, Secci\u00f3n 8, Hoja: M- 575.635 con C.I.F.: B86930716. En adelante TRIPTAHITI.<br \/>\nPuedes contactar de forma directa y efectiva con TRIPTAHITI en la direcci\u00f3n de correo electr\u00f3nico: <a href=\"mailto:info@triptahiti.com\">info@triptahiti.com<\/a>.<\/p>\n<p><strong>Utilizaci\u00f3n del Sitio Web:<\/strong><br \/>\n<strong>2.1. Acceso<\/strong>: Con el acceso al Sitio Web declaras ser mayor de edad y estar facultado de la capacidad legal suficiente para vincularte a los t\u00e9rminos y condiciones que ponemos a tu disposici\u00f3n, y que lo haces bajo tu \u00fanica y exclusiva responsabilidad. Si no est\u00e1s de acuerdo con el contenido de los presentes t\u00e9rminos de uso, debes abandonar el Sitio Web.<\/p>\n<p>El acceso al Sitio Web es totalmente libre y gratuito y a trav\u00e9s de sus diferentes secciones te proporcionamos multitud de contenidos sobre viajes, alojamientos, servicios de restauraci\u00f3n, servicios, etc.<\/p>\n<p>En el Sitio Web se mostrar\u00e1 publicidad en virtud de los contratos que tenemos suscritos con los anunciantes o con plataformas de afiliaci\u00f3n.<\/p>\n<p><strong>2.2. Formulario de contacto<\/strong>: Si lo deseas puedes contactar con nosotros a trav\u00e9s del formulario de contacto dispuesto a tal fin, facilitando tu nombre, correo electr\u00f3nico, un n\u00ba de tel\u00e9fono e indicando cual es el motivo de tu consulta, habiendo le\u00eddo y, en caso de estar conforme, aceptado nuestra <a href=\"https:\/\/triptahiti.com\/es\/politica-de-privacidad\/\">Pol\u00edtica de Privacidad<\/a>.<\/p>\n<p><strong>2.3. Comentarios a los art\u00edculo<\/strong>s: Si lo deseas, puedes dejar un comentario en cualquiera de los art\u00edculos publicados en el Sitio Web. A tal fin deber\u00e1s completar el formulario dispuesto a tal fin proporcionando tu nombre y tu correo electr\u00f3nico, habiendo le\u00eddo y, en caso de estar conforme, aceptado nuestra <a href=\"https:\/\/triptahiti.com\/es\/politica-de-privacidad\/\">Pol\u00edtica de Privacidad<\/a>.<\/p>\n<p><strong>2.4. Marketing de Afiliaci\u00f3n<\/strong>: TRIPTAHITI asimismo realiza marketing de afiliaci\u00f3n, poniendo a disposici\u00f3n de las empresas anunciantes o de plataformas de afiliaci\u00f3n, que contratan los servicios de TRIPTAHITI, espacios comerciales en el Sitio Web para la obtenci\u00f3n de ingresos, en funci\u00f3n de los resultados obtenidos por generar tr\u00e1fico a las p\u00e1ginas de producto (generalmente p\u00e1ginas espec\u00edficas de promociones u ofertas llamadas p\u00e1ginas de aterrizaje o \u201clanding pages\u201d) dise\u00f1adas por los anunciantes y de su titularidad y sobre las que DESTINO POLINESIA no ostenta ning\u00fan tipo de control.<\/p>\n<p>En concreto, TRIPTAHITI participa en el programa de asociados de Amazon Services, LLC, un programa de publicidad de afiliados dise\u00f1ado para proporcionar un medio para que los sitios web obtengan comisiones por publicitar y enlazar a amazon.com, amazon.com.uk, amazon.ca, amazon.es, amazon.fr, amazon.de, amazon.it, etc.<\/p>\n<p>Se advierte que en la Web se han dispuesto enlaces que redirigen a esas empresas anunciantes (como Amazon) y que al hacer click sobre esos enlaces, la Web del anunciante instala en el dispositivo del usuario una cookie o archivo que almacena y\/o recupera informaci\u00f3n, cuya finalidad es recordar que el usuario ha entrado a la Web del anunciante a trav\u00e9s de alguno de los enlaces calificados de nuestra Web, para as\u00ed poder calcular la retribuci\u00f3n al afiliado en funci\u00f3n de la acci\u00f3n realizada por el usuario.<\/p>\n<p><strong>2.5. Uso adecuado del Sitio Web<\/strong>: Con el acceso y utilizaci\u00f3n del Sitio Web te obligas en todo momento a hacer un uso adecuado de los recursos que ponemos a tu disposici\u00f3n, conforme a lo previsto en los presentes t\u00e9rminos de uso y respetando en todo momento la moral, el orden p\u00fablico, las buenas costumbres y la legalidad vigente, sin perjudicar a TRIPTAHITI, ni a ning\u00fan tercero, por lo que te comprometes a:<\/p>\n<ul>\n<li>a) no utilizar tales recursos para incurrir en actividades il\u00edcitas, contrarias a la buena fe o al orden p\u00fablico;<\/li>\n<li>\u00a0b) no provocar da\u00f1os en los sistemas f\u00edsicos y l\u00f3gicos de TRIPTAHITI, de sus proveedores o de terceras personas<\/li>\n<li>\u00a0c) no introducir o difundir en la red virus inform\u00e1ticos o cualesquiera otros sistemas f\u00edsicos o l\u00f3gicos que sean susceptibles de provocar da\u00f1os a TRIPTAHITI o a terceros.<\/li>\n<\/ul>\n<p><strong>2.6. Participaci\u00f3n del usuario<\/strong>: En el caso de que a trav\u00e9s de cualquiera de las p\u00e1ginas del Sito Web se permita tu participaci\u00f3n, mediante la realizaci\u00f3n de comentarios o la generaci\u00f3n de contenidos, queda absolutamente prohibido difundir contenidos o propaganda de car\u00e1cter il\u00edcito, racista, xen\u00f3fobo, de apolog\u00eda del terrorismo, atentatorio contra los derechos humanos, o que inciten al odio, vulneren la dignidad de la persona, o sean de car\u00e1cter injurioso, calumnioso o contra el orden o la seguridad p\u00fablica.<\/p>\n<p>TRIPTAHITI se reserva el derecho de retirar todos aquellos comentarios y\/o contenidos, que incumplan lo anteriormente expuesto o que no resultaran adecuados para su publicaci\u00f3n en el Sitio Web.<\/p>\n","protected":false},"excerpt":{"rendered":"<p>Datos Identificativos: La titular del Sitio Web destinopolinesia.com, y de todos los subdominios y directorios incluidos en el mismo (en adelante conjuntamente denominados como el [&hellip;]<\/p>\n","protected":false},"author":5,"featured_media":0,"parent":0,"menu_order":0,"comment_status":"closed","ping_status":"closed","template":"","meta":{"footnotes":""},"class_list":["post-5929","page","type-page","status-publish","hentry"],"yoast_head":"<!-- This site is optimized with the Yoast SEO plugin v23.0 - https:\/\/yoast.com\/wordpress\/plugins\/seo\/ -->\n<title>T\u00e9rminos de uso - Triptahiti<\/title>\n<meta name=\"robots\" content=\"index, follow, max-snippet:-1, max-image-preview:large, max-video-preview:-1\" \/>\n<link rel=\"canonical\" href=\"https:\/\/triptahiti.com\/es\/terminos-de-uso\/\" \/>\n<meta property=\"og:locale\" content=\"es_ES\" \/>\n<meta property=\"og:type\" content=\"article\" \/>\n<meta property=\"og:title\" content=\"T\u00e9rminos de uso - Triptahiti\" \/>\n<meta property=\"og:description\" content=\"Datos Identificativos: La titular del Sitio Web destinopolinesia.com, y de todos los subdominios y directorios incluidos en el mismo (en adelante conjuntamente denominados como el [&hellip;]\" \/>\n<meta property=\"og:url\" content=\"https:\/\/triptahiti.com\/es\/terminos-de-uso\/\" \/>\n<meta property=\"og:site_name\" content=\"Triptahiti\" \/>\n<meta property=\"article:modified_time\" content=\"2024-07-02T10:38:21+00:00\" \/>\n<meta name=\"twitter:card\" content=\"summary_large_image\" \/>\n<meta name=\"twitter:label1\" content=\"Tiempo de lectura\" \/>\n\t<meta name=\"twitter:data1\" content=\"4 minutos\" \/>\n<script type=\"application\/ld+json\" class=\"yoast-schema-graph\">{\"@context\":\"https:\/\/schema.org\",\"@graph\":[{\"@type\":\"WebPage\",\"@id\":\"https:\/\/triptahiti.com\/es\/terminos-de-uso\/\",\"url\":\"https:\/\/triptahiti.com\/es\/terminos-de-uso\/\",\"name\":\"T\u00e9rminos de uso - Triptahiti\",\"isPartOf\":{\"@id\":\"https:\/\/triptahiti.com\/es\/#website\"},\"datePublished\":\"2023-02-03T09:12:24+00:00\",\"dateModified\":\"2024-07-02T10:38:21+00:00\",\"breadcrumb\":{\"@id\":\"https:\/\/triptahiti.com\/es\/terminos-de-uso\/#breadcrumb\"},\"inLanguage\":\"es\",\"potentialAction\":[{\"@type\":\"ReadAction\",\"target\":[\"https:\/\/triptahiti.com\/es\/terminos-de-uso\/\"]}]},{\"@type\":\"BreadcrumbList\",\"@id\":\"https:\/\/triptahiti.com\/es\/terminos-de-uso\/#breadcrumb\",\"itemListElement\":[{\"@type\":\"ListItem\",\"position\":1,\"name\":\"Tahiti\",\"item\":\"https:\/\/triptahiti.com\/es\/\"},{\"@type\":\"ListItem\",\"position\":2,\"name\":\"T\u00e9rminos de uso\"}]},{\"@type\":\"WebSite\",\"@id\":\"https:\/\/triptahiti.com\/es\/#website\",\"url\":\"https:\/\/triptahiti.com\/es\/\",\"name\":\"Triptahiti\",\"description\":\"\",\"inLanguage\":\"es\"}]}<\/script>\n<!-- \/ Yoast SEO plugin. -->","yoast_head_json":{"title":"T\u00e9rminos de uso - Triptahiti","robots":{"index":"index","follow":"follow","max-snippet":"max-snippet:-1","max-image-preview":"max-image-preview:large","max-video-preview":"max-video-preview:-1"},"canonical":"https:\/\/triptahiti.com\/es\/terminos-de-uso\/","og_locale":"es_ES","og_type":"article","og_title":"T\u00e9rminos de uso - Triptahiti","og_description":"Datos Identificativos: La titular del Sitio Web destinopolinesia.com, y de todos los subdominios y directorios incluidos en el mismo (en adelante conjuntamente denominados como el [&hellip;]","og_url":"https:\/\/triptahiti.com\/es\/terminos-de-uso\/","og_site_name":"Triptahiti","article_modified_time":"2024-07-02T10:38:21+00:00","twitter_card":"summary_large_image","twitter_misc":{"Tiempo de lectura":"4 minutos"},"schema":{"@context":"https:\/\/schema.org","@graph":[{"@type":"WebPage","@id":"https:\/\/triptahiti.com\/es\/terminos-de-uso\/","url":"https:\/\/triptahiti.com\/es\/terminos-de-uso\/","name":"T\u00e9rminos de uso - Triptahiti","isPartOf":{"@id":"https:\/\/triptahiti.com\/es\/#website"},"datePublished":"2023-02-03T09:12:24+00:00","dateModified":"2024-07-02T10:38:21+00:00","breadcrumb":{"@id":"https:\/\/triptahiti.com\/es\/terminos-de-uso\/#breadcrumb"},"inLanguage":"es","potentialAction":[{"@type":"ReadAction","target":["https:\/\/triptahiti.com\/es\/terminos-de-uso\/"]}]},{"@type":"BreadcrumbList","@id":"https:\/\/triptahiti.com\/es\/terminos-de-uso\/#breadcrumb","itemListElement":[{"@type":"ListItem","position":1,"name":"Tahiti","item":"https:\/\/triptahiti.com\/es\/"},{"@type":"ListItem","position":2,"name":"T\u00e9rminos de uso"}]},{"@type":"WebSite","@id":"https:\/\/triptahiti.com\/es\/#website","url":"https:\/\/triptahiti.com\/es\/","name":"Triptahiti","description":"","inLanguage":"es"}]}},"_links":{"self":[{"href":"https:\/\/triptahiti.com\/es\/wp-json\/wp\/v2\/pages\/5929","targetHints":{"allow":["GET"]}}],"collection":[{"href":"https:\/\/triptahiti.com\/es\/wp-json\/wp\/v2\/pages"}],"about":[{"href":"https:\/\/triptahiti.com\/es\/wp-json\/wp\/v2\/types\/page"}],"author":[{"embeddable":true,"href":"https:\/\/triptahiti.com\/es\/wp-json\/wp\/v2\/users\/5"}],"replies":[{"embeddable":true,"href":"https:\/\/triptahiti.com\/es\/wp-json\/wp\/v2\/comments?post=5929"}],"version-history":[{"count":3,"href":"https:\/\/triptahiti.com\/es\/wp-json\/wp\/v2\/pages\/5929\/revisions"}],"predecessor-version":[{"id":9966,"href":"https:\/\/triptahiti.com\/es\/wp-json\/wp\/v2\/pages\/5929\/revisions\/9966"}],"wp:attachment":[{"href":"https:\/\/triptahiti.com\/es\/wp-json\/wp\/v2\/media?parent=5929"}],"curies":[{"name":"wp","href":"https:\/\/api.w.org\/{rel}","templated":true}]}}