{"id":5890,"date":"2018-11-05T15:10:28","date_gmt":"2018-11-05T14:10:28","guid":{"rendered":"https:\/\/triptahiti.com\/?page_id=5890"},"modified":"2024-02-14T09:33:57","modified_gmt":"2024-02-14T08:33:57","slug":"contacto-quienes-somos","status":"publish","type":"page","link":"https:\/\/triptahiti.com\/es\/contacto-quienes-somos\/","title":{"rendered":"Contacto y qui\u00e9nes somos"},"content":{"rendered":"<p>Somos Celia y C\u00e9sar, dos mentes inquietas, con af\u00e1n de creaci\u00f3n y disfrutones de la vida. Precursores del \u201chazlo\u201d, porque para aprender siempre hay tiempo y \u201carrepentirte\u201d por no hacerlo, te lo quita. Apasionados del espect\u00e1culo de la vida donde el ensayo no tiene cabida y hay que improvisar. Y por supuesto, grandes amantes de nuestro trabajo, porque no todo en la vida es far\u00e1ndula.<\/p>\n<h3>\u00bfNuestro trabajo? Os dejamos un peque\u00f1o extracto:<\/h3>\n<div><section class=\"ecode_sc_about_us\"><article><figure><img decoding=\"async\" src=\"https:\/\/triptahiti.com\/wp-content\/uploads\/2022\/12\/celia-villarino.png\" alt=\"Celia Villarino\"><\/figure><h3><a href=\"https:\/\/triptahiti.com\/es\/autores\/celia-villarino\/\">Celia Villarino<\/a><\/h3><p>Publicista y Relaciones P\u00fablicas. Marketing Digital y creaci\u00f3n de empresas. Experta en comunicaci\u00f3n y new business con m\u00e1s de 12 a\u00f1os de experiencia desarrollando estrategias para marcas e influencers. Apasionada de los retos y la consecuci\u00f3n de objetivos.<\/p><\/article><article><figure><img decoding=\"async\" src=\"https:\/\/triptahiti.com\/wp-content\/uploads\/2022\/12\/cesar-aparicio.png\" alt=\"C\u00e9sar Aparicio\"><\/figure><h3><a href=\"https:\/\/triptahiti.com\/es\/autores\/cesar-aparicio\/\">C\u00e9sar Aparicio<\/a><\/h3><p>Economista, FullStack Developer y MBA (Master of Business Administration). Experto en posicionamiento en buscadores con m\u00e1s de 10 a\u00f1os de experiencia en mercados nacionales e internacionales. Emprendedor nato y fundador de compa\u00f1\u00edas de marketing digital, ecommerce e inteligencia artificial.<\/p><\/article><\/section><\/div>\n<h2>El proyecto: Triptahit\u00ed<\/h2>\n<p>Quer\u00edamos crear un proyecto en el que pudi\u00e9ramos compartir todo el proceso, desde que se piensa, se recopila toda la informaci\u00f3n, se desarrolla, se nutre y se obtienen resultados. D\u00e1ndole vueltas, llegamos a la determinaci\u00f3n de que la mejor f\u00f3rmula posible era aunar nuestras dos pasiones (comunes y complementarias): nuestro trabajo y viajar.<\/p>\n<p>Todos sabemos que un viaje se vive tres veces: cuando lo sue\u00f1as, cuando est\u00e1s en destino y cuando lo recuerdas. De este modo decidimos conectar la raz\u00f3n y el coraz\u00f3n para embarcamos en esta maravillosa aventura.<\/p>\n<p>Triptahit\u00ed es la \u00fanica web en espa\u00f1ol exclusiva de Polinesia Francesa, cuyos objetivos son:<\/p>\n<ul>\n<li>Dar a conocer un gran para\u00edso, desconocido para muchos.<\/li>\n<li>Poner el foco en mercado espa\u00f1ol (contemplando todo el p\u00fablico hispanohablante de Latinoam\u00e9rica, Espa\u00f1a y EEUU) ya que el espa\u00f1ol es la segunda lengua m\u00e1s hablada del mundo.<\/li>\n<li>Contribuir al desarrollo de las comunidades locales de la Polinesia Francesa y divulgar las pol\u00edticas establecidas en el Libro Azul para favorecer el incremento del turismo de calidad.<\/li>\n<li>Desestacionalizar el destino promoviendo desde all\u00ed, la cultura \u00abn\u00f3madas digitales\u00bb para poner en valor la conectividad del destino.<\/li>\n<\/ul>\n<h2>Cont\u00e1ctanos<\/h2>\n<p>Si tienes alguna sugerencia o quieres colaborar con Triptahit\u00ed, ponte en contacto con nosotros.<\/p>\n","protected":false},"excerpt":{"rendered":"<p>Somos Celia y C\u00e9sar, dos mentes inquietas, con af\u00e1n de creaci\u00f3n y disfrutones de la vida. Precursores del \u201chazlo\u201d, porque para aprender siempre hay tiempo [&hellip;]<\/p>\n","protected":false},"author":5,"featured_media":0,"parent":0,"menu_order":0,"comment_status":"closed","ping_status":"closed","template":"page-templates\/contact.php","meta":{"footnotes":""},"class_list":["post-5890","page","type-page","status-publish","hentry"],"yoast_head":"<!-- This site is optimized with the Yoast SEO plugin v23.0 - https:\/\/yoast.com\/wordpress\/plugins\/seo\/ -->\n<title>Contacto y qui\u00e9nes somos - Triptahiti<\/title>\n<meta name=\"robots\" content=\"index, follow, max-snippet:-1, max-image-preview:large, max-video-preview:-1\" \/>\n<link rel=\"canonical\" href=\"https:\/\/triptahiti.com\/es\/contacto-quienes-somos\/\" \/>\n<meta property=\"og:locale\" content=\"es_ES\" \/>\n<meta property=\"og:type\" content=\"article\" \/>\n<meta property=\"og:title\" content=\"Contacto y qui\u00e9nes somos - Triptahiti\" \/>\n<meta property=\"og:description\" content=\"Somos Celia y C\u00e9sar, dos mentes inquietas, con af\u00e1n de creaci\u00f3n y disfrutones de la vida. Precursores del \u201chazlo\u201d, porque para aprender siempre hay tiempo [&hellip;]\" \/>\n<meta property=\"og:url\" content=\"https:\/\/triptahiti.com\/es\/contacto-quienes-somos\/\" \/>\n<meta property=\"og:site_name\" content=\"Triptahiti\" \/>\n<meta property=\"article:modified_time\" content=\"2024-02-14T08:33:57+00:00\" \/>\n<meta name=\"twitter:card\" content=\"summary_large_image\" \/>\n<meta name=\"twitter:label1\" content=\"Tiempo de lectura\" \/>\n\t<meta name=\"twitter:data1\" content=\"2 minutos\" \/>\n<script type=\"application\/ld+json\" class=\"yoast-schema-graph\">{\"@context\":\"https:\/\/schema.org\",\"@graph\":[{\"@type\":\"WebPage\",\"@id\":\"https:\/\/triptahiti.com\/es\/contacto-quienes-somos\/\",\"url\":\"https:\/\/triptahiti.com\/es\/contacto-quienes-somos\/\",\"name\":\"Contacto y qui\u00e9nes somos - Triptahiti\",\"isPartOf\":{\"@id\":\"https:\/\/triptahiti.com\/es\/#website\"},\"datePublished\":\"2018-11-05T14:10:28+00:00\",\"dateModified\":\"2024-02-14T08:33:57+00:00\",\"breadcrumb\":{\"@id\":\"https:\/\/triptahiti.com\/es\/contacto-quienes-somos\/#breadcrumb\"},\"inLanguage\":\"es\",\"potentialAction\":[{\"@type\":\"ReadAction\",\"target\":[\"https:\/\/triptahiti.com\/es\/contacto-quienes-somos\/\"]}]},{\"@type\":\"BreadcrumbList\",\"@id\":\"https:\/\/triptahiti.com\/es\/contacto-quienes-somos\/#breadcrumb\",\"itemListElement\":[{\"@type\":\"ListItem\",\"position\":1,\"name\":\"Tahiti\",\"item\":\"https:\/\/triptahiti.com\/es\/\"},{\"@type\":\"ListItem\",\"position\":2,\"name\":\"Contacto y qui\u00e9nes somos\"}]},{\"@type\":\"WebSite\",\"@id\":\"https:\/\/triptahiti.com\/es\/#website\",\"url\":\"https:\/\/triptahiti.com\/es\/\",\"name\":\"Triptahiti\",\"description\":\"\",\"inLanguage\":\"es\"}]}<\/script>\n<!-- \/ Yoast SEO plugin. -->","yoast_head_json":{"title":"Contacto y qui\u00e9nes somos - Triptahiti","robots":{"index":"index","follow":"follow","max-snippet":"max-snippet:-1","max-image-preview":"max-image-preview:large","max-video-preview":"max-video-preview:-1"},"canonical":"https:\/\/triptahiti.com\/es\/contacto-quienes-somos\/","og_locale":"es_ES","og_type":"article","og_title":"Contacto y qui\u00e9nes somos - Triptahiti","og_description":"Somos Celia y C\u00e9sar, dos mentes inquietas, con af\u00e1n de creaci\u00f3n y disfrutones de la vida. Precursores del \u201chazlo\u201d, porque para aprender siempre hay tiempo [&hellip;]","og_url":"https:\/\/triptahiti.com\/es\/contacto-quienes-somos\/","og_site_name":"Triptahiti","article_modified_time":"2024-02-14T08:33:57+00:00","twitter_card":"summary_large_image","twitter_misc":{"Tiempo de lectura":"2 minutos"},"schema":{"@context":"https:\/\/schema.org","@graph":[{"@type":"WebPage","@id":"https:\/\/triptahiti.com\/es\/contacto-quienes-somos\/","url":"https:\/\/triptahiti.com\/es\/contacto-quienes-somos\/","name":"Contacto y qui\u00e9nes somos - Triptahiti","isPartOf":{"@id":"https:\/\/triptahiti.com\/es\/#website"},"datePublished":"2018-11-05T14:10:28+00:00","dateModified":"2024-02-14T08:33:57+00:00","breadcrumb":{"@id":"https:\/\/triptahiti.com\/es\/contacto-quienes-somos\/#breadcrumb"},"inLanguage":"es","potentialAction":[{"@type":"ReadAction","target":["https:\/\/triptahiti.com\/es\/contacto-quienes-somos\/"]}]},{"@type":"BreadcrumbList","@id":"https:\/\/triptahiti.com\/es\/contacto-quienes-somos\/#breadcrumb","itemListElement":[{"@type":"ListItem","position":1,"name":"Tahiti","item":"https:\/\/triptahiti.com\/es\/"},{"@type":"ListItem","position":2,"name":"Contacto y qui\u00e9nes somos"}]},{"@type":"WebSite","@id":"https:\/\/triptahiti.com\/es\/#website","url":"https:\/\/triptahiti.com\/es\/","name":"Triptahiti","description":"","inLanguage":"es"}]}},"_links":{"self":[{"href":"https:\/\/triptahiti.com\/es\/wp-json\/wp\/v2\/pages\/5890","targetHints":{"allow":["GET"]}}],"collection":[{"href":"https:\/\/triptahiti.com\/es\/wp-json\/wp\/v2\/pages"}],"about":[{"href":"https:\/\/triptahiti.com\/es\/wp-json\/wp\/v2\/types\/page"}],"author":[{"embeddable":true,"href":"https:\/\/triptahiti.com\/es\/wp-json\/wp\/v2\/users\/5"}],"replies":[{"embeddable":true,"href":"https:\/\/triptahiti.com\/es\/wp-json\/wp\/v2\/comments?post=5890"}],"version-history":[{"count":11,"href":"https:\/\/triptahiti.com\/es\/wp-json\/wp\/v2\/pages\/5890\/revisions"}],"predecessor-version":[{"id":9933,"href":"https:\/\/triptahiti.com\/es\/wp-json\/wp\/v2\/pages\/5890\/revisions\/9933"}],"wp:attachment":[{"href":"https:\/\/triptahiti.com\/es\/wp-json\/wp\/v2\/media?parent=5890"}],"curies":[{"name":"wp","href":"https:\/\/api.w.org\/{rel}","templated":true}]}}