{"id":5836,"date":"2022-12-15T12:26:37","date_gmt":"2022-12-15T11:26:37","guid":{"rendered":"https:\/\/triptahiti.com\/hoteles-en-tahiti-y-sus-islas\/"},"modified":"2024-10-22T16:18:36","modified_gmt":"2024-10-22T15:18:36","slug":"hoteles","status":"publish","type":"page","link":"https:\/\/triptahiti.com\/es\/hoteles\/","title":{"rendered":"Hoteles en Tahit\u00ed"},"content":{"rendered":"","protected":false},"excerpt":{"rendered":"","protected":false},"author":5,"featured_media":0,"parent":0,"menu_order":0,"comment_status":"open","ping_status":"closed","template":"page-templates\/hotels.php","meta":{"footnotes":""},"class_list":["post-5836","page","type-page","status-publish","hentry"],"yoast_head":"<!-- This site is optimized with the Yoast SEO plugin v23.0 - https:\/\/yoast.com\/wordpress\/plugins\/seo\/ -->\n<title>Hoteles en Tahit\u00ed, Polinesia Francesa - Triptahiti<\/title>\n<meta name=\"description\" content=\"Encuentra los mejores hoteles de Tahit\u00ed basados en nuestra experiencia y conoce todo sobre su localizaci\u00f3n, calidad o si te adaptan a t\u00ed. Conoce nuestra opini\u00f3n real.\" \/>\n<meta name=\"robots\" content=\"index, follow, max-snippet:-1, max-image-preview:large, max-video-preview:-1\" \/>\n<link rel=\"canonical\" href=\"https:\/\/triptahiti.com\/es\/hoteles\/\" \/>\n<meta property=\"og:locale\" content=\"es_ES\" \/>\n<meta property=\"og:type\" content=\"article\" \/>\n<meta property=\"og:title\" content=\"Hoteles en Tahit\u00ed, Polinesia Francesa - Triptahiti\" \/>\n<meta property=\"og:description\" content=\"Encuentra los mejores hoteles de Tahit\u00ed basados en nuestra experiencia y conoce todo sobre su localizaci\u00f3n, calidad o si te adaptan a t\u00ed. Conoce nuestra opini\u00f3n real.\" \/>\n<meta property=\"og:url\" content=\"https:\/\/triptahiti.com\/es\/hoteles\/\" \/>\n<meta property=\"og:site_name\" content=\"Triptahiti\" \/>\n<meta property=\"article:modified_time\" content=\"2024-10-22T15:18:36+00:00\" \/>\n<meta name=\"twitter:card\" content=\"summary_large_image\" \/>\n<script type=\"application\/ld+json\" class=\"yoast-schema-graph\">{\"@context\":\"https:\/\/schema.org\",\"@graph\":[{\"@type\":\"WebPage\",\"@id\":\"https:\/\/triptahiti.com\/es\/hoteles\/\",\"url\":\"https:\/\/triptahiti.com\/es\/hoteles\/\",\"name\":\"Hoteles en Tahit\u00ed, Polinesia Francesa - Triptahiti\",\"isPartOf\":{\"@id\":\"https:\/\/triptahiti.com\/es\/#website\"},\"datePublished\":\"2022-12-15T11:26:37+00:00\",\"dateModified\":\"2024-10-22T15:18:36+00:00\",\"description\":\"Encuentra los mejores hoteles de Tahit\u00ed basados en nuestra experiencia y conoce todo sobre su localizaci\u00f3n, calidad o si te adaptan a t\u00ed. Conoce nuestra opini\u00f3n real.\",\"breadcrumb\":{\"@id\":\"https:\/\/triptahiti.com\/es\/hoteles\/#breadcrumb\"},\"inLanguage\":\"es\",\"potentialAction\":[{\"@type\":\"ReadAction\",\"target\":[\"https:\/\/triptahiti.com\/es\/hoteles\/\"]}]},{\"@type\":\"BreadcrumbList\",\"@id\":\"https:\/\/triptahiti.com\/es\/hoteles\/#breadcrumb\",\"itemListElement\":[{\"@type\":\"ListItem\",\"position\":1,\"name\":\"Tahiti\",\"item\":\"https:\/\/triptahiti.com\/es\/\"},{\"@type\":\"ListItem\",\"position\":2,\"name\":\"Hoteles en Tahit\u00ed\"}]},{\"@type\":\"WebSite\",\"@id\":\"https:\/\/triptahiti.com\/es\/#website\",\"url\":\"https:\/\/triptahiti.com\/es\/\",\"name\":\"Triptahiti\",\"description\":\"\",\"inLanguage\":\"es\"}]}<\/script>\n<!-- \/ Yoast SEO plugin. -->","yoast_head_json":{"title":"Hoteles en Tahit\u00ed, Polinesia Francesa - Triptahiti","description":"Encuentra los mejores hoteles de Tahit\u00ed basados en nuestra experiencia y conoce todo sobre su localizaci\u00f3n, calidad o si te adaptan a t\u00ed. Conoce nuestra opini\u00f3n real.","robots":{"index":"index","follow":"follow","max-snippet":"max-snippet:-1","max-image-preview":"max-image-preview:large","max-video-preview":"max-video-preview:-1"},"canonical":"https:\/\/triptahiti.com\/es\/hoteles\/","og_locale":"es_ES","og_type":"article","og_title":"Hoteles en Tahit\u00ed, Polinesia Francesa - Triptahiti","og_description":"Encuentra los mejores hoteles de Tahit\u00ed basados en nuestra experiencia y conoce todo sobre su localizaci\u00f3n, calidad o si te adaptan a t\u00ed. Conoce nuestra opini\u00f3n real.","og_url":"https:\/\/triptahiti.com\/es\/hoteles\/","og_site_name":"Triptahiti","article_modified_time":"2024-10-22T15:18:36+00:00","twitter_card":"summary_large_image","schema":{"@context":"https:\/\/schema.org","@graph":[{"@type":"WebPage","@id":"https:\/\/triptahiti.com\/es\/hoteles\/","url":"https:\/\/triptahiti.com\/es\/hoteles\/","name":"Hoteles en Tahit\u00ed, Polinesia Francesa - Triptahiti","isPartOf":{"@id":"https:\/\/triptahiti.com\/es\/#website"},"datePublished":"2022-12-15T11:26:37+00:00","dateModified":"2024-10-22T15:18:36+00:00","description":"Encuentra los mejores hoteles de Tahit\u00ed basados en nuestra experiencia y conoce todo sobre su localizaci\u00f3n, calidad o si te adaptan a t\u00ed. Conoce nuestra opini\u00f3n real.","breadcrumb":{"@id":"https:\/\/triptahiti.com\/es\/hoteles\/#breadcrumb"},"inLanguage":"es","potentialAction":[{"@type":"ReadAction","target":["https:\/\/triptahiti.com\/es\/hoteles\/"]}]},{"@type":"BreadcrumbList","@id":"https:\/\/triptahiti.com\/es\/hoteles\/#breadcrumb","itemListElement":[{"@type":"ListItem","position":1,"name":"Tahiti","item":"https:\/\/triptahiti.com\/es\/"},{"@type":"ListItem","position":2,"name":"Hoteles en Tahit\u00ed"}]},{"@type":"WebSite","@id":"https:\/\/triptahiti.com\/es\/#website","url":"https:\/\/triptahiti.com\/es\/","name":"Triptahiti","description":"","inLanguage":"es"}]}},"_links":{"self":[{"href":"https:\/\/triptahiti.com\/es\/wp-json\/wp\/v2\/pages\/5836","targetHints":{"allow":["GET"]}}],"collection":[{"href":"https:\/\/triptahiti.com\/es\/wp-json\/wp\/v2\/pages"}],"about":[{"href":"https:\/\/triptahiti.com\/es\/wp-json\/wp\/v2\/types\/page"}],"author":[{"embeddable":true,"href":"https:\/\/triptahiti.com\/es\/wp-json\/wp\/v2\/users\/5"}],"replies":[{"embeddable":true,"href":"https:\/\/triptahiti.com\/es\/wp-json\/wp\/v2\/comments?post=5836"}],"version-history":[{"count":1,"href":"https:\/\/triptahiti.com\/es\/wp-json\/wp\/v2\/pages\/5836\/revisions"}],"predecessor-version":[{"id":6575,"href":"https:\/\/triptahiti.com\/es\/wp-json\/wp\/v2\/pages\/5836\/revisions\/6575"}],"wp:attachment":[{"href":"https:\/\/triptahiti.com\/es\/wp-json\/wp\/v2\/media?parent=5836"}],"curies":[{"name":"wp","href":"https:\/\/api.w.org\/{rel}","templated":true}]}}