{"id":5809,"date":"2022-12-19T11:56:44","date_gmt":"2022-12-19T10:56:44","guid":{"rendered":"https:\/\/triptahiti.com\/?page_id=5809"},"modified":"2024-10-21T15:44:48","modified_gmt":"2024-10-21T14:44:48","slug":"nuku-hiva","status":"publish","type":"page","link":"https:\/\/triptahiti.com\/es\/nuku-hiva\/","title":{"rendered":"Nuku Hiva"},"content":{"rendered":"","protected":false},"excerpt":{"rendered":"","protected":false},"author":5,"featured_media":5487,"parent":0,"menu_order":0,"comment_status":"open","ping_status":"closed","template":"page-templates\/island.php","meta":{"footnotes":""},"class_list":["post-5809","page","type-page","status-publish","has-post-thumbnail","hentry"],"yoast_head":"<!-- This site is optimized with the Yoast SEO plugin v23.0 - https:\/\/yoast.com\/wordpress\/plugins\/seo\/ -->\n<title>Viaja a Nuku Hiva en Polinesia Francesa - Triptahiti<\/title>\n<meta name=\"description\" content=\"Explora Nuku Hiva con nuestra gu\u00eda completa. Consejos locales, qu\u00e9 hacer, d\u00f3nde alojarse y fotos impresionantes.\" \/>\n<meta name=\"robots\" content=\"index, follow, max-snippet:-1, max-image-preview:large, max-video-preview:-1\" \/>\n<link rel=\"canonical\" href=\"https:\/\/triptahiti.com\/es\/nuku-hiva\/\" \/>\n<meta property=\"og:locale\" content=\"es_ES\" \/>\n<meta property=\"og:type\" content=\"article\" \/>\n<meta property=\"og:title\" content=\"Viaja a Nuku Hiva en Polinesia Francesa - Triptahiti\" \/>\n<meta property=\"og:description\" content=\"Explora Nuku Hiva con nuestra gu\u00eda completa. Consejos locales, qu\u00e9 hacer, d\u00f3nde alojarse y fotos impresionantes.\" \/>\n<meta property=\"og:url\" content=\"https:\/\/triptahiti.com\/es\/nuku-hiva\/\" \/>\n<meta property=\"og:site_name\" content=\"Triptahiti\" \/>\n<meta property=\"article:modified_time\" content=\"2024-10-21T14:44:48+00:00\" \/>\n<meta property=\"og:image\" content=\"https:\/\/triptahiti.com\/wp-content\/uploads\/2023\/02\/nuku-hiva-polinesia-francesa.webp\" \/>\n\t<meta property=\"og:image:width\" content=\"1440\" \/>\n\t<meta property=\"og:image:height\" content=\"800\" \/>\n\t<meta property=\"og:image:type\" content=\"image\/webp\" \/>\n<meta name=\"twitter:card\" content=\"summary_large_image\" \/>\n<script type=\"application\/ld+json\" class=\"yoast-schema-graph\">{\"@context\":\"https:\/\/schema.org\",\"@graph\":[{\"@type\":\"WebPage\",\"@id\":\"https:\/\/triptahiti.com\/es\/nuku-hiva\/\",\"url\":\"https:\/\/triptahiti.com\/es\/nuku-hiva\/\",\"name\":\"Viaja a Nuku Hiva en Polinesia Francesa - Triptahiti\",\"isPartOf\":{\"@id\":\"https:\/\/triptahiti.com\/es\/#website\"},\"primaryImageOfPage\":{\"@id\":\"https:\/\/triptahiti.com\/es\/nuku-hiva\/#primaryimage\"},\"image\":{\"@id\":\"https:\/\/triptahiti.com\/es\/nuku-hiva\/#primaryimage\"},\"thumbnailUrl\":\"https:\/\/triptahiti.com\/wp-content\/uploads\/2023\/02\/nuku-hiva-polinesia-francesa.webp\",\"datePublished\":\"2022-12-19T10:56:44+00:00\",\"dateModified\":\"2024-10-21T14:44:48+00:00\",\"description\":\"Explora Nuku Hiva con nuestra gu\u00eda completa. Consejos locales, qu\u00e9 hacer, d\u00f3nde alojarse y fotos impresionantes.\",\"breadcrumb\":{\"@id\":\"https:\/\/triptahiti.com\/es\/nuku-hiva\/#breadcrumb\"},\"inLanguage\":\"es\",\"potentialAction\":[{\"@type\":\"ReadAction\",\"target\":[\"https:\/\/triptahiti.com\/es\/nuku-hiva\/\"]}]},{\"@type\":\"ImageObject\",\"inLanguage\":\"es\",\"@id\":\"https:\/\/triptahiti.com\/es\/nuku-hiva\/#primaryimage\",\"url\":\"https:\/\/triptahiti.com\/wp-content\/uploads\/2023\/02\/nuku-hiva-polinesia-francesa.webp\",\"contentUrl\":\"https:\/\/triptahiti.com\/wp-content\/uploads\/2023\/02\/nuku-hiva-polinesia-francesa.webp\",\"width\":1440,\"height\":800,\"caption\":\"Vista de Nuku Hiva\"},{\"@type\":\"BreadcrumbList\",\"@id\":\"https:\/\/triptahiti.com\/es\/nuku-hiva\/#breadcrumb\",\"itemListElement\":[{\"@type\":\"ListItem\",\"position\":1,\"name\":\"Tahiti\",\"item\":\"https:\/\/triptahiti.com\/es\/\"},{\"@type\":\"ListItem\",\"position\":2,\"name\":\"Nuku Hiva\"}]},{\"@type\":\"WebSite\",\"@id\":\"https:\/\/triptahiti.com\/es\/#website\",\"url\":\"https:\/\/triptahiti.com\/es\/\",\"name\":\"Triptahiti\",\"description\":\"\",\"inLanguage\":\"es\"}]}<\/script>\n<!-- \/ Yoast SEO plugin. -->","yoast_head_json":{"title":"Viaja a Nuku Hiva en Polinesia Francesa - Triptahiti","description":"Explora Nuku Hiva con nuestra gu\u00eda completa. Consejos locales, qu\u00e9 hacer, d\u00f3nde alojarse y fotos impresionantes.","robots":{"index":"index","follow":"follow","max-snippet":"max-snippet:-1","max-image-preview":"max-image-preview:large","max-video-preview":"max-video-preview:-1"},"canonical":"https:\/\/triptahiti.com\/es\/nuku-hiva\/","og_locale":"es_ES","og_type":"article","og_title":"Viaja a Nuku Hiva en Polinesia Francesa - Triptahiti","og_description":"Explora Nuku Hiva con nuestra gu\u00eda completa. Consejos locales, qu\u00e9 hacer, d\u00f3nde alojarse y fotos impresionantes.","og_url":"https:\/\/triptahiti.com\/es\/nuku-hiva\/","og_site_name":"Triptahiti","article_modified_time":"2024-10-21T14:44:48+00:00","og_image":[{"width":1440,"height":800,"url":"https:\/\/triptahiti.com\/wp-content\/uploads\/2023\/02\/nuku-hiva-polinesia-francesa.webp","type":"image\/webp"}],"twitter_card":"summary_large_image","schema":{"@context":"https:\/\/schema.org","@graph":[{"@type":"WebPage","@id":"https:\/\/triptahiti.com\/es\/nuku-hiva\/","url":"https:\/\/triptahiti.com\/es\/nuku-hiva\/","name":"Viaja a Nuku Hiva en Polinesia Francesa - Triptahiti","isPartOf":{"@id":"https:\/\/triptahiti.com\/es\/#website"},"primaryImageOfPage":{"@id":"https:\/\/triptahiti.com\/es\/nuku-hiva\/#primaryimage"},"image":{"@id":"https:\/\/triptahiti.com\/es\/nuku-hiva\/#primaryimage"},"thumbnailUrl":"https:\/\/triptahiti.com\/wp-content\/uploads\/2023\/02\/nuku-hiva-polinesia-francesa.webp","datePublished":"2022-12-19T10:56:44+00:00","dateModified":"2024-10-21T14:44:48+00:00","description":"Explora Nuku Hiva con nuestra gu\u00eda completa. Consejos locales, qu\u00e9 hacer, d\u00f3nde alojarse y fotos impresionantes.","breadcrumb":{"@id":"https:\/\/triptahiti.com\/es\/nuku-hiva\/#breadcrumb"},"inLanguage":"es","potentialAction":[{"@type":"ReadAction","target":["https:\/\/triptahiti.com\/es\/nuku-hiva\/"]}]},{"@type":"ImageObject","inLanguage":"es","@id":"https:\/\/triptahiti.com\/es\/nuku-hiva\/#primaryimage","url":"https:\/\/triptahiti.com\/wp-content\/uploads\/2023\/02\/nuku-hiva-polinesia-francesa.webp","contentUrl":"https:\/\/triptahiti.com\/wp-content\/uploads\/2023\/02\/nuku-hiva-polinesia-francesa.webp","width":1440,"height":800,"caption":"Vista de Nuku Hiva"},{"@type":"BreadcrumbList","@id":"https:\/\/triptahiti.com\/es\/nuku-hiva\/#breadcrumb","itemListElement":[{"@type":"ListItem","position":1,"name":"Tahiti","item":"https:\/\/triptahiti.com\/es\/"},{"@type":"ListItem","position":2,"name":"Nuku Hiva"}]},{"@type":"WebSite","@id":"https:\/\/triptahiti.com\/es\/#website","url":"https:\/\/triptahiti.com\/es\/","name":"Triptahiti","description":"","inLanguage":"es"}]}},"_links":{"self":[{"href":"https:\/\/triptahiti.com\/es\/wp-json\/wp\/v2\/pages\/5809","targetHints":{"allow":["GET"]}}],"collection":[{"href":"https:\/\/triptahiti.com\/es\/wp-json\/wp\/v2\/pages"}],"about":[{"href":"https:\/\/triptahiti.com\/es\/wp-json\/wp\/v2\/types\/page"}],"author":[{"embeddable":true,"href":"https:\/\/triptahiti.com\/es\/wp-json\/wp\/v2\/users\/5"}],"replies":[{"embeddable":true,"href":"https:\/\/triptahiti.com\/es\/wp-json\/wp\/v2\/comments?post=5809"}],"version-history":[{"count":1,"href":"https:\/\/triptahiti.com\/es\/wp-json\/wp\/v2\/pages\/5809\/revisions"}],"predecessor-version":[{"id":6954,"href":"https:\/\/triptahiti.com\/es\/wp-json\/wp\/v2\/pages\/5809\/revisions\/6954"}],"wp:featuredmedia":[{"embeddable":true,"href":"https:\/\/triptahiti.com\/es\/wp-json\/wp\/v2\/media\/5487"}],"wp:attachment":[{"href":"https:\/\/triptahiti.com\/es\/wp-json\/wp\/v2\/media?parent=5809"}],"curies":[{"name":"wp","href":"https:\/\/api.w.org\/{rel}","templated":true}]}}