{"id":5804,"date":"2022-12-19T11:46:00","date_gmt":"2022-12-19T10:46:00","guid":{"rendered":"https:\/\/triptahiti.com\/?page_id=5804"},"modified":"2024-10-21T15:44:43","modified_gmt":"2024-10-21T14:44:43","slug":"fakarava","status":"publish","type":"page","link":"https:\/\/triptahiti.com\/es\/fakarava\/","title":{"rendered":"Fakarava"},"content":{"rendered":"","protected":false},"excerpt":{"rendered":"","protected":false},"author":5,"featured_media":6114,"parent":0,"menu_order":0,"comment_status":"open","ping_status":"closed","template":"page-templates\/island.php","meta":{"footnotes":""},"class_list":["post-5804","page","type-page","status-publish","has-post-thumbnail","hentry"],"yoast_head":"<!-- This site is optimized with the Yoast SEO plugin v23.0 - https:\/\/yoast.com\/wordpress\/plugins\/seo\/ -->\n<title>Viaja a Fakarava en Polinesia Francesa - Triptahiti<\/title>\n<meta name=\"description\" content=\"Sum\u00e9rgete en Fakarava y descubre aqu\u00ed por qu\u00e9 es uno de los pocos santuarios de la biosfera del mundo. Disfruta de fotograf\u00edas y detalles \u00fanicos\" \/>\n<meta name=\"robots\" content=\"index, follow, max-snippet:-1, max-image-preview:large, max-video-preview:-1\" \/>\n<link rel=\"canonical\" href=\"https:\/\/triptahiti.com\/es\/fakarava\/\" \/>\n<meta property=\"og:locale\" content=\"es_ES\" \/>\n<meta property=\"og:type\" content=\"article\" \/>\n<meta property=\"og:title\" content=\"Viaja a Fakarava en Polinesia Francesa - Triptahiti\" \/>\n<meta property=\"og:description\" content=\"Sum\u00e9rgete en Fakarava y descubre aqu\u00ed por qu\u00e9 es uno de los pocos santuarios de la biosfera del mundo. Disfruta de fotograf\u00edas y detalles \u00fanicos\" \/>\n<meta property=\"og:url\" content=\"https:\/\/triptahiti.com\/es\/fakarava\/\" \/>\n<meta property=\"og:site_name\" content=\"Triptahiti\" \/>\n<meta property=\"article:modified_time\" content=\"2024-10-21T14:44:43+00:00\" \/>\n<meta property=\"og:image\" content=\"https:\/\/triptahiti.com\/wp-content\/uploads\/2023\/02\/actividad-playa-mujer-fakarava.webp\" \/>\n\t<meta property=\"og:image:width\" content=\"1440\" \/>\n\t<meta property=\"og:image:height\" content=\"800\" \/>\n\t<meta property=\"og:image:type\" content=\"image\/webp\" \/>\n<meta name=\"twitter:card\" content=\"summary_large_image\" \/>\n<script type=\"application\/ld+json\" class=\"yoast-schema-graph\">{\"@context\":\"https:\/\/schema.org\",\"@graph\":[{\"@type\":\"WebPage\",\"@id\":\"https:\/\/triptahiti.com\/es\/fakarava\/\",\"url\":\"https:\/\/triptahiti.com\/es\/fakarava\/\",\"name\":\"Viaja a Fakarava en Polinesia Francesa - Triptahiti\",\"isPartOf\":{\"@id\":\"https:\/\/triptahiti.com\/es\/#website\"},\"primaryImageOfPage\":{\"@id\":\"https:\/\/triptahiti.com\/es\/fakarava\/#primaryimage\"},\"image\":{\"@id\":\"https:\/\/triptahiti.com\/es\/fakarava\/#primaryimage\"},\"thumbnailUrl\":\"https:\/\/triptahiti.com\/wp-content\/uploads\/2023\/02\/actividad-playa-mujer-fakarava.webp\",\"datePublished\":\"2022-12-19T10:46:00+00:00\",\"dateModified\":\"2024-10-21T14:44:43+00:00\",\"description\":\"Sum\u00e9rgete en Fakarava y descubre aqu\u00ed por qu\u00e9 es uno de los pocos santuarios de la biosfera del mundo. Disfruta de fotograf\u00edas y detalles \u00fanicos\",\"breadcrumb\":{\"@id\":\"https:\/\/triptahiti.com\/es\/fakarava\/#breadcrumb\"},\"inLanguage\":\"es\",\"potentialAction\":[{\"@type\":\"ReadAction\",\"target\":[\"https:\/\/triptahiti.com\/es\/fakarava\/\"]}]},{\"@type\":\"ImageObject\",\"inLanguage\":\"es\",\"@id\":\"https:\/\/triptahiti.com\/es\/fakarava\/#primaryimage\",\"url\":\"https:\/\/triptahiti.com\/wp-content\/uploads\/2023\/02\/actividad-playa-mujer-fakarava.webp\",\"contentUrl\":\"https:\/\/triptahiti.com\/wp-content\/uploads\/2023\/02\/actividad-playa-mujer-fakarava.webp\",\"width\":1440,\"height\":800,\"caption\":\"Mujer en Fakarava\"},{\"@type\":\"BreadcrumbList\",\"@id\":\"https:\/\/triptahiti.com\/es\/fakarava\/#breadcrumb\",\"itemListElement\":[{\"@type\":\"ListItem\",\"position\":1,\"name\":\"Tahiti\",\"item\":\"https:\/\/triptahiti.com\/es\/\"},{\"@type\":\"ListItem\",\"position\":2,\"name\":\"Fakarava\"}]},{\"@type\":\"WebSite\",\"@id\":\"https:\/\/triptahiti.com\/es\/#website\",\"url\":\"https:\/\/triptahiti.com\/es\/\",\"name\":\"Triptahiti\",\"description\":\"\",\"inLanguage\":\"es\"}]}<\/script>\n<!-- \/ Yoast SEO plugin. -->","yoast_head_json":{"title":"Viaja a Fakarava en Polinesia Francesa - Triptahiti","description":"Sum\u00e9rgete en Fakarava y descubre aqu\u00ed por qu\u00e9 es uno de los pocos santuarios de la biosfera del mundo. Disfruta de fotograf\u00edas y detalles \u00fanicos","robots":{"index":"index","follow":"follow","max-snippet":"max-snippet:-1","max-image-preview":"max-image-preview:large","max-video-preview":"max-video-preview:-1"},"canonical":"https:\/\/triptahiti.com\/es\/fakarava\/","og_locale":"es_ES","og_type":"article","og_title":"Viaja a Fakarava en Polinesia Francesa - Triptahiti","og_description":"Sum\u00e9rgete en Fakarava y descubre aqu\u00ed por qu\u00e9 es uno de los pocos santuarios de la biosfera del mundo. Disfruta de fotograf\u00edas y detalles \u00fanicos","og_url":"https:\/\/triptahiti.com\/es\/fakarava\/","og_site_name":"Triptahiti","article_modified_time":"2024-10-21T14:44:43+00:00","og_image":[{"width":1440,"height":800,"url":"https:\/\/triptahiti.com\/wp-content\/uploads\/2023\/02\/actividad-playa-mujer-fakarava.webp","type":"image\/webp"}],"twitter_card":"summary_large_image","schema":{"@context":"https:\/\/schema.org","@graph":[{"@type":"WebPage","@id":"https:\/\/triptahiti.com\/es\/fakarava\/","url":"https:\/\/triptahiti.com\/es\/fakarava\/","name":"Viaja a Fakarava en Polinesia Francesa - Triptahiti","isPartOf":{"@id":"https:\/\/triptahiti.com\/es\/#website"},"primaryImageOfPage":{"@id":"https:\/\/triptahiti.com\/es\/fakarava\/#primaryimage"},"image":{"@id":"https:\/\/triptahiti.com\/es\/fakarava\/#primaryimage"},"thumbnailUrl":"https:\/\/triptahiti.com\/wp-content\/uploads\/2023\/02\/actividad-playa-mujer-fakarava.webp","datePublished":"2022-12-19T10:46:00+00:00","dateModified":"2024-10-21T14:44:43+00:00","description":"Sum\u00e9rgete en Fakarava y descubre aqu\u00ed por qu\u00e9 es uno de los pocos santuarios de la biosfera del mundo. Disfruta de fotograf\u00edas y detalles \u00fanicos","breadcrumb":{"@id":"https:\/\/triptahiti.com\/es\/fakarava\/#breadcrumb"},"inLanguage":"es","potentialAction":[{"@type":"ReadAction","target":["https:\/\/triptahiti.com\/es\/fakarava\/"]}]},{"@type":"ImageObject","inLanguage":"es","@id":"https:\/\/triptahiti.com\/es\/fakarava\/#primaryimage","url":"https:\/\/triptahiti.com\/wp-content\/uploads\/2023\/02\/actividad-playa-mujer-fakarava.webp","contentUrl":"https:\/\/triptahiti.com\/wp-content\/uploads\/2023\/02\/actividad-playa-mujer-fakarava.webp","width":1440,"height":800,"caption":"Mujer en Fakarava"},{"@type":"BreadcrumbList","@id":"https:\/\/triptahiti.com\/es\/fakarava\/#breadcrumb","itemListElement":[{"@type":"ListItem","position":1,"name":"Tahiti","item":"https:\/\/triptahiti.com\/es\/"},{"@type":"ListItem","position":2,"name":"Fakarava"}]},{"@type":"WebSite","@id":"https:\/\/triptahiti.com\/es\/#website","url":"https:\/\/triptahiti.com\/es\/","name":"Triptahiti","description":"","inLanguage":"es"}]}},"_links":{"self":[{"href":"https:\/\/triptahiti.com\/es\/wp-json\/wp\/v2\/pages\/5804","targetHints":{"allow":["GET"]}}],"collection":[{"href":"https:\/\/triptahiti.com\/es\/wp-json\/wp\/v2\/pages"}],"about":[{"href":"https:\/\/triptahiti.com\/es\/wp-json\/wp\/v2\/types\/page"}],"author":[{"embeddable":true,"href":"https:\/\/triptahiti.com\/es\/wp-json\/wp\/v2\/users\/5"}],"replies":[{"embeddable":true,"href":"https:\/\/triptahiti.com\/es\/wp-json\/wp\/v2\/comments?post=5804"}],"version-history":[{"count":1,"href":"https:\/\/triptahiti.com\/es\/wp-json\/wp\/v2\/pages\/5804\/revisions"}],"predecessor-version":[{"id":6951,"href":"https:\/\/triptahiti.com\/es\/wp-json\/wp\/v2\/pages\/5804\/revisions\/6951"}],"wp:featuredmedia":[{"embeddable":true,"href":"https:\/\/triptahiti.com\/es\/wp-json\/wp\/v2\/media\/6114"}],"wp:attachment":[{"href":"https:\/\/triptahiti.com\/es\/wp-json\/wp\/v2\/media?parent=5804"}],"curies":[{"name":"wp","href":"https:\/\/api.w.org\/{rel}","templated":true}]}}