{"id":5801,"date":"2022-12-19T11:28:06","date_gmt":"2022-12-19T10:28:06","guid":{"rendered":"https:\/\/triptahiti.com\/bora-bora\/"},"modified":"2024-08-29T12:03:57","modified_gmt":"2024-08-29T11:03:57","slug":"bora-bora","status":"publish","type":"page","link":"https:\/\/triptahiti.com\/es\/bora-bora\/","title":{"rendered":"Bora Bora"},"content":{"rendered":"","protected":false},"excerpt":{"rendered":"","protected":false},"author":5,"featured_media":5390,"parent":0,"menu_order":0,"comment_status":"open","ping_status":"closed","template":"page-templates\/island.php","meta":{"footnotes":""},"class_list":["post-5801","page","type-page","status-publish","has-post-thumbnail","hentry"],"yoast_head":"<!-- This site is optimized with the Yoast SEO plugin v23.0 - https:\/\/yoast.com\/wordpress\/plugins\/seo\/ -->\n<title>Viaja a Bora Bora en Polinesia Francesa - Triptahiti<\/title>\n<meta name=\"description\" content=\"Te explicamos qu\u00e9 conocer y c\u00f3mo planificar tu viaje con consejos e im\u00e1genes \u00fanicas\" \/>\n<meta name=\"robots\" content=\"index, follow, max-snippet:-1, max-image-preview:large, max-video-preview:-1\" \/>\n<link rel=\"canonical\" href=\"https:\/\/triptahiti.com\/es\/bora-bora\/\" \/>\n<meta property=\"og:locale\" content=\"es_ES\" \/>\n<meta property=\"og:type\" content=\"article\" \/>\n<meta property=\"og:title\" content=\"Viaja a Bora Bora en Polinesia Francesa - Triptahiti\" \/>\n<meta property=\"og:description\" content=\"Te explicamos qu\u00e9 conocer y c\u00f3mo planificar tu viaje con consejos e im\u00e1genes \u00fanicas\" \/>\n<meta property=\"og:url\" content=\"https:\/\/triptahiti.com\/es\/bora-bora\/\" \/>\n<meta property=\"og:site_name\" content=\"Triptahiti\" \/>\n<meta property=\"article:modified_time\" content=\"2024-08-29T11:03:57+00:00\" \/>\n<meta property=\"og:image\" content=\"https:\/\/triptahiti.com\/wp-content\/uploads\/2023\/02\/bora-bora-isla.webp\" \/>\n\t<meta property=\"og:image:width\" content=\"1440\" \/>\n\t<meta property=\"og:image:height\" content=\"800\" \/>\n\t<meta property=\"og:image:type\" content=\"image\/webp\" \/>\n<meta name=\"twitter:card\" content=\"summary_large_image\" \/>\n<script type=\"application\/ld+json\" class=\"yoast-schema-graph\">{\"@context\":\"https:\/\/schema.org\",\"@graph\":[{\"@type\":\"WebPage\",\"@id\":\"https:\/\/triptahiti.com\/es\/bora-bora\/\",\"url\":\"https:\/\/triptahiti.com\/es\/bora-bora\/\",\"name\":\"Viaja a Bora Bora en Polinesia Francesa - Triptahiti\",\"isPartOf\":{\"@id\":\"https:\/\/triptahiti.com\/es\/#website\"},\"primaryImageOfPage\":{\"@id\":\"https:\/\/triptahiti.com\/es\/bora-bora\/#primaryimage\"},\"image\":{\"@id\":\"https:\/\/triptahiti.com\/es\/bora-bora\/#primaryimage\"},\"thumbnailUrl\":\"https:\/\/triptahiti.com\/wp-content\/uploads\/2023\/02\/bora-bora-isla.webp\",\"datePublished\":\"2022-12-19T10:28:06+00:00\",\"dateModified\":\"2024-08-29T11:03:57+00:00\",\"description\":\"Te explicamos qu\u00e9 conocer y c\u00f3mo planificar tu viaje con consejos e im\u00e1genes \u00fanicas\",\"breadcrumb\":{\"@id\":\"https:\/\/triptahiti.com\/es\/bora-bora\/#breadcrumb\"},\"inLanguage\":\"es\",\"potentialAction\":[{\"@type\":\"ReadAction\",\"target\":[\"https:\/\/triptahiti.com\/es\/bora-bora\/\"]}]},{\"@type\":\"ImageObject\",\"inLanguage\":\"es\",\"@id\":\"https:\/\/triptahiti.com\/es\/bora-bora\/#primaryimage\",\"url\":\"https:\/\/triptahiti.com\/wp-content\/uploads\/2023\/02\/bora-bora-isla.webp\",\"contentUrl\":\"https:\/\/triptahiti.com\/wp-content\/uploads\/2023\/02\/bora-bora-isla.webp\",\"width\":1440,\"height\":800,\"caption\":\"Isla privada en Bora Bora\"},{\"@type\":\"BreadcrumbList\",\"@id\":\"https:\/\/triptahiti.com\/es\/bora-bora\/#breadcrumb\",\"itemListElement\":[{\"@type\":\"ListItem\",\"position\":1,\"name\":\"Tahiti\",\"item\":\"https:\/\/triptahiti.com\/es\/\"},{\"@type\":\"ListItem\",\"position\":2,\"name\":\"Bora Bora\"}]},{\"@type\":\"WebSite\",\"@id\":\"https:\/\/triptahiti.com\/es\/#website\",\"url\":\"https:\/\/triptahiti.com\/es\/\",\"name\":\"Triptahiti\",\"description\":\"\",\"inLanguage\":\"es\"}]}<\/script>\n<!-- \/ Yoast SEO plugin. -->","yoast_head_json":{"title":"Viaja a Bora Bora en Polinesia Francesa - Triptahiti","description":"Te explicamos qu\u00e9 conocer y c\u00f3mo planificar tu viaje con consejos e im\u00e1genes \u00fanicas","robots":{"index":"index","follow":"follow","max-snippet":"max-snippet:-1","max-image-preview":"max-image-preview:large","max-video-preview":"max-video-preview:-1"},"canonical":"https:\/\/triptahiti.com\/es\/bora-bora\/","og_locale":"es_ES","og_type":"article","og_title":"Viaja a Bora Bora en Polinesia Francesa - Triptahiti","og_description":"Te explicamos qu\u00e9 conocer y c\u00f3mo planificar tu viaje con consejos e im\u00e1genes \u00fanicas","og_url":"https:\/\/triptahiti.com\/es\/bora-bora\/","og_site_name":"Triptahiti","article_modified_time":"2024-08-29T11:03:57+00:00","og_image":[{"width":1440,"height":800,"url":"https:\/\/triptahiti.com\/wp-content\/uploads\/2023\/02\/bora-bora-isla.webp","type":"image\/webp"}],"twitter_card":"summary_large_image","schema":{"@context":"https:\/\/schema.org","@graph":[{"@type":"WebPage","@id":"https:\/\/triptahiti.com\/es\/bora-bora\/","url":"https:\/\/triptahiti.com\/es\/bora-bora\/","name":"Viaja a Bora Bora en Polinesia Francesa - Triptahiti","isPartOf":{"@id":"https:\/\/triptahiti.com\/es\/#website"},"primaryImageOfPage":{"@id":"https:\/\/triptahiti.com\/es\/bora-bora\/#primaryimage"},"image":{"@id":"https:\/\/triptahiti.com\/es\/bora-bora\/#primaryimage"},"thumbnailUrl":"https:\/\/triptahiti.com\/wp-content\/uploads\/2023\/02\/bora-bora-isla.webp","datePublished":"2022-12-19T10:28:06+00:00","dateModified":"2024-08-29T11:03:57+00:00","description":"Te explicamos qu\u00e9 conocer y c\u00f3mo planificar tu viaje con consejos e im\u00e1genes \u00fanicas","breadcrumb":{"@id":"https:\/\/triptahiti.com\/es\/bora-bora\/#breadcrumb"},"inLanguage":"es","potentialAction":[{"@type":"ReadAction","target":["https:\/\/triptahiti.com\/es\/bora-bora\/"]}]},{"@type":"ImageObject","inLanguage":"es","@id":"https:\/\/triptahiti.com\/es\/bora-bora\/#primaryimage","url":"https:\/\/triptahiti.com\/wp-content\/uploads\/2023\/02\/bora-bora-isla.webp","contentUrl":"https:\/\/triptahiti.com\/wp-content\/uploads\/2023\/02\/bora-bora-isla.webp","width":1440,"height":800,"caption":"Isla privada en Bora Bora"},{"@type":"BreadcrumbList","@id":"https:\/\/triptahiti.com\/es\/bora-bora\/#breadcrumb","itemListElement":[{"@type":"ListItem","position":1,"name":"Tahiti","item":"https:\/\/triptahiti.com\/es\/"},{"@type":"ListItem","position":2,"name":"Bora Bora"}]},{"@type":"WebSite","@id":"https:\/\/triptahiti.com\/es\/#website","url":"https:\/\/triptahiti.com\/es\/","name":"Triptahiti","description":"","inLanguage":"es"}]}},"_links":{"self":[{"href":"https:\/\/triptahiti.com\/es\/wp-json\/wp\/v2\/pages\/5801","targetHints":{"allow":["GET"]}}],"collection":[{"href":"https:\/\/triptahiti.com\/es\/wp-json\/wp\/v2\/pages"}],"about":[{"href":"https:\/\/triptahiti.com\/es\/wp-json\/wp\/v2\/types\/page"}],"author":[{"embeddable":true,"href":"https:\/\/triptahiti.com\/es\/wp-json\/wp\/v2\/users\/5"}],"replies":[{"embeddable":true,"href":"https:\/\/triptahiti.com\/es\/wp-json\/wp\/v2\/comments?post=5801"}],"version-history":[{"count":4,"href":"https:\/\/triptahiti.com\/es\/wp-json\/wp\/v2\/pages\/5801\/revisions"}],"predecessor-version":[{"id":9978,"href":"https:\/\/triptahiti.com\/es\/wp-json\/wp\/v2\/pages\/5801\/revisions\/9978"}],"wp:featuredmedia":[{"embeddable":true,"href":"https:\/\/triptahiti.com\/es\/wp-json\/wp\/v2\/media\/5390"}],"wp:attachment":[{"href":"https:\/\/triptahiti.com\/es\/wp-json\/wp\/v2\/media?parent=5801"}],"curies":[{"name":"wp","href":"https:\/\/api.w.org\/{rel}","templated":true}]}}