{"id":4692,"date":"2022-06-08T06:18:01","date_gmt":"2022-06-08T05:18:01","guid":{"rendered":"https:\/\/triptahiti.com\/privacy-policy\/"},"modified":"2024-02-27T11:49:26","modified_gmt":"2024-02-27T10:49:26","slug":"politica-de-privacidad","status":"publish","type":"page","link":"https:\/\/triptahiti.com\/es\/politica-de-privacidad\/","title":{"rendered":"Pol\u00edtica de privacidad"},"content":{"rendered":"<p><strong>1.- Informaci\u00f3n sobre el responsable del tratamiento de los datos personales:<\/strong><\/p>\n<p>La responsable del tratamiento de los datos recabados es la mercantil CR\u00c1NEO PREVILEGIADO S.L., con domicilio social en C\/ Copenhague 15, 28822, Coslada, Madrid, Espa\u00f1a, debidamente inscrita en el Registro Mercantil de Madrid al Tomo 31.989, Libro: 0, Folio 14, Secci\u00f3n 8, Hoja: M- 575.635 con C.I.F.: B86930716. En adelante TRIPTAHITI.<\/p>\n<p>Puedes contactar de forma directa y efectiva con TRIPTAHITI en la direcci\u00f3n de correo electr\u00f3nico: <a href=\"mailto:info@triptahiti.com\">info@triptahiti.com<\/a>.<\/p>\n<p><strong>2.- Finalidad del tratamiento de los datos personales:<\/strong><\/p>\n<p><strong>2.1. Categor\u00eda de los datos recabados:<\/strong> Los datos personales recabados son datos identificativos que en ning\u00fan caso tienen la consideraci\u00f3n de categor\u00edas especiales de datos ni datos relativos a condenas o infracciones penales.<\/p>\n<p><strong>2.2. \u00bfCon qu\u00e9 finalidad trataremos tus datos personales?<\/strong> En TRIPTAHITI trataremos los datos personales recabados, con las siguientes finalidades:<\/p>\n<ul>\n<li>a) Env\u00edo de informaci\u00f3n solicitada por el interesado.<\/li>\n<li>b) Publicar los comentarios que realices en los blogs de TRIPTAHITI y en redes sociales e interactuar con las funcionalidades del Sitio Web.<\/li>\n<li>c) Remitir boletines (newsletters), as\u00ed como comunicaciones comerciales de promociones y\/o publicidad de los servicios y eventos de TRIPTAHITI a trav\u00e9s de diferentes medios. Te recordamos que tienes pleno derecho a oponerte al env\u00edo de comunicaciones comerciales en cualquier momento, remitiendo un correo electr\u00f3nico a la direcci\u00f3n <a href=\"mailto:info@triptahiti.com\">info@triptahiti.com<\/a><\/li>\n<\/ul>\n<p><strong>2.3. \u00bfPor cu\u00e1nto tiempo se conservan los datos personales recabados?<\/strong>: Los datos personales proporcionados se conservar\u00e1n mientras exista un inter\u00e9s mutuo para mantener el fin del tratamiento y durante el plazo por el cu\u00e1l pudieran derivarse responsabilidades por los servicios prestados al interesado, por ejemplo: 6 a\u00f1os en cuanto a libros de contabilidad, facturas, etc., seg\u00fan el Art. 30 del C\u00f3digo de Comercio, 5 a\u00f1os para ejercitar acciones personales sin plazo especial (art. 1.964 C\u00f3digo Civil); 4 a\u00f1os: Art. 66 y ss. de la Ley General Tributaria (impuestos, etc.).<\/p>\n<p>Cuando ya no sea necesario para tales fines, se suprimir\u00e1n con medidas de seguridad adecuadas para garantizar la seudonimizaci\u00f3n de los datos o la destrucci\u00f3n total de estos.<\/p>\n<p><strong>3.- Legitimaci\u00f3n:<\/strong> El tratamiento de tus datos se realiza sobre la base jur\u00eddica consistente en la legitimaci\u00f3n que otorga tu solicitud de informaci\u00f3n.<\/p>\n<p>En caso de que no nos facilites tus datos o lo hagas de forma err\u00f3nea o incompleta, no podremos atender tu solicitud, resultando del todo imposible proporcionarte la informaci\u00f3n solicitada o llevar a cabo la contrataci\u00f3n de los servicios.<\/p>\n<p>Tambi\u00e9n se legitimar\u00e1 el tratamiento de tus datos mediante la base jur\u00eddica del consentimiento libre, espec\u00edfico, inequ\u00edvoco e informado, poniendo a tu disposici\u00f3n la informaci\u00f3n sobre el tratamiento conforme a lo dispuesto en la normativa en materia de protecci\u00f3n de datos aplicable y articulando mecanismos para que de forma previa al acceso a tus datos, puedas acceder a esa informaci\u00f3n, y en caso de estar conforme, proceder a su aceptaci\u00f3n mediante una clara acci\u00f3n afirmativa, como por ejemplo el marcado de una casilla o checkbox.<\/p>\n<p>Insistimos en el hecho de que puedes retirar, en cualquier momento, el consentimiento que hayas prestado en su momento para cualquier finalidad espec\u00edfica, sin que ello afecte a la licitud del tratamiento basado en el consentimiento, previo a su revocaci\u00f3n.<\/p>\n<p><strong>4.- Destinatarios:<\/strong> Los datos no se comunicar\u00e1n a ning\u00fan tercero ajeno a TRIPTAHITI, salvo obligaci\u00f3n legal o se te informe de ello de forma expresa.<\/p>\n<p>TRIPTAHITI tiene contratados determinados servicios con empresas con las que tiene suscrito un contrato de Encargado de Tratamiento, conforme a lo establecido en la normativa aplicable en materia de protecci\u00f3n de datos, todos ellos establecidos en la Uni\u00f3n Europea.<\/p>\n<p><strong>5.- Derechos<\/strong>: Como interesado que nos has proporcionado tus datos personales, tienes pleno derecho a obtener confirmaci\u00f3n sobre si en TRIPTAHITI estamos tratando tus datos personales, y en concreto est\u00e1s facultado para ejercitar los siguientes derechos que la normativa en materia de protecci\u00f3n de datos te reconoce, conforme a lo previsto en la misma:<\/p>\n<p>\u2013 Derecho a revocar en cualquier momento el consentimiento prestado.<\/p>\n<p>\u2013 Derecho de ACCESO a tus datos personales<\/p>\n<ul>\n<li>Derecho de solicitar la RECTIFICACI\u00d3N de los datos inexactos<\/li>\n<li>Derecho de solicitar la SUPRESI\u00d3N de tus datos, cuando, entre otros motivos, los datos ya no sean necesarios para los fines que fueron recogidos.<\/li>\n<li>En determinadas circunstancias, podr\u00e1s solicitar la LIMITACI\u00d3N DEL TRATAMIENTO de tus datos, en cuyo caso \u00fanicamente los conservaremos para el ejercicio o la defensa de reclamaciones.<\/li>\n<li>En determinadas circunstancias y por motivos relacionados con tu situaci\u00f3n particular, podr\u00e1s ejercitar tu derecho de OPOSICI\u00d3N al tratamiento de tus datos. Dejaremos de tratar los datos, salvo por motivos leg\u00edtimos imperiosos, o el ejercicio o la defensa de posibles reclamaciones.<\/li>\n<li>En determinadas circunstancias y por motivos relacionados con tu situaci\u00f3n particular, podr\u00e1 solicitar su derecho a la PORTABILIDAD de los datos. Se trata de un derecho complementario al derecho de acceso, ya que permite obtener los datos que ha proporcionado a TRIPTAHITI en un formato estructurado, de uso com\u00fan y de lectura mec\u00e1nica, pudiendo ser transmitidos de forma directa a otra entidad previa petici\u00f3n del Interesado.<\/li>\n<\/ul>\n<p>Podr\u00e1s ejercer tales derechos solicitando por cualquier medio que deje constancia de su env\u00edo y de su recepci\u00f3n, expresando claramente tu voluntad en tal sentido y acompa\u00f1ando copia del DNI y\/o cualquier otra documentaci\u00f3n acreditativa de tu identidad, dirigi\u00e9ndote a la direcci\u00f3n de correo electr\u00f3nico: <a href=\"mailto:info@triptahiti.com\">info@triptahiti.com<\/a> o a la siguiente direcci\u00f3n postal:<\/p>\n<p>CR\u00c1NEO PREVILEGIADO S.L.<\/p>\n<p>C\/ Copenhague 15<\/p>\n<p>28.822 \u2013 Coslada \u2013 Madrid- Espa\u00f1a<\/p>\n<p>Adem\u00e1s, en caso de que consideres que se ha vulnerado cualquiera de tus derechos, como interesado, est\u00e1s facultado para presentar una reclamaci\u00f3n ante la Agencia Espa\u00f1ola de Protecci\u00f3n de Datos (AEPD), sita en C\/ Jorge Juan, 6, 28001-Madrid <a href=\"https:\/\/www.aepd.es\/es\">https:\/\/www.agpd.es\/<\/a> o a trav\u00e9s de la sede electr\u00f3nica de la AEPD: <a href=\"https:\/\/sedeagpd.gob.es\/sede-electronica-web\/\">https:\/\/sedeagpd.gob.es\/sede-electronica-web\/<\/a>.<\/p>\n<ul>\n<li><strong>Seguridad y actualizaci\u00f3n de tus datos personales:<\/strong> Con el objetivo de salvaguardar la seguridad de tus datos personales, te informamos que se han adoptado todas las medidas de \u00edndole t\u00e9cnica y organizativa necesarias para garantizar la seguridad de los datos personales suministrados. Todo ello para evitar su alteraci\u00f3n, p\u00e9rdida, y\/o tratamientos o accesos no autorizados, tal como exige la normativa, si bien la seguridad absoluta no existe.<\/li>\n<\/ul>\n<p>Es importante que, para que podamos mantener tus datos personales actualizados, nos informes siempre que se produzca una modificaci\u00f3n de estos.<\/p>\n<ul>\n<li><strong>Confidencialidad:<\/strong> Te informamos asimismo de que tus datos ser\u00e1n tratados con el m\u00e1ximo celo y confidencialidad por todo el personal que intervenga en cualquiera de las fases del tratamiento. No cederemos ni comunicaremos a ning\u00fan tercero tus datos, excepto en los casos legalmente previstos, o salvo que nos hubieras autorizado de forma expresa.<\/li>\n<\/ul>\n","protected":false},"excerpt":{"rendered":"<p>1.- Informaci\u00f3n sobre el responsable del tratamiento de los datos personales: La responsable del tratamiento de los datos recabados es la mercantil CR\u00c1NEO PREVILEGIADO S.L., [&hellip;]<\/p>\n","protected":false},"author":5,"featured_media":0,"parent":0,"menu_order":0,"comment_status":"closed","ping_status":"open","template":"","meta":{"footnotes":""},"class_list":["post-4692","page","type-page","status-publish","hentry"],"yoast_head":"<!-- This site is optimized with the Yoast SEO plugin v23.0 - https:\/\/yoast.com\/wordpress\/plugins\/seo\/ -->\n<title>Pol\u00edtica de privacidad - Triptahiti<\/title>\n<meta name=\"robots\" content=\"index, follow, max-snippet:-1, max-image-preview:large, max-video-preview:-1\" \/>\n<link rel=\"canonical\" href=\"https:\/\/triptahiti.com\/es\/politica-de-privacidad\/\" \/>\n<meta property=\"og:locale\" content=\"es_ES\" \/>\n<meta property=\"og:type\" content=\"article\" \/>\n<meta property=\"og:title\" content=\"Pol\u00edtica de privacidad - Triptahiti\" \/>\n<meta property=\"og:description\" content=\"1.- Informaci\u00f3n sobre el responsable del tratamiento de los datos personales: La responsable del tratamiento de los datos recabados es la mercantil CR\u00c1NEO PREVILEGIADO S.L., [&hellip;]\" \/>\n<meta property=\"og:url\" content=\"https:\/\/triptahiti.com\/es\/politica-de-privacidad\/\" \/>\n<meta property=\"og:site_name\" content=\"Triptahiti\" \/>\n<meta property=\"article:modified_time\" content=\"2024-02-27T10:49:26+00:00\" \/>\n<meta name=\"twitter:card\" content=\"summary_large_image\" \/>\n<meta name=\"twitter:label1\" content=\"Tiempo de lectura\" \/>\n\t<meta name=\"twitter:data1\" content=\"5 minutos\" \/>\n<script type=\"application\/ld+json\" class=\"yoast-schema-graph\">{\"@context\":\"https:\/\/schema.org\",\"@graph\":[{\"@type\":\"WebPage\",\"@id\":\"https:\/\/triptahiti.com\/es\/politica-de-privacidad\/\",\"url\":\"https:\/\/triptahiti.com\/es\/politica-de-privacidad\/\",\"name\":\"Pol\u00edtica de privacidad - Triptahiti\",\"isPartOf\":{\"@id\":\"https:\/\/triptahiti.com\/es\/#website\"},\"datePublished\":\"2022-06-08T05:18:01+00:00\",\"dateModified\":\"2024-02-27T10:49:26+00:00\",\"breadcrumb\":{\"@id\":\"https:\/\/triptahiti.com\/es\/politica-de-privacidad\/#breadcrumb\"},\"inLanguage\":\"es\",\"potentialAction\":[{\"@type\":\"ReadAction\",\"target\":[\"https:\/\/triptahiti.com\/es\/politica-de-privacidad\/\"]}]},{\"@type\":\"BreadcrumbList\",\"@id\":\"https:\/\/triptahiti.com\/es\/politica-de-privacidad\/#breadcrumb\",\"itemListElement\":[{\"@type\":\"ListItem\",\"position\":1,\"name\":\"Tahiti\",\"item\":\"https:\/\/triptahiti.com\/es\/\"},{\"@type\":\"ListItem\",\"position\":2,\"name\":\"Pol\u00edtica de privacidad\"}]},{\"@type\":\"WebSite\",\"@id\":\"https:\/\/triptahiti.com\/es\/#website\",\"url\":\"https:\/\/triptahiti.com\/es\/\",\"name\":\"Triptahiti\",\"description\":\"\",\"inLanguage\":\"es\"}]}<\/script>\n<!-- \/ Yoast SEO plugin. -->","yoast_head_json":{"title":"Pol\u00edtica de privacidad - Triptahiti","robots":{"index":"index","follow":"follow","max-snippet":"max-snippet:-1","max-image-preview":"max-image-preview:large","max-video-preview":"max-video-preview:-1"},"canonical":"https:\/\/triptahiti.com\/es\/politica-de-privacidad\/","og_locale":"es_ES","og_type":"article","og_title":"Pol\u00edtica de privacidad - Triptahiti","og_description":"1.- Informaci\u00f3n sobre el responsable del tratamiento de los datos personales: La responsable del tratamiento de los datos recabados es la mercantil CR\u00c1NEO PREVILEGIADO S.L., [&hellip;]","og_url":"https:\/\/triptahiti.com\/es\/politica-de-privacidad\/","og_site_name":"Triptahiti","article_modified_time":"2024-02-27T10:49:26+00:00","twitter_card":"summary_large_image","twitter_misc":{"Tiempo de lectura":"5 minutos"},"schema":{"@context":"https:\/\/schema.org","@graph":[{"@type":"WebPage","@id":"https:\/\/triptahiti.com\/es\/politica-de-privacidad\/","url":"https:\/\/triptahiti.com\/es\/politica-de-privacidad\/","name":"Pol\u00edtica de privacidad - Triptahiti","isPartOf":{"@id":"https:\/\/triptahiti.com\/es\/#website"},"datePublished":"2022-06-08T05:18:01+00:00","dateModified":"2024-02-27T10:49:26+00:00","breadcrumb":{"@id":"https:\/\/triptahiti.com\/es\/politica-de-privacidad\/#breadcrumb"},"inLanguage":"es","potentialAction":[{"@type":"ReadAction","target":["https:\/\/triptahiti.com\/es\/politica-de-privacidad\/"]}]},{"@type":"BreadcrumbList","@id":"https:\/\/triptahiti.com\/es\/politica-de-privacidad\/#breadcrumb","itemListElement":[{"@type":"ListItem","position":1,"name":"Tahiti","item":"https:\/\/triptahiti.com\/es\/"},{"@type":"ListItem","position":2,"name":"Pol\u00edtica de privacidad"}]},{"@type":"WebSite","@id":"https:\/\/triptahiti.com\/es\/#website","url":"https:\/\/triptahiti.com\/es\/","name":"Triptahiti","description":"","inLanguage":"es"}]}},"_links":{"self":[{"href":"https:\/\/triptahiti.com\/es\/wp-json\/wp\/v2\/pages\/4692","targetHints":{"allow":["GET"]}}],"collection":[{"href":"https:\/\/triptahiti.com\/es\/wp-json\/wp\/v2\/pages"}],"about":[{"href":"https:\/\/triptahiti.com\/es\/wp-json\/wp\/v2\/types\/page"}],"author":[{"embeddable":true,"href":"https:\/\/triptahiti.com\/es\/wp-json\/wp\/v2\/users\/5"}],"replies":[{"embeddable":true,"href":"https:\/\/triptahiti.com\/es\/wp-json\/wp\/v2\/comments?post=4692"}],"version-history":[{"count":2,"href":"https:\/\/triptahiti.com\/es\/wp-json\/wp\/v2\/pages\/4692\/revisions"}],"predecessor-version":[{"id":9942,"href":"https:\/\/triptahiti.com\/es\/wp-json\/wp\/v2\/pages\/4692\/revisions\/9942"}],"wp:attachment":[{"href":"https:\/\/triptahiti.com\/es\/wp-json\/wp\/v2\/media?parent=4692"}],"curies":[{"name":"wp","href":"https:\/\/api.w.org\/{rel}","templated":true}]}}